{"id":82,"date":"2012-03-09T21:51:52","date_gmt":"2012-03-09T21:51:52","guid":{"rendered":"http:\/\/adltexas.wpengine.com\/?page_id=82"},"modified":"2022-02-15T14:49:20","modified_gmt":"2022-02-15T20:49:20","slug":"frequently-asked-questions","status":"publish","type":"page","link":"https:\/\/adltexas.org\/es\/about-us\/frequently-asked-questions\/","title":{"rendered":"Preguntas frecuentes"},"content":{"rendered":"<h3 style=\"padding-top: 0;\">P: Estoy interesado en adoptar un animal de su refugio. \u00bfC\u00f3mo puedo hacerlo? \u00bfQu\u00e9 hay que hacer?<\/h3>\n<p>R: Le invitamos a venir a la Liga de Defensa Animal para conocer y pasar al menos 30 minutos con el animal que est\u00e1s considerando para ver si es el que mejor se adapta a su hogar, familia y estilo de vida. Si est\u00e1s interesado en adoptar al animal, deber\u00e1 rellenar una solicitud de adopci\u00f3n en nuestro centro de adopci\u00f3n. Un consejero de adopci\u00f3n revisar\u00e1 la solicitud con usted para ayudarle a asegurarse de que el animal que ha seleccionado ser\u00e1 un buen partido. Los posibles adoptantes deben tener al menos 18 a\u00f1os.<\/p>\n<p>Para facilitar el proceso de adopci\u00f3n, tenga en cuenta que en la mayor\u00eda de las adopciones se le pedir\u00e1 la siguiente informaci\u00f3n:<\/p>\n<ol>\n<li>Documento de identidad estatal o federal vigente con fotograf\u00eda (como el permiso de conducir o el carnet de identidad estatal)<\/li>\n<li>Si alquila, el nombre y n\u00famero de tel\u00e9fono delete de apartamentos, propietario o administrador de la propiedad.<\/li>\n<li>Si eres menor de 18 a\u00f1os y vives en casa de tus padres o guardianes, \u00e9stos deben estar presentes en el proceso de adopci\u00f3n.<\/li>\n<li>Historial veterinario de cualquier animal que se posea en la actualidad o en los \u00faltimos cinco a\u00f1os.<\/li>\n<\/ol>\n<h3>P: \u00bfPuedo llevarme una mascota a casa el mismo d\u00eda?<\/h3>\n<p>R: En la mayor\u00eda de los casos, s\u00ed. Una vez que haya completado la entrevista de adopci\u00f3n y haya sido aprobado, tardar\u00e1 aproximadamente 35 minutos en completar el papeleo de adopci\u00f3n para que pueda recibir a su nueva mascota.<\/p>\n<h3>P: \u00bfHay alguna forma de guardarme la mascota hasta que pueda ir a conocerla?<\/h3>\n<p>R: Todos los encuentros se realizan por orden de llegada. ADL no retiene mascotas y no puede garantizar que la mascota siga disponible en el momento de su visita. Si la mascota en la que estaba interesado est\u00e1s pendiente de adopci\u00f3n despu\u00e9s de un encuentro satisfactorio, nuestro personal de servicios para mascotas estar\u00e1 encantado de presentarle otras mascotas disponibles.<\/p>\n<h3>P: Tengo un perro en casa y estoy buscando otro. \u00bfHay algo especial que deba hacer?<\/h3>\n<p>R: S\u00ed. Le sugerimos que traiga a su mascota con correa (por favor, no utilice correas retr\u00e1ctiles\/flexibles) y con el certificado de vacunaci\u00f3n contra la rabia para que podamos organizar el encuentro entre las mascotas. Al igual que las personas, no todos los perros (tanto los suyos como los nuestros) se llevan bien con todos los dem\u00e1s perros que conocen. Pueden surgir problemas, y de hecho han surgido, al incorporar un nuevo perro a un hogar. Nuestro objetivo es detectar cualquier problema con antelaci\u00f3n para evitar el disgusto de una adopci\u00f3n devuelta, tanto para usted como para el animal.<\/p>\n<h3>P: \u00bfCu\u00e1nto cuesta adoptar de ADL y qu\u00e9 cubre?<\/h3>\n<p>R: Las tasas de adopci\u00f3n de nuestros animales de compa\u00f1\u00eda var\u00edan. Por favor, consulte con el Centro de Adopci\u00f3n en el momento de la adopci\u00f3n o cuando llegue por primera vez al Centro de Adopci\u00f3n de la Liga de Defensa Animal.<\/p>\n<p>Tenga en cuenta: Si una mascota tiene su vacuna contra la rabia, la mayor\u00eda de las ciudades y condados requieren una licencia de mascotas. Si usted reside en San Antonio o un \u00e1rea no incorporada del Condado de Bexar, un microchip es necesario para la concesi\u00f3n de licencias. No hay cuota requerida, pero usted tendr\u00e1 que registrar el microchip en su nombre despu\u00e9s de adoptar.  Su asesor de adopci\u00f3n puede explicarle el proceso.  Para otras ciudades y condados circundantes, usted tendr\u00e1 que ver su ciudad local \/ oficina del condado de etiquetas requeridas y las tasas correspondientes. Tenga en cuenta que no obtener una licencia para mascotas puede conllevar una multa.<\/p>\n<h3>P: \u00bfQu\u00e9 incluye la tasas de adopci\u00f3n de ADL?<\/h3>\n<p>A. Cada animal listo para adopci\u00f3n de ADL tiene lo siguiente:<\/p>\n<ul>\n<li>Todos han sido castrados.<\/li>\n<li>Todos han sido sometidos a un examen f\u00edsico de entrada: Este es s\u00f3lo un examen b\u00e1sico de entrada; le recomendamos que su veterinario revise a cualquier nueva mascota que llegue a su casa.<\/li>\n<li>Todos han recibido una vacunaci\u00f3n anual (DHPP o FVRCP) o un refuerzo inicial para cachorros y gatitos.<\/li>\n<li>Todos han sido vacunados contra la rabia si tienen edad suficiente.<\/li>\n<li>Los perros han sido vacunados contra la Bordetella (protege contra la tos de las perreras).<\/li>\n<li>Los perros se han sometido a una prueba del gusano del coraz\u00f3n (si tienen siete meses o m\u00e1s).<\/li>\n<li>Los perros est\u00e1n al d\u00eda en la prevenci\u00f3n del gusano del coraz\u00f3n.<\/li>\n<li>Los gatos se han sometido a una prueba del VIF (si tienen seis meses o m\u00e1s).<\/li>\n<li>Los gatos se han sometido a una prueba de leucemia felina.<\/li>\n<\/ul>\n<p>Cada mascota tambi\u00e9n est\u00e1 cubierta por una p\u00f3liza de seguro m\u00e9dico de 30 d\u00edas a trav\u00e9s de 24 Petwatch y tiene implantado un microchip (a trav\u00e9s de 24 PetWatch).<\/p>\n<h3>P: \u00bfTienen otros tipos de animales en adopci\u00f3n?<\/h3>\n<p>R: No. La Liga de Defensa de los Animales s\u00f3lo tiene perros y gatos como animales residentes.<\/p>\n<h3>P: \u00bfPuedo adoptar un animal que no est\u00e9 esterilizado?<\/h3>\n<p>R: No. Todos los animales de ADL han sido esterilizados o castrados. La mayor\u00eda de las mascotas disponibles para adopci\u00f3n en ADL llegaron aqu\u00ed como animales no deseados o callejeros. Nuestra misi\u00f3n es acabar con la superpoblaci\u00f3n.<\/p>\n<h3>P: Tenemos algunas preguntas sobre el animal; \u00bfhay alguien en la ADL que pueda ayudarnos a responderlas?<\/h3>\n<p>R: S\u00ed. Nuestros especialistas en atenci\u00f3n animal trabajan con estos animales todos los d\u00edas y estar\u00e1n encantados de responder a sus preguntas. Adem\u00e1s, el responsable del refugio y el adiestrador certificado de perros estar\u00e1n encantados de ayudarle. En algunos casos, puede ser necesario que hable con el responsable del refugio o con el adiestrador antes de la adopci\u00f3n para facilitar la transici\u00f3n del refugio al hogar. Recuerde que muchos de estos animales vienen de la calle o de hogares no deseados y pueden necesitar un poco de tiempo y cari\u00f1o para adaptarse a su nueva familia.<\/p>\n<p>Nuestro objetivo es ayudarle a encontrar a su nuevo mejor amigo y miembro de la familia para toda la vida. Tenga en cuenta que estas son directrices generales de adopci\u00f3n. Es posible que se solicite informaci\u00f3n adicional antes de completar cualquier adopci\u00f3n. La Liga de Defensa de los Animales se esfuerza por encontrar la mejor familia y la mejor pareja para cada una de las mascotas a nuestro cuidado. Teniendo en cuenta el inter\u00e9s superior de nuestros animales, nos reservamos el derecho de rechazar cualquier adopci\u00f3n.<\/p>","protected":false},"excerpt":{"rendered":"<p>Q: I am interested in adopting an animal from your shelter. How do I do this? What is required? A: We invite you to come to the Animal Defense League . . .<\/p>","protected":false},"author":1001021,"featured_media":0,"parent":964,"menu_order":0,"comment_status":"open","ping_status":"closed","template":"","meta":{"_acf_changed":false,"inline_featured_image":false,"_exactmetrics_skip_tracking":false,"_exactmetrics_sitenote_active":false,"_exactmetrics_sitenote_note":"","_exactmetrics_sitenote_category":0,"footnotes":""},"class_list":["post-82","page","type-page","status-publish"],"acf":[],"yoast_head":"<!-- This site is optimized with the Yoast SEO plugin v27.6 - https:\/\/yoast.com\/product\/yoast-seo-wordpress\/ -->\n<title>Frequently Asked Questions - Animal Defense League of Texas - SA<\/title>\n<meta name=\"description\" content=\"commonly asked questions about ADL\" \/>\n<meta name=\"robots\" content=\"index, follow, max-snippet:-1, max-image-preview:large, max-video-preview:-1\" \/>\n<link rel=\"canonical\" href=\"https:\/\/adltexas.org\/es\/about-us\/frequently-asked-questions\/\" \/>\n<meta property=\"og:locale\" content=\"es_MX\" \/>\n<meta property=\"og:type\" content=\"article\" \/>\n<meta property=\"og:title\" content=\"Frequently Asked Questions - Animal Defense League of Texas - SA\" \/>\n<meta property=\"og:description\" content=\"commonly asked questions about ADL\" \/>\n<meta property=\"og:url\" content=\"https:\/\/adltexas.org\/es\/about-us\/frequently-asked-questions\/\" \/>\n<meta property=\"og:site_name\" content=\"Animal Defense League of Texas - San Antonio\" \/>\n<meta property=\"article:publisher\" content=\"https:\/\/www.facebook.com\/adltexas\/\" \/>\n<meta property=\"article:modified_time\" content=\"2022-02-15T20:49:20+00:00\" \/>\n<meta name=\"twitter:card\" content=\"summary_large_image\" \/>\n<meta name=\"twitter:site\" content=\"@ADLofTX\" \/>\n<meta name=\"twitter:label1\" content=\"Est. reading time\" \/>\n\t<meta name=\"twitter:data1\" content=\"5 minutos\" \/>\n<script type=\"application\/ld+json\" class=\"yoast-schema-graph\">{\"@context\":\"https:\\\/\\\/schema.org\",\"@graph\":[{\"@type\":\"WebPage\",\"@id\":\"https:\\\/\\\/adltexas.org\\\/about-us\\\/frequently-asked-questions\\\/\",\"url\":\"https:\\\/\\\/adltexas.org\\\/about-us\\\/frequently-asked-questions\\\/\",\"name\":\"Frequently Asked Questions - Animal Defense League of Texas - SA\",\"isPartOf\":{\"@id\":\"https:\\\/\\\/adltexas.org\\\/#website\"},\"datePublished\":\"2012-03-09T21:51:52+00:00\",\"dateModified\":\"2022-02-15T20:49:20+00:00\",\"description\":\"commonly asked questions about ADL\",\"breadcrumb\":{\"@id\":\"https:\\\/\\\/adltexas.org\\\/about-us\\\/frequently-asked-questions\\\/#breadcrumb\"},\"inLanguage\":\"es\",\"potentialAction\":[{\"@type\":\"ReadAction\",\"target\":[\"https:\\\/\\\/adltexas.org\\\/about-us\\\/frequently-asked-questions\\\/\"]}]},{\"@type\":\"BreadcrumbList\",\"@id\":\"https:\\\/\\\/adltexas.org\\\/about-us\\\/frequently-asked-questions\\\/#breadcrumb\",\"itemListElement\":[{\"@type\":\"ListItem\",\"position\":1,\"name\":\"Home\",\"item\":\"https:\\\/\\\/adltexas.org\\\/\"},{\"@type\":\"ListItem\",\"position\":2,\"name\":\"About Us\",\"item\":\"https:\\\/\\\/adltexas.org\\\/about-us\\\/\"},{\"@type\":\"ListItem\",\"position\":3,\"name\":\"Frequently Asked Questions\"}]},{\"@type\":\"WebSite\",\"@id\":\"https:\\\/\\\/adltexas.org\\\/#website\",\"url\":\"https:\\\/\\\/adltexas.org\\\/\",\"name\":\"Animal Defense League of Texas - San Antonio\",\"description\":\"No Kill Animal Shelter, San Antonio, Texas\",\"publisher\":{\"@id\":\"https:\\\/\\\/adltexas.org\\\/#organization\"},\"potentialAction\":[{\"@type\":\"SearchAction\",\"target\":{\"@type\":\"EntryPoint\",\"urlTemplate\":\"https:\\\/\\\/adltexas.org\\\/?s={search_term_string}\"},\"query-input\":{\"@type\":\"PropertyValueSpecification\",\"valueRequired\":true,\"valueName\":\"search_term_string\"}}],\"inLanguage\":\"es\"},{\"@type\":\"Organization\",\"@id\":\"https:\\\/\\\/adltexas.org\\\/#organization\",\"name\":\"Animal Defense League of Texas\",\"url\":\"https:\\\/\\\/adltexas.org\\\/\",\"logo\":{\"@type\":\"ImageObject\",\"inLanguage\":\"es\",\"@id\":\"https:\\\/\\\/adltexas.org\\\/#\\\/schema\\\/logo\\\/image\\\/\",\"url\":\"https:\\\/\\\/i0.wp.com\\\/adltexas.org\\\/wp-content\\\/uploads\\\/2016\\\/05\\\/adl-logo-ty.gif?fit=140%2C140&ssl=1\",\"contentUrl\":\"https:\\\/\\\/i0.wp.com\\\/adltexas.org\\\/wp-content\\\/uploads\\\/2016\\\/05\\\/adl-logo-ty.gif?fit=140%2C140&ssl=1\",\"width\":140,\"height\":140,\"caption\":\"Animal Defense League of Texas\"},\"image\":{\"@id\":\"https:\\\/\\\/adltexas.org\\\/#\\\/schema\\\/logo\\\/image\\\/\"},\"sameAs\":[\"https:\\\/\\\/www.facebook.com\\\/adltexas\\\/\",\"https:\\\/\\\/x.com\\\/ADLofTX\",\"https:\\\/\\\/www.instagram.com\\\/animaldefenseleague\\\/\",\"https:\\\/\\\/www.linkedin.com\\\/company\\\/animal-defense-league\\\/\",\"https:\\\/\\\/www.youtube.com\\\/user\\\/adoptADL\"]}]}<\/script>\n<!-- \/ Yoast SEO plugin. -->","yoast_head_json":{"title":"Frequently Asked Questions - Animal Defense League of Texas - SA","description":"commonly asked questions about ADL","robots":{"index":"index","follow":"follow","max-snippet":"max-snippet:-1","max-image-preview":"max-image-preview:large","max-video-preview":"max-video-preview:-1"},"canonical":"https:\/\/adltexas.org\/es\/about-us\/frequently-asked-questions\/","og_locale":"es_MX","og_type":"article","og_title":"Frequently Asked Questions - Animal Defense League of Texas - SA","og_description":"commonly asked questions about ADL","og_url":"https:\/\/adltexas.org\/es\/about-us\/frequently-asked-questions\/","og_site_name":"Animal Defense League of Texas - San Antonio","article_publisher":"https:\/\/www.facebook.com\/adltexas\/","article_modified_time":"2022-02-15T20:49:20+00:00","twitter_card":"summary_large_image","twitter_site":"@ADLofTX","twitter_misc":{"Est. reading time":"5 minutos"},"schema":{"@context":"https:\/\/schema.org","@graph":[{"@type":"WebPage","@id":"https:\/\/adltexas.org\/about-us\/frequently-asked-questions\/","url":"https:\/\/adltexas.org\/about-us\/frequently-asked-questions\/","name":"Frequently Asked Questions - Animal Defense League of Texas - SA","isPartOf":{"@id":"https:\/\/adltexas.org\/#website"},"datePublished":"2012-03-09T21:51:52+00:00","dateModified":"2022-02-15T20:49:20+00:00","description":"commonly asked questions about ADL","breadcrumb":{"@id":"https:\/\/adltexas.org\/about-us\/frequently-asked-questions\/#breadcrumb"},"inLanguage":"es","potentialAction":[{"@type":"ReadAction","target":["https:\/\/adltexas.org\/about-us\/frequently-asked-questions\/"]}]},{"@type":"BreadcrumbList","@id":"https:\/\/adltexas.org\/about-us\/frequently-asked-questions\/#breadcrumb","itemListElement":[{"@type":"ListItem","position":1,"name":"Home","item":"https:\/\/adltexas.org\/"},{"@type":"ListItem","position":2,"name":"About Us","item":"https:\/\/adltexas.org\/about-us\/"},{"@type":"ListItem","position":3,"name":"Frequently Asked Questions"}]},{"@type":"WebSite","@id":"https:\/\/adltexas.org\/#website","url":"https:\/\/adltexas.org\/","name":"Liga de Defensa Animal de Texas - San Antonio","description":"Refugio para animales sin sacrificio, San Antonio, Texas","publisher":{"@id":"https:\/\/adltexas.org\/#organization"},"potentialAction":[{"@type":"SearchAction","target":{"@type":"EntryPoint","urlTemplate":"https:\/\/adltexas.org\/?s={search_term_string}"},"query-input":{"@type":"PropertyValueSpecification","valueRequired":true,"valueName":"search_term_string"}}],"inLanguage":"es"},{"@type":"Organization","@id":"https:\/\/adltexas.org\/#organization","name":"Liga de Defensa de los Animales de Texas","url":"https:\/\/adltexas.org\/","logo":{"@type":"ImageObject","inLanguage":"es","@id":"https:\/\/adltexas.org\/#\/schema\/logo\/image\/","url":"https:\/\/i0.wp.com\/adltexas.org\/wp-content\/uploads\/2016\/05\/adl-logo-ty.gif?fit=140%2C140&ssl=1","contentUrl":"https:\/\/i0.wp.com\/adltexas.org\/wp-content\/uploads\/2016\/05\/adl-logo-ty.gif?fit=140%2C140&ssl=1","width":140,"height":140,"caption":"Animal Defense League of Texas"},"image":{"@id":"https:\/\/adltexas.org\/#\/schema\/logo\/image\/"},"sameAs":["https:\/\/www.facebook.com\/adltexas\/","https:\/\/x.com\/ADLofTX","https:\/\/www.instagram.com\/animaldefenseleague\/","https:\/\/www.linkedin.com\/company\/animal-defense-league\/","https:\/\/www.youtube.com\/user\/adoptADL"]}]}},"_links":{"self":[{"href":"https:\/\/adltexas.org\/es\/wp-json\/wp\/v2\/pages\/82","targetHints":{"allow":["GET"]}}],"collection":[{"href":"https:\/\/adltexas.org\/es\/wp-json\/wp\/v2\/pages"}],"about":[{"href":"https:\/\/adltexas.org\/es\/wp-json\/wp\/v2\/types\/page"}],"author":[{"embeddable":true,"href":"https:\/\/adltexas.org\/es\/wp-json\/wp\/v2\/users\/1001021"}],"replies":[{"embeddable":true,"href":"https:\/\/adltexas.org\/es\/wp-json\/wp\/v2\/comments?post=82"}],"version-history":[{"count":0,"href":"https:\/\/adltexas.org\/es\/wp-json\/wp\/v2\/pages\/82\/revisions"}],"up":[{"embeddable":true,"href":"https:\/\/adltexas.org\/es\/wp-json\/wp\/v2\/pages\/964"}],"wp:attachment":[{"href":"https:\/\/adltexas.org\/es\/wp-json\/wp\/v2\/media?parent=82"}],"curies":[{"name":"wp","href":"https:\/\/api.w.org\/{rel}","templated":true}]}}