{"id":45635,"date":"2018-09-24T12:23:21","date_gmt":"2018-09-24T17:23:21","guid":{"rendered":"https:\/\/adltexas.org\/?page_id=45635"},"modified":"2026-04-27T11:35:23","modified_gmt":"2026-04-27T16:35:23","slug":"spayneuter","status":"publish","type":"page","link":"https:\/\/adltexas.org\/es\/spayneuter\/owned-cats-spay-neuter-services\/spayneuter\/","title":{"rendered":"Servicios de esterilizaci\u00f3n"},"content":{"rendered":"<h3 class=\"p1\" style=\"text-align: center;\">Gracias por tomar las medidas necesarias para garantizar que su mascota tenga una vida sana y feliz, y por ayudarnos a combatir la sobrepoblaci\u00f3n de animales de compa\u00f1\u00eda en nuestra comunidad.<\/h3>\n<p class=\"x_elementToProof\" data-ogsc=\"rgb(0, 0, 0)\"><strong>CUANDO<\/strong>:<\/p>\n<p data-pm-slice=\"1 1 []\">Tues 5\/5\/26<\/p>\n<p>Sat 5\/9\/6<\/p>\n<p>Tues 5\/12\/26<\/p>\n<p>Tues 5\/19\/26<\/p>\n<p>Sat 5\/23\/26<\/p>\n<p>Tues 5\/26\/26<\/p>\n<p>Sat 5\/30\/26<\/p>\n<p class=\"x_elementToProof\" data-ogsc=\"rgb(0, 0, 0)\"><strong>DONDE<\/strong>: Hospital ADL (<a href=\"http:\/\/11215 Iota Dr, San Antonio, TX 78217\">11215 Iota Dr., 78217<\/a>)<\/p>\n<div class=\"x_elementToProof\" data-ogsc=\"rgb(0, 0, 0)\">\n<p><strong>QU\u00c9<\/strong>: Servicios de esterilizaci\u00f3n y castraci\u00f3n para felinos de todas las edades <strong>3 meses - 8 a\u00f1os (m\u00ednimo 3 libras)<\/strong>. Si es necesario, la rabia y FVRCP se administrar\u00e1.<\/p>\n<\/div>\n<h4 class=\"x_elementToProof\" style=\"text-align: left;\" data-ogsc=\"rgb(0, 0, 0)\">**Si se RECHAZAN las vacunas, el propietario deber\u00e1 presentar una prueba del estado actual de vacunaci\u00f3n.**<\/h4>\n<h2 style=\"text-align: center;\"><span class=\"s1\"><br \/>\n<a class=\"acuity-embed-button\" style=\"background: #5fb8b9; color: #fff; padding: 8px 12px; border: 0px; -webkit-box-shadow: 0 -2px 0 rgba(0,0,0,0.15) inset; -moz-box-shadow: 0 -2px 0 rgba(0,0,0,0.15) inset; box-shadow: 0 -2px 0 rgba(0,0,0,0.15) inset; border-radius: 4px; text-decoration: none; display: inline-block;\" href=\"https:\/\/spayedcatsarehappycats.as.me\/schedule.php?calendarID=1031728\" target=\"_blank\" rel=\"noopener\">Concertar una cita<\/a><script src=\"https:\/\/embed.acuityscheduling.com\/embed\/button\/13293286.js\" async><\/script><\/span><\/h2>\n<p>&nbsp;<\/p>\n<div class=\"x_elementToProof\" data-ogsc=\"rgb(0, 0, 0)\"><b>El cirujano DVM tiene plena discreci\u00f3n para rechazar la cirug\u00eda en cualquier paciente que no se considere m\u00e9dicamente apto para el procedimiento.<\/b>\u200b<\/div>\n<p class=\"p2\"><b>Lea toda la informaci\u00f3n que figura a continuaci\u00f3n:<\/b><\/p>\n<ul class=\"ul1\">\n<li>Si necesita concertar una cita para m\u00e1s de una mascota, h\u00e1galo de una en una.<\/li>\n<li class=\"li1\">Las mascotas deben dejarse antes del <strong>8:00 a. m.<\/strong>\u00a0el d\u00eda de su cita.<\/li>\n<li class=\"li1\">La recogida despu\u00e9s de la cirug\u00eda se realizar\u00e1 el mismo d\u00eda entre <strong>3:00 p. m. y <\/strong><span class=\"s2\"><b>4:00 p. m.<\/b><\/span>. El hospital cerrar\u00e1 a las <span class=\"s2\"><b>5:00 p. m.<\/b><\/span>.<\/li>\n<li class=\"li1\">TODOS LOS GATOS deben ir en su propio transport\u00edn r\u00edgido (de pl\u00e1stico) que sea adecuado a su tama\u00f1o (ellos <b>DEBE<\/b> tener suficiente espacio para darse la vuelta c\u00f3modamente con un collar electr\u00f3nico). <span style=\"color: #ff0000;\"><b>NO SE ADMITIR\u00c1N TRANSPORTINES BLANDOS\/DE TELA NI CAJAS DE CART\u00d3N.<\/b><\/span><\/li>\n<li class=\"li1\"><span class=\"ui-provider a b c d e f g h i j k l m n o p q r s t u v w x y z ab ac ae af ag ah ai aj ak\" dir=\"ltr\">Todas las mascotas deben estar al d\u00eda con la vacuna contra la rabia. Si es necesario vacunarlas, lo haremos durante la visita (el costo est\u00e1 incluido en el paquete de esterilizaci\u00f3n\/castraci\u00f3n).<\/span><\/li>\n<li class=\"li1\">Todas las mascotas se ir\u00e1n a casa con un collar isabelino (cono i<span class=\"ui-provider a b c d e f g h i j k l m n o p q r s t u v w x y z ab ac ae af ag ah ai aj ak\" dir=\"ltr\">ncluido en el paquete S\/N<\/span>) para evitar que se muerda o lama cerca de la zona operada.<\/li>\n<li class=\"li1\">Habr\u00e1 un dep\u00f3sito no reembolsable de $50 (por mascota) para asegurar su cita. Este dep\u00f3sito se destinar\u00e1 al coste de la cirug\u00eda. Por favor, busque su tipo de cita y pagar su dep\u00f3sito a trav\u00e9s del sistema de programaci\u00f3n en los enlaces de abajo.<\/li>\n<\/ul>\n<h2 style=\"text-align: center;\"><\/h2>\n<p>&nbsp;<\/p>\n<table class=\"t1\" style=\"height: 811px;\" width=\"519\" cellspacing=\"0\" cellpadding=\"0\">\n<tbody>\n<tr>\n<td class=\"td1\" valign=\"top\">\n<p class=\"p1\" style=\"text-align: center;\"><b>Servicio<\/b><\/p>\n<\/td>\n<td class=\"td1\" valign=\"top\">\n<p class=\"p1\" style=\"text-align: center;\"><b>Coste<\/b><\/p>\n<\/td>\n<\/tr>\n<tr>\n<td class=\"td1\" valign=\"top\">\n<p class=\"p2\" style=\"text-align: center;\">Esterilizaci\u00f3n rutinaria de gatos y gatitos<\/p>\n<\/td>\n<td class=\"td1\" valign=\"top\">\n<p class=\"p2\" style=\"text-align: center;\">$100<\/p>\n<\/td>\n<\/tr>\n<tr>\n<td class=\"td1\" valign=\"top\">\n<p class=\"p2\" style=\"text-align: center;\">Esterilizaci\u00f3n de rutina<\/p>\n<\/td>\n<td class=\"td1\" valign=\"top\">\n<p class=\"p2\" style=\"text-align: center;\">$85<\/p>\n<\/td>\n<\/tr>\n<tr>\n<td class=\"td1\" valign=\"top\">\n<p class=\"p2\" style=\"text-align: center;\">Non-Routine Spay (pregnant, in heat)<\/p>\n<\/td>\n<td class=\"td1\" valign=\"top\">\n<p class=\"p2\" style=\"text-align: center;\">$125<\/p>\n<\/td>\n<\/tr>\n<tr>\n<td class=\"td1\" valign=\"top\">\n<p class=\"p2\" style=\"text-align: center;\">Criptorquidia inguinal no rutinaria<\/p>\n<\/td>\n<td class=\"td1\" valign=\"top\">\n<p class=\"p2\" style=\"text-align: center;\">$110<\/p>\n<\/td>\n<\/tr>\n<tr>\n<td class=\"td1\" valign=\"top\">\n<p class=\"p2\" style=\"text-align: center;\">Esterilizaci\u00f3n abdominal no rutinaria de criptorquidia<\/p>\n<\/td>\n<td class=\"td1\" valign=\"top\">\n<p class=\"p2\" style=\"text-align: center;\">$135<\/p>\n<\/td>\n<\/tr>\n<tr>\n<td class=\"td1\" valign=\"top\">\n<p class=\"p4\" style=\"text-align: center;\"><b>Complementos<\/b><\/p>\n<\/td>\n<td class=\"td1\" valign=\"top\"><\/td>\n<\/tr>\n<tr>\n<td class=\"td1\" valign=\"top\">\n<p class=\"p2\" style=\"text-align: center;\">Microchip<\/p>\n<\/td>\n<td class=\"td1\" valign=\"top\">\n<p class=\"p2\" style=\"text-align: center;\">$20.00<\/p>\n<\/td>\n<\/tr>\n<tr>\n<td class=\"td1\" valign=\"top\">\n<p class=\"p2\" style=\"text-align: center;\">Prueba combinada<\/p>\n<\/td>\n<td class=\"td1\" valign=\"top\">\n<p class=\"p2\" style=\"text-align: center;\">$30.00<\/p>\n<\/td>\n<\/tr>\n<tr>\n<td class=\"td1\" valign=\"top\">\n<p class=\"p2\" style=\"text-align: center;\">Prueba FeLV<\/p>\n<\/td>\n<td class=\"td1\" valign=\"top\">\n<p class=\"p2\" style=\"text-align: center;\">$20.00<\/p>\n<\/td>\n<\/tr>\n<tr>\n<td class=\"td1\" valign=\"top\">\n<p class=\"p2\" style=\"text-align: center;\">Prevenci\u00f3n t\u00f3pica contra pulgas y garrapatas Provecta<\/p>\n<\/td>\n<td class=\"td1\" valign=\"top\">\n<p class=\"p2\" style=\"text-align: center;\">$6,25 por dosis\/mes<\/p>\n<\/td>\n<\/tr>\n<tr>\n<td class=\"td1\" valign=\"top\">\n<p class=\"p2\" style=\"text-align: center;\">\n<\/td>\n<td class=\"td1\" valign=\"top\"><\/td>\n<\/tr>\n<\/tbody>\n<\/table>","protected":false},"excerpt":{"rendered":"<p>Thank you for taking the necessary steps to ensure your pet has a healthy, happy life and for helping us combat the overpopulation of companion animals in our community. WHEN: . . .<\/p>","protected":false},"author":1001037,"featured_media":0,"parent":45636,"menu_order":0,"comment_status":"closed","ping_status":"closed","template":"","meta":{"_acf_changed":false,"inline_featured_image":false,"_exactmetrics_skip_tracking":false,"_exactmetrics_sitenote_active":false,"_exactmetrics_sitenote_note":"","_exactmetrics_sitenote_category":0,"footnotes":""},"class_list":["post-45635","page","type-page","status-publish"],"acf":{"flex_tf_header_image":true,"flex_image":"https:\/\/adltexas.org\/wp-content\/uploads\/2024\/04\/20221216_143601.jpg","flexible_page_content":false},"yoast_head":"<!-- This site is optimized with the Yoast SEO plugin v27.5 - https:\/\/yoast.com\/product\/yoast-seo-wordpress\/ -->\n<title>Spay\/Neuter Services - Animal Defense League of Texas - San Antonio<\/title>\n<meta name=\"robots\" content=\"index, follow, max-snippet:-1, max-image-preview:large, max-video-preview:-1\" \/>\n<link rel=\"canonical\" href=\"https:\/\/adltexas.org\/es\/spayneuter\/owned-cats-spay-neuter-services\/spayneuter\/\" \/>\n<meta property=\"og:locale\" content=\"es_MX\" \/>\n<meta property=\"og:type\" content=\"article\" \/>\n<meta property=\"og:title\" content=\"Spay\/Neuter Services - Animal Defense League of Texas - San Antonio\" \/>\n<meta property=\"og:description\" content=\"Thank you for taking the necessary steps to ensure your pet has a healthy, happy life and for helping us combat the overpopulation of companion animals in our community. WHEN: . . .\" \/>\n<meta property=\"og:url\" content=\"https:\/\/adltexas.org\/es\/spayneuter\/owned-cats-spay-neuter-services\/spayneuter\/\" \/>\n<meta property=\"og:site_name\" content=\"Animal Defense League of Texas - San Antonio\" \/>\n<meta property=\"article:publisher\" content=\"https:\/\/www.facebook.com\/adltexas\/\" \/>\n<meta property=\"article:modified_time\" content=\"2026-04-27T16:35:23+00:00\" \/>\n<meta name=\"twitter:card\" content=\"summary_large_image\" \/>\n<meta name=\"twitter:site\" content=\"@ADLofTX\" \/>\n<meta name=\"twitter:label1\" content=\"Est. reading time\" \/>\n\t<meta name=\"twitter:data1\" content=\"2 minutos\" \/>\n<script type=\"application\/ld+json\" class=\"yoast-schema-graph\">{\"@context\":\"https:\\\/\\\/schema.org\",\"@graph\":[{\"@type\":\"WebPage\",\"@id\":\"https:\\\/\\\/adltexas.org\\\/spayneuter\\\/owned-cats-spay-neuter-services\\\/spayneuter\\\/\",\"url\":\"https:\\\/\\\/adltexas.org\\\/spayneuter\\\/owned-cats-spay-neuter-services\\\/spayneuter\\\/\",\"name\":\"Spay\\\/Neuter Services - Animal Defense League of Texas - San Antonio\",\"isPartOf\":{\"@id\":\"https:\\\/\\\/adltexas.org\\\/#website\"},\"datePublished\":\"2018-09-24T17:23:21+00:00\",\"dateModified\":\"2026-04-27T16:35:23+00:00\",\"breadcrumb\":{\"@id\":\"https:\\\/\\\/adltexas.org\\\/spayneuter\\\/owned-cats-spay-neuter-services\\\/spayneuter\\\/#breadcrumb\"},\"inLanguage\":\"es\",\"potentialAction\":[{\"@type\":\"ReadAction\",\"target\":[\"https:\\\/\\\/adltexas.org\\\/spayneuter\\\/owned-cats-spay-neuter-services\\\/spayneuter\\\/\"]}]},{\"@type\":\"BreadcrumbList\",\"@id\":\"https:\\\/\\\/adltexas.org\\\/spayneuter\\\/owned-cats-spay-neuter-services\\\/spayneuter\\\/#breadcrumb\",\"itemListElement\":[{\"@type\":\"ListItem\",\"position\":1,\"name\":\"Home\",\"item\":\"https:\\\/\\\/adltexas.org\\\/\"},{\"@type\":\"ListItem\",\"position\":2,\"name\":\"Spay\\\/Neuter Services\",\"item\":\"https:\\\/\\\/adltexas.org\\\/spayneuter\\\/\"},{\"@type\":\"ListItem\",\"position\":3,\"name\":\"Owned Cats Spay\\\/Neuter Services\",\"item\":\"https:\\\/\\\/adltexas.org\\\/spayneuter\\\/owned-cats-spay-neuter-services\\\/\"},{\"@type\":\"ListItem\",\"position\":4,\"name\":\"Spay\\\/Neuter Services\"}]},{\"@type\":\"WebSite\",\"@id\":\"https:\\\/\\\/adltexas.org\\\/#website\",\"url\":\"https:\\\/\\\/adltexas.org\\\/\",\"name\":\"Animal Defense League of Texas - San Antonio\",\"description\":\"No Kill Animal Shelter, San Antonio, Texas\",\"publisher\":{\"@id\":\"https:\\\/\\\/adltexas.org\\\/#organization\"},\"potentialAction\":[{\"@type\":\"SearchAction\",\"target\":{\"@type\":\"EntryPoint\",\"urlTemplate\":\"https:\\\/\\\/adltexas.org\\\/?s={search_term_string}\"},\"query-input\":{\"@type\":\"PropertyValueSpecification\",\"valueRequired\":true,\"valueName\":\"search_term_string\"}}],\"inLanguage\":\"es\"},{\"@type\":\"Organization\",\"@id\":\"https:\\\/\\\/adltexas.org\\\/#organization\",\"name\":\"Animal Defense League of Texas\",\"url\":\"https:\\\/\\\/adltexas.org\\\/\",\"logo\":{\"@type\":\"ImageObject\",\"inLanguage\":\"es\",\"@id\":\"https:\\\/\\\/adltexas.org\\\/#\\\/schema\\\/logo\\\/image\\\/\",\"url\":\"https:\\\/\\\/i0.wp.com\\\/adltexas.org\\\/wp-content\\\/uploads\\\/2016\\\/05\\\/adl-logo-ty.gif?fit=140%2C140&ssl=1\",\"contentUrl\":\"https:\\\/\\\/i0.wp.com\\\/adltexas.org\\\/wp-content\\\/uploads\\\/2016\\\/05\\\/adl-logo-ty.gif?fit=140%2C140&ssl=1\",\"width\":140,\"height\":140,\"caption\":\"Animal Defense League of Texas\"},\"image\":{\"@id\":\"https:\\\/\\\/adltexas.org\\\/#\\\/schema\\\/logo\\\/image\\\/\"},\"sameAs\":[\"https:\\\/\\\/www.facebook.com\\\/adltexas\\\/\",\"https:\\\/\\\/x.com\\\/ADLofTX\",\"https:\\\/\\\/www.instagram.com\\\/animaldefenseleague\\\/\",\"https:\\\/\\\/www.linkedin.com\\\/company\\\/animal-defense-league\\\/\",\"https:\\\/\\\/www.youtube.com\\\/user\\\/adoptADL\"]}]}<\/script>\n<!-- \/ Yoast SEO plugin. -->","yoast_head_json":{"title":"Spay\/Neuter Services - Animal Defense League of Texas - San Antonio","robots":{"index":"index","follow":"follow","max-snippet":"max-snippet:-1","max-image-preview":"max-image-preview:large","max-video-preview":"max-video-preview:-1"},"canonical":"https:\/\/adltexas.org\/es\/spayneuter\/owned-cats-spay-neuter-services\/spayneuter\/","og_locale":"es_MX","og_type":"article","og_title":"Spay\/Neuter Services - Animal Defense League of Texas - San Antonio","og_description":"Thank you for taking the necessary steps to ensure your pet has a healthy, happy life and for helping us combat the overpopulation of companion animals in our community. WHEN: . . .","og_url":"https:\/\/adltexas.org\/es\/spayneuter\/owned-cats-spay-neuter-services\/spayneuter\/","og_site_name":"Animal Defense League of Texas - San Antonio","article_publisher":"https:\/\/www.facebook.com\/adltexas\/","article_modified_time":"2026-04-27T16:35:23+00:00","twitter_card":"summary_large_image","twitter_site":"@ADLofTX","twitter_misc":{"Est. reading time":"2 minutos"},"schema":{"@context":"https:\/\/schema.org","@graph":[{"@type":"WebPage","@id":"https:\/\/adltexas.org\/spayneuter\/owned-cats-spay-neuter-services\/spayneuter\/","url":"https:\/\/adltexas.org\/spayneuter\/owned-cats-spay-neuter-services\/spayneuter\/","name":"Spay\/Neuter Services - Animal Defense League of Texas - San Antonio","isPartOf":{"@id":"https:\/\/adltexas.org\/#website"},"datePublished":"2018-09-24T17:23:21+00:00","dateModified":"2026-04-27T16:35:23+00:00","breadcrumb":{"@id":"https:\/\/adltexas.org\/spayneuter\/owned-cats-spay-neuter-services\/spayneuter\/#breadcrumb"},"inLanguage":"es","potentialAction":[{"@type":"ReadAction","target":["https:\/\/adltexas.org\/spayneuter\/owned-cats-spay-neuter-services\/spayneuter\/"]}]},{"@type":"BreadcrumbList","@id":"https:\/\/adltexas.org\/spayneuter\/owned-cats-spay-neuter-services\/spayneuter\/#breadcrumb","itemListElement":[{"@type":"ListItem","position":1,"name":"Home","item":"https:\/\/adltexas.org\/"},{"@type":"ListItem","position":2,"name":"Spay\/Neuter Services","item":"https:\/\/adltexas.org\/spayneuter\/"},{"@type":"ListItem","position":3,"name":"Owned Cats Spay\/Neuter Services","item":"https:\/\/adltexas.org\/spayneuter\/owned-cats-spay-neuter-services\/"},{"@type":"ListItem","position":4,"name":"Spay\/Neuter Services"}]},{"@type":"WebSite","@id":"https:\/\/adltexas.org\/#website","url":"https:\/\/adltexas.org\/","name":"Liga de Defensa Animal de Texas - San Antonio","description":"Refugio para animales sin sacrificio, San Antonio, Texas","publisher":{"@id":"https:\/\/adltexas.org\/#organization"},"potentialAction":[{"@type":"SearchAction","target":{"@type":"EntryPoint","urlTemplate":"https:\/\/adltexas.org\/?s={search_term_string}"},"query-input":{"@type":"PropertyValueSpecification","valueRequired":true,"valueName":"search_term_string"}}],"inLanguage":"es"},{"@type":"Organization","@id":"https:\/\/adltexas.org\/#organization","name":"Liga de Defensa de los Animales de Texas","url":"https:\/\/adltexas.org\/","logo":{"@type":"ImageObject","inLanguage":"es","@id":"https:\/\/adltexas.org\/#\/schema\/logo\/image\/","url":"https:\/\/i0.wp.com\/adltexas.org\/wp-content\/uploads\/2016\/05\/adl-logo-ty.gif?fit=140%2C140&ssl=1","contentUrl":"https:\/\/i0.wp.com\/adltexas.org\/wp-content\/uploads\/2016\/05\/adl-logo-ty.gif?fit=140%2C140&ssl=1","width":140,"height":140,"caption":"Animal Defense League of Texas"},"image":{"@id":"https:\/\/adltexas.org\/#\/schema\/logo\/image\/"},"sameAs":["https:\/\/www.facebook.com\/adltexas\/","https:\/\/x.com\/ADLofTX","https:\/\/www.instagram.com\/animaldefenseleague\/","https:\/\/www.linkedin.com\/company\/animal-defense-league\/","https:\/\/www.youtube.com\/user\/adoptADL"]}]}},"_links":{"self":[{"href":"https:\/\/adltexas.org\/es\/wp-json\/wp\/v2\/pages\/45635","targetHints":{"allow":["GET"]}}],"collection":[{"href":"https:\/\/adltexas.org\/es\/wp-json\/wp\/v2\/pages"}],"about":[{"href":"https:\/\/adltexas.org\/es\/wp-json\/wp\/v2\/types\/page"}],"author":[{"embeddable":true,"href":"https:\/\/adltexas.org\/es\/wp-json\/wp\/v2\/users\/1001037"}],"replies":[{"embeddable":true,"href":"https:\/\/adltexas.org\/es\/wp-json\/wp\/v2\/comments?post=45635"}],"version-history":[{"count":0,"href":"https:\/\/adltexas.org\/es\/wp-json\/wp\/v2\/pages\/45635\/revisions"}],"up":[{"embeddable":true,"href":"https:\/\/adltexas.org\/es\/wp-json\/wp\/v2\/pages\/45636"}],"wp:attachment":[{"href":"https:\/\/adltexas.org\/es\/wp-json\/wp\/v2\/media?parent=45635"}],"curies":[{"name":"wp","href":"https:\/\/api.w.org\/{rel}","templated":true}]}}