{"id":44990,"date":"2018-07-27T18:06:48","date_gmt":"2018-07-27T23:06:48","guid":{"rendered":"https:\/\/adltexas.org\/?page_id=44990"},"modified":"2022-04-12T11:03:40","modified_gmt":"2022-04-12T16:03:40","slug":"main-campus","status":"publish","type":"page","link":"https:\/\/adltexas.org\/es\/main-campus\/","title":{"rendered":"Campus de Nacogdoches"},"content":{"rendered":"<p><img data-recalc-dims=\"1\" loading=\"lazy\" decoding=\"async\" class=\"wp-image-44988 aligncenter\" src=\"https:\/\/i0.wp.com\/adltexas.org\/wp-content\/uploads\/2018\/07\/ADL-main-campus.jpg?resize=536%2C285&#038;ssl=1\" alt=\"\" width=\"536\" height=\"285\" srcset=\"https:\/\/i0.wp.com\/adltexas.org\/wp-content\/uploads\/2018\/07\/ADL-main-campus.jpg?w=470&amp;ssl=1 470w, https:\/\/i0.wp.com\/adltexas.org\/wp-content\/uploads\/2018\/07\/ADL-main-campus.jpg?resize=300%2C160&amp;ssl=1 300w, https:\/\/i0.wp.com\/adltexas.org\/wp-content\/uploads\/2018\/07\/ADL-main-campus.jpg?resize=460%2C245&amp;ssl=1 460w\" sizes=\"auto, (max-width: 536px) 100vw, 536px\" \/><\/p>\n<p>Nuestro Campus de Nacogdoches abarca m\u00e1s de 12 acres e incluye un parque de mascotas de dos acres para pasear, jugar e interactuar con nuestras mascotas adoptables. En esta misma ubicaci\u00f3n, junto a Iota Drive, se encuentra nuestro hospital veterinario de 5.000 pies cuadrados que ofrece cirug\u00eda de esterilizaci\u00f3n\/castraci\u00f3n in situ, atenci\u00f3n m\u00e9dica continua para todos los animales residentes de ADL y cl\u00ednicas de bienestar p\u00fablicas de bajo coste. Adem\u00e1s de nuestros 6 edificios de perreras que albergan a nuestros perros y cachorros adoptables, tambi\u00e9n tenemos una gatera interactiva con varias salas de gatos en libertad para que los visites.<\/p>\n<p><strong><u>Direcci\u00f3n:<\/u><\/strong><\/p>\n<p>11300 Nacogdoches Rd., San Antonio, TX 78217<br \/>\n<strong>Horario del refugio:\u00a0<\/strong>De 11:00 a 19:00 todos los d\u00edas (se aceptan solicitudes de adopci\u00f3n hasta las 18:30)<br \/>\n<strong>Horario del hospital: <\/strong>De lunes a viernes, de 9.00 a 17.00 h.; s\u00e1bados, de 10.00 a 14.00 h.; domingos, cerrado.<\/p>\n<p><strong><a href=\"\/es\/news-events\/calendar-of-events\/\">Visite nuestro calendario de eventos para conocer los pr\u00f3ximos actos, ofertas especiales de adopci\u00f3n y horarios de vacaciones.<\/a><\/strong><\/p>\n<div class=\"iframe-flexible-container-map\"><iframe loading=\"lazy\" src=\"http:\/\/maps.google.com\/maps?q=11300+Nacogdoches+Rd+San+Antonio,+TX+78217-2318&amp;oe=utf-8&amp;client=firefox-a&amp;ie=UTF8&amp;hq=&amp;hnear=11300+Nacogdoches+Rd,+San+Antonio,+Texas+78217&amp;t=m&amp;ll=29.541876,-98.418531&amp;spn=0.022402,0.025749&amp;z=14&amp;iwloc=A&amp;output=embed\" width=\"300\" height=\"300\" frameborder=\"0\" marginwidth=\"0\" marginheight=\"0\" scrolling=\"no\"><\/iframe><br \/>\n<a style=\"color: #0000ff; text-align: left;\" href=\"http:\/\/maps.google.com\/maps?q=11300+Nacogdoches+Rd+San+Antonio,+TX+78217-2318&amp;oe=utf-8&amp;client=firefox-a&amp;ie=UTF8&amp;hq=&amp;hnear=11300+Nacogdoches+Rd,+San+Antonio,+Texas+78217&amp;t=m&amp;ll=29.541876,-98.418531&amp;spn=0.022402,0.025749&amp;z=14&amp;iwloc=A&amp;source=embed\">Ver mapa m\u00e1s grande<\/a><\/div>","protected":false},"excerpt":{"rendered":"<p>Our Nacogdoches Campus encompasses more than 12 acres and includes a two-acre pet park to walk, play, and interact with our adoptable pets. At this same location, off of Iota . . .<\/p>","protected":false},"author":1001021,"featured_media":0,"parent":0,"menu_order":0,"comment_status":"closed","ping_status":"closed","template":"","meta":{"_acf_changed":false,"inline_featured_image":false,"_exactmetrics_skip_tracking":false,"_exactmetrics_sitenote_active":false,"_exactmetrics_sitenote_note":"","_exactmetrics_sitenote_category":0,"footnotes":""},"class_list":["post-44990","page","type-page","status-publish"],"acf":[],"yoast_head":"<!-- This site is optimized with the Yoast SEO plugin v27.5 - https:\/\/yoast.com\/product\/yoast-seo-wordpress\/ -->\n<title>Nacogdoches Campus - Animal Defense League of Texas - San Antonio<\/title>\n<meta name=\"robots\" content=\"index, follow, max-snippet:-1, max-image-preview:large, max-video-preview:-1\" \/>\n<link rel=\"canonical\" href=\"https:\/\/adltexas.org\/es\/locations__trashed\/main-campus\/\" \/>\n<meta property=\"og:locale\" content=\"es_MX\" \/>\n<meta property=\"og:type\" content=\"article\" \/>\n<meta property=\"og:title\" content=\"Nacogdoches Campus - Animal Defense League of Texas - San Antonio\" \/>\n<meta property=\"og:description\" content=\"Our Nacogdoches Campus encompasses more than 12 acres and includes a two-acre pet park to walk, play, and interact with our adoptable pets. At this same location, off of Iota . . .\" \/>\n<meta property=\"og:url\" content=\"https:\/\/adltexas.org\/es\/locations__trashed\/main-campus\/\" \/>\n<meta property=\"og:site_name\" content=\"Animal Defense League of Texas - San Antonio\" \/>\n<meta property=\"article:publisher\" content=\"https:\/\/www.facebook.com\/adltexas\/\" \/>\n<meta property=\"article:modified_time\" content=\"2022-04-12T16:03:40+00:00\" \/>\n<meta property=\"og:image\" content=\"https:\/\/adltexas.org\/wp-content\/uploads\/2018\/07\/ADL-main-campus.jpg\" \/>\n<meta name=\"twitter:card\" content=\"summary_large_image\" \/>\n<meta name=\"twitter:site\" content=\"@ADLofTX\" \/>\n<meta name=\"twitter:label1\" content=\"Est. reading time\" \/>\n\t<meta name=\"twitter:data1\" content=\"1 minuto\" \/>\n<script type=\"application\/ld+json\" class=\"yoast-schema-graph\">{\"@context\":\"https:\\\/\\\/schema.org\",\"@graph\":[{\"@type\":\"WebPage\",\"@id\":\"https:\\\/\\\/adltexas.org\\\/locations__trashed\\\/main-campus\\\/\",\"url\":\"https:\\\/\\\/adltexas.org\\\/locations__trashed\\\/main-campus\\\/\",\"name\":\"Nacogdoches Campus - Animal Defense League of Texas - San Antonio\",\"isPartOf\":{\"@id\":\"https:\\\/\\\/adltexas.org\\\/#website\"},\"primaryImageOfPage\":{\"@id\":\"https:\\\/\\\/adltexas.org\\\/locations__trashed\\\/main-campus\\\/#primaryimage\"},\"image\":{\"@id\":\"https:\\\/\\\/adltexas.org\\\/locations__trashed\\\/main-campus\\\/#primaryimage\"},\"thumbnailUrl\":\"https:\\\/\\\/adltexas.org\\\/wp-content\\\/uploads\\\/2018\\\/07\\\/ADL-main-campus.jpg\",\"datePublished\":\"2018-07-27T23:06:48+00:00\",\"dateModified\":\"2022-04-12T16:03:40+00:00\",\"breadcrumb\":{\"@id\":\"https:\\\/\\\/adltexas.org\\\/locations__trashed\\\/main-campus\\\/#breadcrumb\"},\"inLanguage\":\"es\",\"potentialAction\":[{\"@type\":\"ReadAction\",\"target\":[\"https:\\\/\\\/adltexas.org\\\/locations__trashed\\\/main-campus\\\/\"]}]},{\"@type\":\"ImageObject\",\"inLanguage\":\"es\",\"@id\":\"https:\\\/\\\/adltexas.org\\\/locations__trashed\\\/main-campus\\\/#primaryimage\",\"url\":\"https:\\\/\\\/adltexas.org\\\/wp-content\\\/uploads\\\/2018\\\/07\\\/ADL-main-campus.jpg\",\"contentUrl\":\"https:\\\/\\\/adltexas.org\\\/wp-content\\\/uploads\\\/2018\\\/07\\\/ADL-main-campus.jpg\"},{\"@type\":\"BreadcrumbList\",\"@id\":\"https:\\\/\\\/adltexas.org\\\/locations__trashed\\\/main-campus\\\/#breadcrumb\",\"itemListElement\":[{\"@type\":\"ListItem\",\"position\":1,\"name\":\"Home\",\"item\":\"https:\\\/\\\/adltexas.org\\\/\"},{\"@type\":\"ListItem\",\"position\":2,\"name\":\"Nacogdoches Campus\"}]},{\"@type\":\"WebSite\",\"@id\":\"https:\\\/\\\/adltexas.org\\\/#website\",\"url\":\"https:\\\/\\\/adltexas.org\\\/\",\"name\":\"Animal Defense League of Texas - San Antonio\",\"description\":\"No Kill Animal Shelter, San Antonio, Texas\",\"publisher\":{\"@id\":\"https:\\\/\\\/adltexas.org\\\/#organization\"},\"potentialAction\":[{\"@type\":\"SearchAction\",\"target\":{\"@type\":\"EntryPoint\",\"urlTemplate\":\"https:\\\/\\\/adltexas.org\\\/?s={search_term_string}\"},\"query-input\":{\"@type\":\"PropertyValueSpecification\",\"valueRequired\":true,\"valueName\":\"search_term_string\"}}],\"inLanguage\":\"es\"},{\"@type\":\"Organization\",\"@id\":\"https:\\\/\\\/adltexas.org\\\/#organization\",\"name\":\"Animal Defense League of Texas\",\"url\":\"https:\\\/\\\/adltexas.org\\\/\",\"logo\":{\"@type\":\"ImageObject\",\"inLanguage\":\"es\",\"@id\":\"https:\\\/\\\/adltexas.org\\\/#\\\/schema\\\/logo\\\/image\\\/\",\"url\":\"https:\\\/\\\/i0.wp.com\\\/adltexas.org\\\/wp-content\\\/uploads\\\/2016\\\/05\\\/adl-logo-ty.gif?fit=140%2C140&ssl=1\",\"contentUrl\":\"https:\\\/\\\/i0.wp.com\\\/adltexas.org\\\/wp-content\\\/uploads\\\/2016\\\/05\\\/adl-logo-ty.gif?fit=140%2C140&ssl=1\",\"width\":140,\"height\":140,\"caption\":\"Animal Defense League of Texas\"},\"image\":{\"@id\":\"https:\\\/\\\/adltexas.org\\\/#\\\/schema\\\/logo\\\/image\\\/\"},\"sameAs\":[\"https:\\\/\\\/www.facebook.com\\\/adltexas\\\/\",\"https:\\\/\\\/x.com\\\/ADLofTX\",\"https:\\\/\\\/www.instagram.com\\\/animaldefenseleague\\\/\",\"https:\\\/\\\/www.linkedin.com\\\/company\\\/animal-defense-league\\\/\",\"https:\\\/\\\/www.youtube.com\\\/user\\\/adoptADL\"]}]}<\/script>\n<!-- \/ Yoast SEO plugin. -->","yoast_head_json":{"title":"Nacogdoches Campus - Animal Defense League of Texas - San Antonio","robots":{"index":"index","follow":"follow","max-snippet":"max-snippet:-1","max-image-preview":"max-image-preview:large","max-video-preview":"max-video-preview:-1"},"canonical":"https:\/\/adltexas.org\/es\/locations__trashed\/main-campus\/","og_locale":"es_MX","og_type":"article","og_title":"Nacogdoches Campus - Animal Defense League of Texas - San Antonio","og_description":"Our Nacogdoches Campus encompasses more than 12 acres and includes a two-acre pet park to walk, play, and interact with our adoptable pets. At this same location, off of Iota . . .","og_url":"https:\/\/adltexas.org\/es\/locations__trashed\/main-campus\/","og_site_name":"Animal Defense League of Texas - San Antonio","article_publisher":"https:\/\/www.facebook.com\/adltexas\/","article_modified_time":"2022-04-12T16:03:40+00:00","og_image":[{"url":"https:\/\/adltexas.org\/wp-content\/uploads\/2018\/07\/ADL-main-campus.jpg","type":"","width":"","height":""}],"twitter_card":"summary_large_image","twitter_site":"@ADLofTX","twitter_misc":{"Est. reading time":"1 minuto"},"schema":{"@context":"https:\/\/schema.org","@graph":[{"@type":"WebPage","@id":"https:\/\/adltexas.org\/locations__trashed\/main-campus\/","url":"https:\/\/adltexas.org\/locations__trashed\/main-campus\/","name":"Nacogdoches Campus - Animal Defense League of Texas - San Antonio","isPartOf":{"@id":"https:\/\/adltexas.org\/#website"},"primaryImageOfPage":{"@id":"https:\/\/adltexas.org\/locations__trashed\/main-campus\/#primaryimage"},"image":{"@id":"https:\/\/adltexas.org\/locations__trashed\/main-campus\/#primaryimage"},"thumbnailUrl":"https:\/\/adltexas.org\/wp-content\/uploads\/2018\/07\/ADL-main-campus.jpg","datePublished":"2018-07-27T23:06:48+00:00","dateModified":"2022-04-12T16:03:40+00:00","breadcrumb":{"@id":"https:\/\/adltexas.org\/locations__trashed\/main-campus\/#breadcrumb"},"inLanguage":"es","potentialAction":[{"@type":"ReadAction","target":["https:\/\/adltexas.org\/locations__trashed\/main-campus\/"]}]},{"@type":"ImageObject","inLanguage":"es","@id":"https:\/\/adltexas.org\/locations__trashed\/main-campus\/#primaryimage","url":"https:\/\/adltexas.org\/wp-content\/uploads\/2018\/07\/ADL-main-campus.jpg","contentUrl":"https:\/\/adltexas.org\/wp-content\/uploads\/2018\/07\/ADL-main-campus.jpg"},{"@type":"BreadcrumbList","@id":"https:\/\/adltexas.org\/locations__trashed\/main-campus\/#breadcrumb","itemListElement":[{"@type":"ListItem","position":1,"name":"Home","item":"https:\/\/adltexas.org\/"},{"@type":"ListItem","position":2,"name":"Nacogdoches Campus"}]},{"@type":"WebSite","@id":"https:\/\/adltexas.org\/#website","url":"https:\/\/adltexas.org\/","name":"Liga de Defensa Animal de Texas - San Antonio","description":"Refugio para animales sin sacrificio, San Antonio, Texas","publisher":{"@id":"https:\/\/adltexas.org\/#organization"},"potentialAction":[{"@type":"SearchAction","target":{"@type":"EntryPoint","urlTemplate":"https:\/\/adltexas.org\/?s={search_term_string}"},"query-input":{"@type":"PropertyValueSpecification","valueRequired":true,"valueName":"search_term_string"}}],"inLanguage":"es"},{"@type":"Organization","@id":"https:\/\/adltexas.org\/#organization","name":"Liga de Defensa de los Animales de Texas","url":"https:\/\/adltexas.org\/","logo":{"@type":"ImageObject","inLanguage":"es","@id":"https:\/\/adltexas.org\/#\/schema\/logo\/image\/","url":"https:\/\/i0.wp.com\/adltexas.org\/wp-content\/uploads\/2016\/05\/adl-logo-ty.gif?fit=140%2C140&ssl=1","contentUrl":"https:\/\/i0.wp.com\/adltexas.org\/wp-content\/uploads\/2016\/05\/adl-logo-ty.gif?fit=140%2C140&ssl=1","width":140,"height":140,"caption":"Animal Defense League of Texas"},"image":{"@id":"https:\/\/adltexas.org\/#\/schema\/logo\/image\/"},"sameAs":["https:\/\/www.facebook.com\/adltexas\/","https:\/\/x.com\/ADLofTX","https:\/\/www.instagram.com\/animaldefenseleague\/","https:\/\/www.linkedin.com\/company\/animal-defense-league\/","https:\/\/www.youtube.com\/user\/adoptADL"]}]}},"_links":{"self":[{"href":"https:\/\/adltexas.org\/es\/wp-json\/wp\/v2\/pages\/44990","targetHints":{"allow":["GET"]}}],"collection":[{"href":"https:\/\/adltexas.org\/es\/wp-json\/wp\/v2\/pages"}],"about":[{"href":"https:\/\/adltexas.org\/es\/wp-json\/wp\/v2\/types\/page"}],"author":[{"embeddable":true,"href":"https:\/\/adltexas.org\/es\/wp-json\/wp\/v2\/users\/1001021"}],"replies":[{"embeddable":true,"href":"https:\/\/adltexas.org\/es\/wp-json\/wp\/v2\/comments?post=44990"}],"version-history":[{"count":0,"href":"https:\/\/adltexas.org\/es\/wp-json\/wp\/v2\/pages\/44990\/revisions"}],"wp:attachment":[{"href":"https:\/\/adltexas.org\/es\/wp-json\/wp\/v2\/media?parent=44990"}],"curies":[{"name":"wp","href":"https:\/\/api.w.org\/{rel}","templated":true}]}}