{"id":44929,"date":"2018-07-23T16:51:16","date_gmt":"2018-07-23T21:51:16","guid":{"rendered":"https:\/\/adltexas.org\/?page_id=44929"},"modified":"2019-07-24T18:08:59","modified_gmt":"2019-07-24T23:08:59","slug":"consejos-para-calentar-mascotas","status":"publish","type":"page","link":"https:\/\/adltexas.org\/es\/online-resources\/pet-heat-tips\/","title":{"rendered":"Consejos para cuidar a tus mascotas durante el calor"},"content":{"rendered":"<p>El sol y el calor pueden ser tan mortales para las mascotas como lo son para los humanos. \u00a1Aqu\u00ed tienes algunos consejos para mantener a tus mascotas m\u00e1s seguras cuando las temperaturas exteriores comienzan a subir!<\/p>\n<h2>\u00a1No dejes a tus mascotas en el veh\u00edculo!<\/h2>\n<p>El interior de cualquier veh\u00edculo puede alcanzar temperaturas insoportables que pueden matar r\u00e1pidamente a tu mascota en cuesti\u00f3n de minutos. \u00a1Nunca intentes dejar a tu mascota dentro del coche ni siquiera un minuto! Considera la posibilidad de pasar por un drive-thru si es posible, elegir lugares que admitan mascotas para llevarla contigo o pedirle a un amigo que se quede en el coche con ella con el aire acondicionado encendido. Si no puedes hacer ninguna de estas cosas, lo mejor es dejar a tu mascota en casa.<\/p>\n<p><a href=\"https:\/\/i0.wp.com\/adltexas.org\/wp-content\/uploads\/2018\/07\/hot-cars_infographic-ASPCA.png?ssl=1\" data-rel=\"lightbox-image-0\" data-rl_title=\"\" data-rl_caption=\"\" title=\"\"><img data-recalc-dims=\"1\" loading=\"lazy\" decoding=\"async\" class=\"alignnone wp-image-44930\" src=\"https:\/\/i0.wp.com\/adltexas.org\/wp-content\/uploads\/2018\/07\/hot-cars_infographic-ASPCA.png?resize=480%2C497&#038;ssl=1\" alt=\"\" width=\"480\" height=\"497\" \/><\/a><\/p>\n<h2>Las aceras y el asfalto calientes pueden quemar las patas.<\/h2>\n<p><em><strong>\u00a1Incluso a 70 grados, la temperatura del asfalto puede alcanzar los 125 grados!<\/strong><\/em><\/p>\n<p>Cuando hace mucho calor, el asfalto puede convertirse en una plancha y quemar las patas de tu mascota. Si no est\u00e1s seguro, toca el asfalto con la mano durante unos segundos para comprobar lo caliente que est\u00e1. Si te quema a ti, \u00a1tambi\u00e9n les quema a ellos! Considere pasear a su perro temprano por la ma\u00f1ana o al atardecer, cuando las temperaturas son m\u00e1s frescas. Intente mantener a su mascota en una zona con c\u00e9sped cuando hace calor. Tambi\u00e9n puede comprar botas para perros dise\u00f1adas espec\u00edficamente para proteger sus patas de las superficies calientes. Existe adem\u00e1s una cera para patas que puede aplicarles para ayudar a proteger sus pies del calor.<\/p>\n<p><a href=\"https:\/\/i0.wp.com\/adltexas.org\/wp-content\/uploads\/2018\/07\/too-hot-to-trot.jpg?ssl=1\" data-rel=\"lightbox-image-1\" data-rl_title=\"\" data-rl_caption=\"\" title=\"\"><img data-recalc-dims=\"1\" loading=\"lazy\" decoding=\"async\" class=\"alignnone wp-image-44934\" src=\"https:\/\/i0.wp.com\/adltexas.org\/wp-content\/uploads\/2018\/07\/too-hot-to-trot.jpg?resize=645%2C941&#038;ssl=1\" alt=\"\" width=\"645\" height=\"941\" \/><\/a><\/p>\n<h2>Proporcione mucha sombra y agua.<\/h2>\n<p>Limite el tiempo que su mascota pasa al aire libre durante condiciones clim\u00e1ticas extremas. Proporcione siempre abundante agua fresca para que se mantenga hidratada y zonas con sombra para que se mantenga fresca. Una almohadilla refrigerante tambi\u00e9n puede ayudarla a refrescarse. Si a su perro le encanta el agua, considere proporcionarle una piscina infantil para que se sumerja en ella. Si hay una alerta por calor, lo mejor es mantener a sus mascotas en el interior, con aire acondicionado.<\/p>\n<p><a href=\"https:\/\/i0.wp.com\/adltexas.org\/wp-content\/uploads\/2018\/07\/Warner-1.jpg?ssl=1\" data-rel=\"lightbox-image-2\" data-rl_title=\"\" data-rl_caption=\"\" title=\"\"><img data-recalc-dims=\"1\" loading=\"lazy\" decoding=\"async\" class=\"alignnone wp-image-44932\" src=\"https:\/\/i0.wp.com\/adltexas.org\/wp-content\/uploads\/2018\/07\/Warner-1.jpg?resize=570%2C366&#038;ssl=1\" alt=\"\" width=\"570\" height=\"366\" \/><\/a><\/p>\n<h2>S\u00edntomas de deshidrataci\u00f3n o golpe de calor<\/h2>\n<p>Recomendamos mantener a las mascotas en el interior tanto como sea posible. Especialmente durante los d\u00edas calurosos de verano y en condiciones clim\u00e1ticas extremas. Recuerde que algunas mascotas son m\u00e1s propensas a sufrir golpes de calor y deshidrataci\u00f3n, como las mascotas m\u00e1s j\u00f3venes, las de edad avanzada, las que tienen pelaje grueso, las razas de nariz chata, los animales con problemas card\u00edacos y otras afecciones m\u00e9dicas. Si est\u00e1 al aire libre con su perro, \u00a1no lo pierda de vista! Los siguientes s\u00edntomas pueden ser signos de deshidrataci\u00f3n o golpe de calor:<\/p>\n<ul>\n<li>Jadeo excesivo<\/li>\n<li>Nariz seca<\/li>\n<li>Enc\u00edas enrojecidas<\/li>\n<li>Frecuencia card\u00edaca acelerada<\/li>\n<li>Debilidad<\/li>\n<li>Tambaleante al caminar<\/li>\n<li>Ojos hundidos o secos<\/li>\n<\/ul>\n<p>&nbsp;<\/p>\n<p>&nbsp;<\/p>\n<p>&nbsp;<\/p>","protected":false},"excerpt":{"rendered":"<p>El sol y el calor pueden ser tan mortales para las mascotas como lo son para los humanos. Aqu\u00ed hay algunos consejos sobre c\u00f3mo mantener a sus mascotas m\u00e1s seguras... .<\/p>","protected":false},"author":1001021,"featured_media":0,"parent":31,"menu_order":0,"comment_status":"closed","ping_status":"closed","template":"","meta":{"_acf_changed":false,"inline_featured_image":false,"_exactmetrics_skip_tracking":false,"_exactmetrics_sitenote_active":false,"_exactmetrics_sitenote_note":"","_exactmetrics_sitenote_category":0,"footnotes":""},"class_list":["post-44929","page","type-page","status-publish"],"acf":[],"yoast_head":"<!-- This site is optimized with the Yoast SEO plugin v27.3 - https:\/\/yoast.com\/product\/yoast-seo-wordpress\/ -->\n<title>Pet Heat Tips - Animal Defense League of Texas - San Antonio<\/title>\n<meta name=\"robots\" content=\"index, follow, max-snippet:-1, max-image-preview:large, max-video-preview:-1\" \/>\n<link rel=\"canonical\" href=\"https:\/\/adltexas.org\/es\/recursos-en-linea\/consejos-para-calentar-mascotas\/\" \/>\n<meta property=\"og:locale\" content=\"es_MX\" \/>\n<meta property=\"og:type\" content=\"article\" \/>\n<meta property=\"og:title\" content=\"Pet Heat Tips - Animal Defense League of Texas - San Antonio\" \/>\n<meta property=\"og:description\" content=\"The sun and heat can be deadly to pets just as much as it can be to humans. Here are some tips on how to keep your pets extra safe . . .\" \/>\n<meta property=\"og:url\" content=\"https:\/\/adltexas.org\/es\/recursos-en-linea\/consejos-para-calentar-mascotas\/\" \/>\n<meta property=\"og:site_name\" content=\"Animal Defense League of Texas - San Antonio\" \/>\n<meta property=\"article:publisher\" content=\"https:\/\/www.facebook.com\/adltexas\/\" \/>\n<meta property=\"article:modified_time\" content=\"2019-07-24T23:08:59+00:00\" \/>\n<meta property=\"og:image\" content=\"https:\/\/adltexas.org\/wp-content\/uploads\/2018\/07\/hot-cars_infographic-ASPCA.png\" \/>\n<meta name=\"twitter:card\" content=\"summary_large_image\" \/>\n<meta name=\"twitter:site\" content=\"@ADLofTX\" \/>\n<meta name=\"twitter:label1\" content=\"Est. reading time\" \/>\n\t<meta name=\"twitter:data1\" content=\"2 minutos\" \/>\n<script type=\"application\/ld+json\" class=\"yoast-schema-graph\">{\"@context\":\"https:\\\/\\\/schema.org\",\"@graph\":[{\"@type\":\"WebPage\",\"@id\":\"https:\\\/\\\/adltexas.org\\\/online-resources\\\/pet-heat-tips\\\/\",\"url\":\"https:\\\/\\\/adltexas.org\\\/online-resources\\\/pet-heat-tips\\\/\",\"name\":\"Pet Heat Tips - Animal Defense League of Texas - San Antonio\",\"isPartOf\":{\"@id\":\"https:\\\/\\\/adltexas.org\\\/#website\"},\"primaryImageOfPage\":{\"@id\":\"https:\\\/\\\/adltexas.org\\\/online-resources\\\/pet-heat-tips\\\/#primaryimage\"},\"image\":{\"@id\":\"https:\\\/\\\/adltexas.org\\\/online-resources\\\/pet-heat-tips\\\/#primaryimage\"},\"thumbnailUrl\":\"https:\\\/\\\/adltexas.org\\\/wp-content\\\/uploads\\\/2018\\\/07\\\/hot-cars_infographic-ASPCA.png\",\"datePublished\":\"2018-07-23T21:51:16+00:00\",\"dateModified\":\"2019-07-24T23:08:59+00:00\",\"breadcrumb\":{\"@id\":\"https:\\\/\\\/adltexas.org\\\/online-resources\\\/pet-heat-tips\\\/#breadcrumb\"},\"inLanguage\":\"es\",\"potentialAction\":[{\"@type\":\"ReadAction\",\"target\":[\"https:\\\/\\\/adltexas.org\\\/online-resources\\\/pet-heat-tips\\\/\"]}]},{\"@type\":\"ImageObject\",\"inLanguage\":\"es\",\"@id\":\"https:\\\/\\\/adltexas.org\\\/online-resources\\\/pet-heat-tips\\\/#primaryimage\",\"url\":\"https:\\\/\\\/adltexas.org\\\/wp-content\\\/uploads\\\/2018\\\/07\\\/hot-cars_infographic-ASPCA.png\",\"contentUrl\":\"https:\\\/\\\/adltexas.org\\\/wp-content\\\/uploads\\\/2018\\\/07\\\/hot-cars_infographic-ASPCA.png\"},{\"@type\":\"BreadcrumbList\",\"@id\":\"https:\\\/\\\/adltexas.org\\\/online-resources\\\/pet-heat-tips\\\/#breadcrumb\",\"itemListElement\":[{\"@type\":\"ListItem\",\"position\":1,\"name\":\"Home\",\"item\":\"https:\\\/\\\/adltexas.org\\\/\"},{\"@type\":\"ListItem\",\"position\":2,\"name\":\"Pet Education\",\"item\":\"https:\\\/\\\/adltexas.org\\\/online-resources\\\/\"},{\"@type\":\"ListItem\",\"position\":3,\"name\":\"Pet Heat Tips\"}]},{\"@type\":\"WebSite\",\"@id\":\"https:\\\/\\\/adltexas.org\\\/#website\",\"url\":\"https:\\\/\\\/adltexas.org\\\/\",\"name\":\"Animal Defense League of Texas - San Antonio\",\"description\":\"No Kill Animal Shelter, San Antonio, Texas\",\"publisher\":{\"@id\":\"https:\\\/\\\/adltexas.org\\\/#organization\"},\"potentialAction\":[{\"@type\":\"SearchAction\",\"target\":{\"@type\":\"EntryPoint\",\"urlTemplate\":\"https:\\\/\\\/adltexas.org\\\/?s={search_term_string}\"},\"query-input\":{\"@type\":\"PropertyValueSpecification\",\"valueRequired\":true,\"valueName\":\"search_term_string\"}}],\"inLanguage\":\"es\"},{\"@type\":\"Organization\",\"@id\":\"https:\\\/\\\/adltexas.org\\\/#organization\",\"name\":\"Animal Defense League of Texas\",\"url\":\"https:\\\/\\\/adltexas.org\\\/\",\"logo\":{\"@type\":\"ImageObject\",\"inLanguage\":\"es\",\"@id\":\"https:\\\/\\\/adltexas.org\\\/#\\\/schema\\\/logo\\\/image\\\/\",\"url\":\"https:\\\/\\\/i0.wp.com\\\/adltexas.org\\\/wp-content\\\/uploads\\\/2016\\\/05\\\/adl-logo-ty.gif?fit=140%2C140&ssl=1\",\"contentUrl\":\"https:\\\/\\\/i0.wp.com\\\/adltexas.org\\\/wp-content\\\/uploads\\\/2016\\\/05\\\/adl-logo-ty.gif?fit=140%2C140&ssl=1\",\"width\":140,\"height\":140,\"caption\":\"Animal Defense League of Texas\"},\"image\":{\"@id\":\"https:\\\/\\\/adltexas.org\\\/#\\\/schema\\\/logo\\\/image\\\/\"},\"sameAs\":[\"https:\\\/\\\/www.facebook.com\\\/adltexas\\\/\",\"https:\\\/\\\/x.com\\\/ADLofTX\",\"https:\\\/\\\/www.instagram.com\\\/animaldefenseleague\\\/\",\"https:\\\/\\\/www.linkedin.com\\\/company\\\/animal-defense-league\\\/\",\"https:\\\/\\\/www.youtube.com\\\/user\\\/adoptADL\"]}]}<\/script>\n<!-- \/ Yoast SEO plugin. -->","yoast_head_json":{"title":"Consejos para cuidar a las mascotas durante el calor - Liga de Defensa Animal de Texas - San Antonio","robots":{"index":"index","follow":"follow","max-snippet":"max-snippet:-1","max-image-preview":"max-image-preview:large","max-video-preview":"max-video-preview:-1"},"canonical":"https:\/\/adltexas.org\/es\/recursos-en-linea\/consejos-para-calentar-mascotas\/","og_locale":"es_MX","og_type":"article","og_title":"Pet Heat Tips - Animal Defense League of Texas - San Antonio","og_description":"The sun and heat can be deadly to pets just as much as it can be to humans. Here are some tips on how to keep your pets extra safe . . .","og_url":"https:\/\/adltexas.org\/es\/recursos-en-linea\/consejos-para-calentar-mascotas\/","og_site_name":"Animal Defense League of Texas - San Antonio","article_publisher":"https:\/\/www.facebook.com\/adltexas\/","article_modified_time":"2019-07-24T23:08:59+00:00","og_image":[{"url":"https:\/\/adltexas.org\/wp-content\/uploads\/2018\/07\/hot-cars_infographic-ASPCA.png","type":"","width":"","height":""}],"twitter_card":"summary_large_image","twitter_site":"@ADLofTX","twitter_misc":{"Est. reading time":"2 minutos"},"schema":{"@context":"https:\/\/schema.org","@graph":[{"@type":"WebPage","@id":"https:\/\/adltexas.org\/online-resources\/pet-heat-tips\/","url":"https:\/\/adltexas.org\/online-resources\/pet-heat-tips\/","name":"Consejos para cuidar a las mascotas durante el calor - Liga de Defensa Animal de Texas - San Antonio","isPartOf":{"@id":"https:\/\/adltexas.org\/#website"},"primaryImageOfPage":{"@id":"https:\/\/adltexas.org\/online-resources\/pet-heat-tips\/#primaryimage"},"image":{"@id":"https:\/\/adltexas.org\/online-resources\/pet-heat-tips\/#primaryimage"},"thumbnailUrl":"https:\/\/adltexas.org\/wp-content\/uploads\/2018\/07\/hot-cars_infographic-ASPCA.png","datePublished":"2018-07-23T21:51:16+00:00","dateModified":"2019-07-24T23:08:59+00:00","breadcrumb":{"@id":"https:\/\/adltexas.org\/online-resources\/pet-heat-tips\/#breadcrumb"},"inLanguage":"es","potentialAction":[{"@type":"ReadAction","target":["https:\/\/adltexas.org\/online-resources\/pet-heat-tips\/"]}]},{"@type":"ImageObject","inLanguage":"es","@id":"https:\/\/adltexas.org\/online-resources\/pet-heat-tips\/#primaryimage","url":"https:\/\/adltexas.org\/wp-content\/uploads\/2018\/07\/hot-cars_infographic-ASPCA.png","contentUrl":"https:\/\/adltexas.org\/wp-content\/uploads\/2018\/07\/hot-cars_infographic-ASPCA.png"},{"@type":"BreadcrumbList","@id":"https:\/\/adltexas.org\/online-resources\/pet-heat-tips\/#breadcrumb","itemListElement":[{"@type":"ListItem","position":1,"name":"Home","item":"https:\/\/adltexas.org\/"},{"@type":"ListItem","position":2,"name":"Pet Education","item":"https:\/\/adltexas.org\/online-resources\/"},{"@type":"ListItem","position":3,"name":"Pet Heat Tips"}]},{"@type":"WebSite","@id":"https:\/\/adltexas.org\/#website","url":"https:\/\/adltexas.org\/","name":"Liga de Defensa Animal de Texas - San Antonio","description":"Refugio para animales sin sacrificio, San Antonio, Texas","publisher":{"@id":"https:\/\/adltexas.org\/#organization"},"potentialAction":[{"@type":"SearchAction","target":{"@type":"EntryPoint","urlTemplate":"https:\/\/adltexas.org\/?s={search_term_string}"},"query-input":{"@type":"PropertyValueSpecification","valueRequired":true,"valueName":"search_term_string"}}],"inLanguage":"es"},{"@type":"Organization","@id":"https:\/\/adltexas.org\/#organization","name":"Liga de Defensa de los Animales de Texas","url":"https:\/\/adltexas.org\/","logo":{"@type":"ImageObject","inLanguage":"es","@id":"https:\/\/adltexas.org\/#\/schema\/logo\/image\/","url":"https:\/\/i0.wp.com\/adltexas.org\/wp-content\/uploads\/2016\/05\/adl-logo-ty.gif?fit=140%2C140&ssl=1","contentUrl":"https:\/\/i0.wp.com\/adltexas.org\/wp-content\/uploads\/2016\/05\/adl-logo-ty.gif?fit=140%2C140&ssl=1","width":140,"height":140,"caption":"Animal Defense League of Texas"},"image":{"@id":"https:\/\/adltexas.org\/#\/schema\/logo\/image\/"},"sameAs":["https:\/\/www.facebook.com\/adltexas\/","https:\/\/x.com\/ADLofTX","https:\/\/www.instagram.com\/animaldefenseleague\/","https:\/\/www.linkedin.com\/company\/animal-defense-league\/","https:\/\/www.youtube.com\/user\/adoptADL"]}]}},"_links":{"self":[{"href":"https:\/\/adltexas.org\/es\/wp-json\/wp\/v2\/pages\/44929","targetHints":{"allow":["GET"]}}],"collection":[{"href":"https:\/\/adltexas.org\/es\/wp-json\/wp\/v2\/pages"}],"about":[{"href":"https:\/\/adltexas.org\/es\/wp-json\/wp\/v2\/types\/page"}],"author":[{"embeddable":true,"href":"https:\/\/adltexas.org\/es\/wp-json\/wp\/v2\/users\/1001021"}],"replies":[{"embeddable":true,"href":"https:\/\/adltexas.org\/es\/wp-json\/wp\/v2\/comments?post=44929"}],"version-history":[{"count":0,"href":"https:\/\/adltexas.org\/es\/wp-json\/wp\/v2\/pages\/44929\/revisions"}],"up":[{"embeddable":true,"href":"https:\/\/adltexas.org\/es\/wp-json\/wp\/v2\/pages\/31"}],"wp:attachment":[{"href":"https:\/\/adltexas.org\/es\/wp-json\/wp\/v2\/media?parent=44929"}],"curies":[{"name":"wp","href":"https:\/\/api.w.org\/{rel}","templated":true}]}}