{"id":44317,"date":"2018-06-07T13:17:57","date_gmt":"2018-06-07T18:17:57","guid":{"rendered":"https:\/\/adltexas.org\/?page_id=44317"},"modified":"2018-06-07T13:41:34","modified_gmt":"2018-06-07T18:41:34","slug":"kitten-tips","status":"publish","type":"page","link":"https:\/\/adltexas.org\/es\/kitten-tips\/","title":{"rendered":"Consejos para gatitos"},"content":{"rendered":"<p>Cuidar de cachorros y gatitos reci\u00e9n nacidos puede llevar mucho tiempo y, a veces, ser un trabajo dif\u00edcil. Es una experiencia muy gratificante ver c\u00f3mo pasan de ser beb\u00e9s indefensos a animales m\u00e1s independientes y sanos.\u00a0<a href=\"\/es\/pet-resources\/cuidado-del-recien-nacido\/\">Consulte nuestros consejos para el cuidado del reci\u00e9n nacido.<\/a><\/p>\n<h3>\u00a1Qu\u00e9 hacer cuando encuentras gatitos!<\/h3>\n<p>&nbsp;<\/p>\n<p><a href=\"https:\/\/adltexas.org\/wp-content\/uploads\/2018\/06\/ADL-Found-Kitten-info-tips.pdf\"><img data-recalc-dims=\"1\" loading=\"lazy\" decoding=\"async\" class=\"alignnone wp-image-44318 size-large\" src=\"https:\/\/i0.wp.com\/adltexas.org\/wp-content\/uploads\/2018\/06\/Info-sheet-Final-2print.jpg?resize=396%2C1024&#038;ssl=1\" alt=\"What to do when you find kittens\" width=\"396\" height=\"1024\" srcset=\"https:\/\/i0.wp.com\/adltexas.org\/wp-content\/uploads\/2018\/06\/Info-sheet-Final-2print.jpg?resize=396%2C1024&amp;ssl=1 396w, https:\/\/i0.wp.com\/adltexas.org\/wp-content\/uploads\/2018\/06\/Info-sheet-Final-2print.jpg?resize=116%2C300&amp;ssl=1 116w, https:\/\/i0.wp.com\/adltexas.org\/wp-content\/uploads\/2018\/06\/Info-sheet-Final-2print.jpg?resize=768%2C1988&amp;ssl=1 768w, https:\/\/i0.wp.com\/adltexas.org\/wp-content\/uploads\/2018\/06\/Info-sheet-Final-2print.jpg?resize=178%2C460&amp;ssl=1 178w, https:\/\/i0.wp.com\/adltexas.org\/wp-content\/uploads\/2018\/06\/Info-sheet-Final-2print.jpg?w=1275&amp;ssl=1 1275w\" sizes=\"auto, (max-width: 396px) 100vw, 396px\" \/><\/a><\/p>\n<p>&nbsp;<\/p>\n<h3>\u00bfQu\u00e9 edad tiene ese gatito?<\/h3>\n<p><a href=\"https:\/\/www.alleycat.org\/resources\/kitten-progression\/\" target=\"_blank\" rel=\"noopener\">Alleycat.org<\/a> tiene excelentes recursos para ayudarte a determinar la edad de los gatitos. Echa un vistazo a su tabla de crecimiento a continuaci\u00f3n.<\/p>\n<p>&nbsp;<\/p>\n<p><a href=\"https:\/\/adltexas.org\/wp-content\/uploads\/2018\/06\/Kitten-Progression-FINAL.pdf\" target=\"_blank\" rel=\"noopener\"><img data-recalc-dims=\"1\" loading=\"lazy\" decoding=\"async\" class=\"alignnone wp-image-44321 size-full\" src=\"https:\/\/i0.wp.com\/adltexas.org\/wp-content\/uploads\/2018\/06\/Kitten-Age-Progression-chart.jpg?resize=800%2C512&#038;ssl=1\" alt=\"How old is that kitten\" width=\"800\" height=\"512\" srcset=\"https:\/\/i0.wp.com\/adltexas.org\/wp-content\/uploads\/2018\/06\/Kitten-Age-Progression-chart.jpg?w=800&amp;ssl=1 800w, https:\/\/i0.wp.com\/adltexas.org\/wp-content\/uploads\/2018\/06\/Kitten-Age-Progression-chart.jpg?resize=300%2C192&amp;ssl=1 300w, https:\/\/i0.wp.com\/adltexas.org\/wp-content\/uploads\/2018\/06\/Kitten-Age-Progression-chart.jpg?resize=768%2C492&amp;ssl=1 768w, https:\/\/i0.wp.com\/adltexas.org\/wp-content\/uploads\/2018\/06\/Kitten-Age-Progression-chart.jpg?resize=460%2C294&amp;ssl=1 460w\" sizes=\"auto, (max-width: 800px) 100vw, 800px\" \/><\/a><\/p>\n<p>&nbsp;<\/p>","protected":false},"excerpt":{"rendered":"<p>Cuidar de cachorros y gatitos reci\u00e9n nacidos puede llevar mucho tiempo y, en ocasiones, resultar dif\u00edcil. Sin embargo, ver c\u00f3mo pasan de ser beb\u00e9s indefensos a ser m\u00e1s... .<\/p>","protected":false},"author":1001021,"featured_media":0,"parent":0,"menu_order":0,"comment_status":"closed","ping_status":"closed","template":"","meta":{"_acf_changed":false,"inline_featured_image":false,"_exactmetrics_skip_tracking":false,"_exactmetrics_sitenote_active":false,"_exactmetrics_sitenote_note":"","_exactmetrics_sitenote_category":0,"footnotes":""},"class_list":["post-44317","page","type-page","status-publish"],"acf":[],"yoast_head":"<!-- This site is optimized with the Yoast SEO plugin v27.4 - https:\/\/yoast.com\/product\/yoast-seo-wordpress\/ -->\n<title>Kitten Tips - Animal Defense League of Texas - San Antonio<\/title>\n<meta name=\"robots\" content=\"index, follow, max-snippet:-1, max-image-preview:large, max-video-preview:-1\" \/>\n<link rel=\"canonical\" href=\"https:\/\/adltexas.org\/es\/kitten-tips\/\" \/>\n<meta property=\"og:locale\" content=\"es_MX\" \/>\n<meta property=\"og:type\" content=\"article\" \/>\n<meta property=\"og:title\" content=\"Kitten Tips - Animal Defense League of Texas - San Antonio\" \/>\n<meta property=\"og:description\" content=\"Caring for newborn puppies and kittens can be time-consuming and, at times, difficult work. It is quite a rewarding experience to see them progress from being defenseless babies to more . . .\" \/>\n<meta property=\"og:url\" content=\"https:\/\/adltexas.org\/es\/kitten-tips\/\" \/>\n<meta property=\"og:site_name\" content=\"Animal Defense League of Texas - San Antonio\" \/>\n<meta property=\"article:publisher\" content=\"https:\/\/www.facebook.com\/adltexas\/\" \/>\n<meta property=\"article:modified_time\" content=\"2018-06-07T18:41:34+00:00\" \/>\n<meta property=\"og:image\" content=\"https:\/\/adltexas.org\/wp-content\/uploads\/2018\/06\/Info-sheet-Final-2print-396x1024.jpg\" \/>\n<meta name=\"twitter:card\" content=\"summary_large_image\" \/>\n<meta name=\"twitter:site\" content=\"@ADLofTX\" \/>\n<script type=\"application\/ld+json\" class=\"yoast-schema-graph\">{\"@context\":\"https:\\\/\\\/schema.org\",\"@graph\":[{\"@type\":\"WebPage\",\"@id\":\"https:\\\/\\\/adltexas.org\\\/kitten-tips\\\/\",\"url\":\"https:\\\/\\\/adltexas.org\\\/kitten-tips\\\/\",\"name\":\"Kitten Tips - Animal Defense League of Texas - San Antonio\",\"isPartOf\":{\"@id\":\"https:\\\/\\\/adltexas.org\\\/#website\"},\"primaryImageOfPage\":{\"@id\":\"https:\\\/\\\/adltexas.org\\\/kitten-tips\\\/#primaryimage\"},\"image\":{\"@id\":\"https:\\\/\\\/adltexas.org\\\/kitten-tips\\\/#primaryimage\"},\"thumbnailUrl\":\"https:\\\/\\\/adltexas.org\\\/wp-content\\\/uploads\\\/2018\\\/06\\\/Info-sheet-Final-2print-396x1024.jpg\",\"datePublished\":\"2018-06-07T18:17:57+00:00\",\"dateModified\":\"2018-06-07T18:41:34+00:00\",\"breadcrumb\":{\"@id\":\"https:\\\/\\\/adltexas.org\\\/kitten-tips\\\/#breadcrumb\"},\"inLanguage\":\"es\",\"potentialAction\":[{\"@type\":\"ReadAction\",\"target\":[\"https:\\\/\\\/adltexas.org\\\/kitten-tips\\\/\"]}]},{\"@type\":\"ImageObject\",\"inLanguage\":\"es\",\"@id\":\"https:\\\/\\\/adltexas.org\\\/kitten-tips\\\/#primaryimage\",\"url\":\"https:\\\/\\\/adltexas.org\\\/wp-content\\\/uploads\\\/2018\\\/06\\\/Info-sheet-Final-2print-396x1024.jpg\",\"contentUrl\":\"https:\\\/\\\/adltexas.org\\\/wp-content\\\/uploads\\\/2018\\\/06\\\/Info-sheet-Final-2print-396x1024.jpg\"},{\"@type\":\"BreadcrumbList\",\"@id\":\"https:\\\/\\\/adltexas.org\\\/kitten-tips\\\/#breadcrumb\",\"itemListElement\":[{\"@type\":\"ListItem\",\"position\":1,\"name\":\"Home\",\"item\":\"https:\\\/\\\/adltexas.org\\\/\"},{\"@type\":\"ListItem\",\"position\":2,\"name\":\"Kitten Tips\"}]},{\"@type\":\"WebSite\",\"@id\":\"https:\\\/\\\/adltexas.org\\\/#website\",\"url\":\"https:\\\/\\\/adltexas.org\\\/\",\"name\":\"Animal Defense League of Texas - San Antonio\",\"description\":\"No Kill Animal Shelter, San Antonio, Texas\",\"publisher\":{\"@id\":\"https:\\\/\\\/adltexas.org\\\/#organization\"},\"potentialAction\":[{\"@type\":\"SearchAction\",\"target\":{\"@type\":\"EntryPoint\",\"urlTemplate\":\"https:\\\/\\\/adltexas.org\\\/?s={search_term_string}\"},\"query-input\":{\"@type\":\"PropertyValueSpecification\",\"valueRequired\":true,\"valueName\":\"search_term_string\"}}],\"inLanguage\":\"es\"},{\"@type\":\"Organization\",\"@id\":\"https:\\\/\\\/adltexas.org\\\/#organization\",\"name\":\"Animal Defense League of Texas\",\"url\":\"https:\\\/\\\/adltexas.org\\\/\",\"logo\":{\"@type\":\"ImageObject\",\"inLanguage\":\"es\",\"@id\":\"https:\\\/\\\/adltexas.org\\\/#\\\/schema\\\/logo\\\/image\\\/\",\"url\":\"https:\\\/\\\/i0.wp.com\\\/adltexas.org\\\/wp-content\\\/uploads\\\/2016\\\/05\\\/adl-logo-ty.gif?fit=140%2C140&ssl=1\",\"contentUrl\":\"https:\\\/\\\/i0.wp.com\\\/adltexas.org\\\/wp-content\\\/uploads\\\/2016\\\/05\\\/adl-logo-ty.gif?fit=140%2C140&ssl=1\",\"width\":140,\"height\":140,\"caption\":\"Animal Defense League of Texas\"},\"image\":{\"@id\":\"https:\\\/\\\/adltexas.org\\\/#\\\/schema\\\/logo\\\/image\\\/\"},\"sameAs\":[\"https:\\\/\\\/www.facebook.com\\\/adltexas\\\/\",\"https:\\\/\\\/x.com\\\/ADLofTX\",\"https:\\\/\\\/www.instagram.com\\\/animaldefenseleague\\\/\",\"https:\\\/\\\/www.linkedin.com\\\/company\\\/animal-defense-league\\\/\",\"https:\\\/\\\/www.youtube.com\\\/user\\\/adoptADL\"]}]}<\/script>\n<!-- \/ Yoast SEO plugin. -->","yoast_head_json":{"title":"Kitten Tips - Animal Defense League of Texas - San Antonio","robots":{"index":"index","follow":"follow","max-snippet":"max-snippet:-1","max-image-preview":"max-image-preview:large","max-video-preview":"max-video-preview:-1"},"canonical":"https:\/\/adltexas.org\/es\/kitten-tips\/","og_locale":"es_MX","og_type":"article","og_title":"Kitten Tips - Animal Defense League of Texas - San Antonio","og_description":"Caring for newborn puppies and kittens can be time-consuming and, at times, difficult work. It is quite a rewarding experience to see them progress from being defenseless babies to more . . .","og_url":"https:\/\/adltexas.org\/es\/kitten-tips\/","og_site_name":"Animal Defense League of Texas - San Antonio","article_publisher":"https:\/\/www.facebook.com\/adltexas\/","article_modified_time":"2018-06-07T18:41:34+00:00","og_image":[{"url":"https:\/\/adltexas.org\/wp-content\/uploads\/2018\/06\/Info-sheet-Final-2print-396x1024.jpg","type":"","width":"","height":""}],"twitter_card":"summary_large_image","twitter_site":"@ADLofTX","schema":{"@context":"https:\/\/schema.org","@graph":[{"@type":"WebPage","@id":"https:\/\/adltexas.org\/kitten-tips\/","url":"https:\/\/adltexas.org\/kitten-tips\/","name":"Kitten Tips - Animal Defense League of Texas - San Antonio","isPartOf":{"@id":"https:\/\/adltexas.org\/#website"},"primaryImageOfPage":{"@id":"https:\/\/adltexas.org\/kitten-tips\/#primaryimage"},"image":{"@id":"https:\/\/adltexas.org\/kitten-tips\/#primaryimage"},"thumbnailUrl":"https:\/\/adltexas.org\/wp-content\/uploads\/2018\/06\/Info-sheet-Final-2print-396x1024.jpg","datePublished":"2018-06-07T18:17:57+00:00","dateModified":"2018-06-07T18:41:34+00:00","breadcrumb":{"@id":"https:\/\/adltexas.org\/kitten-tips\/#breadcrumb"},"inLanguage":"es","potentialAction":[{"@type":"ReadAction","target":["https:\/\/adltexas.org\/kitten-tips\/"]}]},{"@type":"ImageObject","inLanguage":"es","@id":"https:\/\/adltexas.org\/kitten-tips\/#primaryimage","url":"https:\/\/adltexas.org\/wp-content\/uploads\/2018\/06\/Info-sheet-Final-2print-396x1024.jpg","contentUrl":"https:\/\/adltexas.org\/wp-content\/uploads\/2018\/06\/Info-sheet-Final-2print-396x1024.jpg"},{"@type":"BreadcrumbList","@id":"https:\/\/adltexas.org\/kitten-tips\/#breadcrumb","itemListElement":[{"@type":"ListItem","position":1,"name":"Home","item":"https:\/\/adltexas.org\/"},{"@type":"ListItem","position":2,"name":"Kitten Tips"}]},{"@type":"WebSite","@id":"https:\/\/adltexas.org\/#website","url":"https:\/\/adltexas.org\/","name":"Liga de Defensa Animal de Texas - San Antonio","description":"Refugio para animales sin sacrificio, San Antonio, Texas","publisher":{"@id":"https:\/\/adltexas.org\/#organization"},"potentialAction":[{"@type":"SearchAction","target":{"@type":"EntryPoint","urlTemplate":"https:\/\/adltexas.org\/?s={search_term_string}"},"query-input":{"@type":"PropertyValueSpecification","valueRequired":true,"valueName":"search_term_string"}}],"inLanguage":"es"},{"@type":"Organization","@id":"https:\/\/adltexas.org\/#organization","name":"Liga de Defensa de los Animales de Texas","url":"https:\/\/adltexas.org\/","logo":{"@type":"ImageObject","inLanguage":"es","@id":"https:\/\/adltexas.org\/#\/schema\/logo\/image\/","url":"https:\/\/i0.wp.com\/adltexas.org\/wp-content\/uploads\/2016\/05\/adl-logo-ty.gif?fit=140%2C140&ssl=1","contentUrl":"https:\/\/i0.wp.com\/adltexas.org\/wp-content\/uploads\/2016\/05\/adl-logo-ty.gif?fit=140%2C140&ssl=1","width":140,"height":140,"caption":"Animal Defense League of Texas"},"image":{"@id":"https:\/\/adltexas.org\/#\/schema\/logo\/image\/"},"sameAs":["https:\/\/www.facebook.com\/adltexas\/","https:\/\/x.com\/ADLofTX","https:\/\/www.instagram.com\/animaldefenseleague\/","https:\/\/www.linkedin.com\/company\/animal-defense-league\/","https:\/\/www.youtube.com\/user\/adoptADL"]}]}},"_links":{"self":[{"href":"https:\/\/adltexas.org\/es\/wp-json\/wp\/v2\/pages\/44317","targetHints":{"allow":["GET"]}}],"collection":[{"href":"https:\/\/adltexas.org\/es\/wp-json\/wp\/v2\/pages"}],"about":[{"href":"https:\/\/adltexas.org\/es\/wp-json\/wp\/v2\/types\/page"}],"author":[{"embeddable":true,"href":"https:\/\/adltexas.org\/es\/wp-json\/wp\/v2\/users\/1001021"}],"replies":[{"embeddable":true,"href":"https:\/\/adltexas.org\/es\/wp-json\/wp\/v2\/comments?post=44317"}],"version-history":[{"count":0,"href":"https:\/\/adltexas.org\/es\/wp-json\/wp\/v2\/pages\/44317\/revisions"}],"wp:attachment":[{"href":"https:\/\/adltexas.org\/es\/wp-json\/wp\/v2\/media?parent=44317"}],"curies":[{"name":"wp","href":"https:\/\/api.w.org\/{rel}","templated":true}]}}