{"id":42481,"date":"2017-12-26T14:04:13","date_gmt":"2017-12-26T20:04:13","guid":{"rendered":"https:\/\/adltexas.org\/?page_id=42481"},"modified":"2022-04-12T11:04:20","modified_gmt":"2022-04-12T16:04:20","slug":"paul-jolly-center-pet-adoptions","status":"publish","type":"page","link":"https:\/\/adltexas.org\/es\/paul-jolly-center-pet-adoptions\/","title":{"rendered":"Centro Paul Jolly de adopci\u00f3n de animales de compa\u00f1\u00eda"},"content":{"rendered":"<p><a href=\"https:\/\/i0.wp.com\/adltexas.org\/wp-content\/uploads\/2017\/12\/ADL-Paul-Jolly-Entrance.jpg?ssl=1\" data-rel=\"lightbox-image-0\" data-rl_title=\"\" data-rl_caption=\"\" title=\"\"><img data-recalc-dims=\"1\" loading=\"lazy\" decoding=\"async\" class=\"alignnone wp-image-42482 size-full\" src=\"https:\/\/i0.wp.com\/adltexas.org\/wp-content\/uploads\/2017\/12\/ADL-Paul-Jolly-Entrance.jpg?resize=1200%2C800&#038;ssl=1\" alt=\"Centro Paul Jolly de adopci\u00f3n de animales de compa\u00f1\u00eda\" width=\"1200\" height=\"800\" srcset=\"https:\/\/i0.wp.com\/adltexas.org\/wp-content\/uploads\/2017\/12\/ADL-Paul-Jolly-Entrance.jpg?w=1200&amp;ssl=1 1200w, https:\/\/i0.wp.com\/adltexas.org\/wp-content\/uploads\/2017\/12\/ADL-Paul-Jolly-Entrance.jpg?resize=300%2C200&amp;ssl=1 300w, https:\/\/i0.wp.com\/adltexas.org\/wp-content\/uploads\/2017\/12\/ADL-Paul-Jolly-Entrance.jpg?resize=768%2C512&amp;ssl=1 768w, https:\/\/i0.wp.com\/adltexas.org\/wp-content\/uploads\/2017\/12\/ADL-Paul-Jolly-Entrance.jpg?resize=1024%2C683&amp;ssl=1 1024w, https:\/\/i0.wp.com\/adltexas.org\/wp-content\/uploads\/2017\/12\/ADL-Paul-Jolly-Entrance.jpg?resize=460%2C307&amp;ssl=1 460w\" sizes=\"auto, (max-width: 1000px) 100vw, 1000px\" \/><\/a><\/p>\n<p>El Centro Paul Jolly de Adopciones de Mascotas de la Liga de Defensa de los Animales de Texas es nuestro segundo lugar donde puede encontrar un compa\u00f1ero peludo cari\u00f1oso. Venga y conozca a los gatos, gatitos, perros y cachorros disponibles para adopci\u00f3n. Estamos ubicados en Brackenridge Park, justo enfrente del Zool\u00f3gico de San Antonio.<\/p>\n<div>\n<p><strong><u>Direcci\u00f3n:<\/u><\/strong><\/p>\n<p>210 Tuleta Drive,<br \/>\nSan Antonio, TX 78212<br \/>\n<a href=\"https:\/\/goo.gl\/maps\/8NNtERkszst\" target=\"_blank\" rel=\"noopener noreferrer\">C\u00f3mo llegar<\/a><br \/>\nAbierto todos los d\u00edas  De 11:00 a 19:00<\/p>\n<p><strong><a href=\"\/es\/news-events\/calendar-of-events\/\">Visite nuestro calendario de eventos para conocer los pr\u00f3ximos actos, ofertas especiales de adopci\u00f3n y horarios de vacaciones.<\/a><\/strong><br \/>\nhttps:\/\/adltexas.org\/news-events\/calendar-of-events\/<\/p>\n<\/div>\n<div class=\"iframe-flexible-container-map\"><iframe loading=\"lazy\" class=\"loc-map\" style=\"border: 0;\" src=\"https:\/\/www.google.com\/maps\/embed?pb=!1m18!1m12!1m3!1d3473.854605395448!2d-98.4768777846614!3d29.462255682097847!2m3!1f0!2f0!3f0!3m2!1i1024!2i768!4f13.1!3m3!1m2!1s0x865cf585746e1643%3A0x93b2778849dd5eb1!2s210+Tuleta+Dr%2C+San+Antonio%2C+TX+78212!5e0!3m2!1sen!2sus!4v1478902660148\" width=\"400\" height=\"350\" frameborder=\"0\" allowfullscreen=\"allowfullscreen\"><\/iframe><\/div>","protected":false},"excerpt":{"rendered":"<p>The Animal Defense League of Texas Paul Jolly Center for Pet Adoptions is our second location where you can find a loving furry companion! Come by and meet the cats, . . .<\/p>","protected":false},"author":1001021,"featured_media":0,"parent":0,"menu_order":0,"comment_status":"closed","ping_status":"closed","template":"","meta":{"_acf_changed":false,"inline_featured_image":false,"_exactmetrics_skip_tracking":false,"_exactmetrics_sitenote_active":false,"_exactmetrics_sitenote_note":"","_exactmetrics_sitenote_category":0,"footnotes":""},"class_list":["post-42481","page","type-page","status-publish"],"acf":[],"yoast_head":"<!-- This site is optimized with the Yoast SEO plugin v27.5 - https:\/\/yoast.com\/product\/yoast-seo-wordpress\/ -->\n<title>Paul Jolly Center for Pet Adoptions - Animal Defense League of Texas - San Antonio<\/title>\n<meta name=\"robots\" content=\"index, follow, max-snippet:-1, max-image-preview:large, max-video-preview:-1\" \/>\n<link rel=\"canonical\" href=\"https:\/\/adltexas.org\/es\/locations__trashed\/paul-jolly-center-pet-adoptions\/\" \/>\n<meta property=\"og:locale\" content=\"es_MX\" \/>\n<meta property=\"og:type\" content=\"article\" \/>\n<meta property=\"og:title\" content=\"Paul Jolly Center for Pet Adoptions - Animal Defense League of Texas - San Antonio\" \/>\n<meta property=\"og:description\" content=\"The Animal Defense League of Texas Paul Jolly Center for Pet Adoptions is our second location where you can find a loving furry companion! Come by and meet the cats, . . .\" \/>\n<meta property=\"og:url\" content=\"https:\/\/adltexas.org\/es\/locations__trashed\/paul-jolly-center-pet-adoptions\/\" \/>\n<meta property=\"og:site_name\" content=\"Animal Defense League of Texas - San Antonio\" \/>\n<meta property=\"article:publisher\" content=\"https:\/\/www.facebook.com\/adltexas\/\" \/>\n<meta property=\"article:modified_time\" content=\"2022-04-12T16:04:20+00:00\" \/>\n<meta property=\"og:image\" content=\"https:\/\/adltexas.org\/wp-content\/uploads\/2017\/12\/ADL-Paul-Jolly-Entrance.jpg\" \/>\n<meta name=\"twitter:card\" content=\"summary_large_image\" \/>\n<meta name=\"twitter:site\" content=\"@ADLofTX\" \/>\n<meta name=\"twitter:label1\" content=\"Est. reading time\" \/>\n\t<meta name=\"twitter:data1\" content=\"1 minuto\" \/>\n<script type=\"application\/ld+json\" class=\"yoast-schema-graph\">{\"@context\":\"https:\\\/\\\/schema.org\",\"@graph\":[{\"@type\":\"WebPage\",\"@id\":\"https:\\\/\\\/adltexas.org\\\/locations__trashed\\\/paul-jolly-center-pet-adoptions\\\/\",\"url\":\"https:\\\/\\\/adltexas.org\\\/locations__trashed\\\/paul-jolly-center-pet-adoptions\\\/\",\"name\":\"Paul Jolly Center for Pet Adoptions - Animal Defense League of Texas - San Antonio\",\"isPartOf\":{\"@id\":\"https:\\\/\\\/adltexas.org\\\/#website\"},\"primaryImageOfPage\":{\"@id\":\"https:\\\/\\\/adltexas.org\\\/locations__trashed\\\/paul-jolly-center-pet-adoptions\\\/#primaryimage\"},\"image\":{\"@id\":\"https:\\\/\\\/adltexas.org\\\/locations__trashed\\\/paul-jolly-center-pet-adoptions\\\/#primaryimage\"},\"thumbnailUrl\":\"https:\\\/\\\/adltexas.org\\\/wp-content\\\/uploads\\\/2017\\\/12\\\/ADL-Paul-Jolly-Entrance.jpg\",\"datePublished\":\"2017-12-26T20:04:13+00:00\",\"dateModified\":\"2022-04-12T16:04:20+00:00\",\"breadcrumb\":{\"@id\":\"https:\\\/\\\/adltexas.org\\\/locations__trashed\\\/paul-jolly-center-pet-adoptions\\\/#breadcrumb\"},\"inLanguage\":\"es\",\"potentialAction\":[{\"@type\":\"ReadAction\",\"target\":[\"https:\\\/\\\/adltexas.org\\\/locations__trashed\\\/paul-jolly-center-pet-adoptions\\\/\"]}]},{\"@type\":\"ImageObject\",\"inLanguage\":\"es\",\"@id\":\"https:\\\/\\\/adltexas.org\\\/locations__trashed\\\/paul-jolly-center-pet-adoptions\\\/#primaryimage\",\"url\":\"https:\\\/\\\/adltexas.org\\\/wp-content\\\/uploads\\\/2017\\\/12\\\/ADL-Paul-Jolly-Entrance.jpg\",\"contentUrl\":\"https:\\\/\\\/adltexas.org\\\/wp-content\\\/uploads\\\/2017\\\/12\\\/ADL-Paul-Jolly-Entrance.jpg\"},{\"@type\":\"BreadcrumbList\",\"@id\":\"https:\\\/\\\/adltexas.org\\\/locations__trashed\\\/paul-jolly-center-pet-adoptions\\\/#breadcrumb\",\"itemListElement\":[{\"@type\":\"ListItem\",\"position\":1,\"name\":\"Home\",\"item\":\"https:\\\/\\\/adltexas.org\\\/\"},{\"@type\":\"ListItem\",\"position\":2,\"name\":\"Paul Jolly Center for Pet Adoptions\"}]},{\"@type\":\"WebSite\",\"@id\":\"https:\\\/\\\/adltexas.org\\\/#website\",\"url\":\"https:\\\/\\\/adltexas.org\\\/\",\"name\":\"Animal Defense League of Texas - San Antonio\",\"description\":\"No Kill Animal Shelter, San Antonio, Texas\",\"publisher\":{\"@id\":\"https:\\\/\\\/adltexas.org\\\/#organization\"},\"potentialAction\":[{\"@type\":\"SearchAction\",\"target\":{\"@type\":\"EntryPoint\",\"urlTemplate\":\"https:\\\/\\\/adltexas.org\\\/?s={search_term_string}\"},\"query-input\":{\"@type\":\"PropertyValueSpecification\",\"valueRequired\":true,\"valueName\":\"search_term_string\"}}],\"inLanguage\":\"es\"},{\"@type\":\"Organization\",\"@id\":\"https:\\\/\\\/adltexas.org\\\/#organization\",\"name\":\"Animal Defense League of Texas\",\"url\":\"https:\\\/\\\/adltexas.org\\\/\",\"logo\":{\"@type\":\"ImageObject\",\"inLanguage\":\"es\",\"@id\":\"https:\\\/\\\/adltexas.org\\\/#\\\/schema\\\/logo\\\/image\\\/\",\"url\":\"https:\\\/\\\/i0.wp.com\\\/adltexas.org\\\/wp-content\\\/uploads\\\/2016\\\/05\\\/adl-logo-ty.gif?fit=140%2C140&ssl=1\",\"contentUrl\":\"https:\\\/\\\/i0.wp.com\\\/adltexas.org\\\/wp-content\\\/uploads\\\/2016\\\/05\\\/adl-logo-ty.gif?fit=140%2C140&ssl=1\",\"width\":140,\"height\":140,\"caption\":\"Animal Defense League of Texas\"},\"image\":{\"@id\":\"https:\\\/\\\/adltexas.org\\\/#\\\/schema\\\/logo\\\/image\\\/\"},\"sameAs\":[\"https:\\\/\\\/www.facebook.com\\\/adltexas\\\/\",\"https:\\\/\\\/x.com\\\/ADLofTX\",\"https:\\\/\\\/www.instagram.com\\\/animaldefenseleague\\\/\",\"https:\\\/\\\/www.linkedin.com\\\/company\\\/animal-defense-league\\\/\",\"https:\\\/\\\/www.youtube.com\\\/user\\\/adoptADL\"]}]}<\/script>\n<!-- \/ Yoast SEO plugin. -->","yoast_head_json":{"title":"Paul Jolly Center for Pet Adoptions - Animal Defense League of Texas - San Antonio","robots":{"index":"index","follow":"follow","max-snippet":"max-snippet:-1","max-image-preview":"max-image-preview:large","max-video-preview":"max-video-preview:-1"},"canonical":"https:\/\/adltexas.org\/es\/locations__trashed\/paul-jolly-center-pet-adoptions\/","og_locale":"es_MX","og_type":"article","og_title":"Paul Jolly Center for Pet Adoptions - Animal Defense League of Texas - San Antonio","og_description":"The Animal Defense League of Texas Paul Jolly Center for Pet Adoptions is our second location where you can find a loving furry companion! Come by and meet the cats, . . .","og_url":"https:\/\/adltexas.org\/es\/locations__trashed\/paul-jolly-center-pet-adoptions\/","og_site_name":"Animal Defense League of Texas - San Antonio","article_publisher":"https:\/\/www.facebook.com\/adltexas\/","article_modified_time":"2022-04-12T16:04:20+00:00","og_image":[{"url":"https:\/\/adltexas.org\/wp-content\/uploads\/2017\/12\/ADL-Paul-Jolly-Entrance.jpg","type":"","width":"","height":""}],"twitter_card":"summary_large_image","twitter_site":"@ADLofTX","twitter_misc":{"Est. reading time":"1 minuto"},"schema":{"@context":"https:\/\/schema.org","@graph":[{"@type":"WebPage","@id":"https:\/\/adltexas.org\/locations__trashed\/paul-jolly-center-pet-adoptions\/","url":"https:\/\/adltexas.org\/locations__trashed\/paul-jolly-center-pet-adoptions\/","name":"Paul Jolly Center for Pet Adoptions - Animal Defense League of Texas - San Antonio","isPartOf":{"@id":"https:\/\/adltexas.org\/#website"},"primaryImageOfPage":{"@id":"https:\/\/adltexas.org\/locations__trashed\/paul-jolly-center-pet-adoptions\/#primaryimage"},"image":{"@id":"https:\/\/adltexas.org\/locations__trashed\/paul-jolly-center-pet-adoptions\/#primaryimage"},"thumbnailUrl":"https:\/\/adltexas.org\/wp-content\/uploads\/2017\/12\/ADL-Paul-Jolly-Entrance.jpg","datePublished":"2017-12-26T20:04:13+00:00","dateModified":"2022-04-12T16:04:20+00:00","breadcrumb":{"@id":"https:\/\/adltexas.org\/locations__trashed\/paul-jolly-center-pet-adoptions\/#breadcrumb"},"inLanguage":"es","potentialAction":[{"@type":"ReadAction","target":["https:\/\/adltexas.org\/locations__trashed\/paul-jolly-center-pet-adoptions\/"]}]},{"@type":"ImageObject","inLanguage":"es","@id":"https:\/\/adltexas.org\/locations__trashed\/paul-jolly-center-pet-adoptions\/#primaryimage","url":"https:\/\/adltexas.org\/wp-content\/uploads\/2017\/12\/ADL-Paul-Jolly-Entrance.jpg","contentUrl":"https:\/\/adltexas.org\/wp-content\/uploads\/2017\/12\/ADL-Paul-Jolly-Entrance.jpg"},{"@type":"BreadcrumbList","@id":"https:\/\/adltexas.org\/locations__trashed\/paul-jolly-center-pet-adoptions\/#breadcrumb","itemListElement":[{"@type":"ListItem","position":1,"name":"Home","item":"https:\/\/adltexas.org\/"},{"@type":"ListItem","position":2,"name":"Paul Jolly Center for Pet Adoptions"}]},{"@type":"WebSite","@id":"https:\/\/adltexas.org\/#website","url":"https:\/\/adltexas.org\/","name":"Liga de Defensa Animal de Texas - San Antonio","description":"Refugio para animales sin sacrificio, San Antonio, Texas","publisher":{"@id":"https:\/\/adltexas.org\/#organization"},"potentialAction":[{"@type":"SearchAction","target":{"@type":"EntryPoint","urlTemplate":"https:\/\/adltexas.org\/?s={search_term_string}"},"query-input":{"@type":"PropertyValueSpecification","valueRequired":true,"valueName":"search_term_string"}}],"inLanguage":"es"},{"@type":"Organization","@id":"https:\/\/adltexas.org\/#organization","name":"Liga de Defensa de los Animales de Texas","url":"https:\/\/adltexas.org\/","logo":{"@type":"ImageObject","inLanguage":"es","@id":"https:\/\/adltexas.org\/#\/schema\/logo\/image\/","url":"https:\/\/i0.wp.com\/adltexas.org\/wp-content\/uploads\/2016\/05\/adl-logo-ty.gif?fit=140%2C140&ssl=1","contentUrl":"https:\/\/i0.wp.com\/adltexas.org\/wp-content\/uploads\/2016\/05\/adl-logo-ty.gif?fit=140%2C140&ssl=1","width":140,"height":140,"caption":"Animal Defense League of Texas"},"image":{"@id":"https:\/\/adltexas.org\/#\/schema\/logo\/image\/"},"sameAs":["https:\/\/www.facebook.com\/adltexas\/","https:\/\/x.com\/ADLofTX","https:\/\/www.instagram.com\/animaldefenseleague\/","https:\/\/www.linkedin.com\/company\/animal-defense-league\/","https:\/\/www.youtube.com\/user\/adoptADL"]}]}},"_links":{"self":[{"href":"https:\/\/adltexas.org\/es\/wp-json\/wp\/v2\/pages\/42481","targetHints":{"allow":["GET"]}}],"collection":[{"href":"https:\/\/adltexas.org\/es\/wp-json\/wp\/v2\/pages"}],"about":[{"href":"https:\/\/adltexas.org\/es\/wp-json\/wp\/v2\/types\/page"}],"author":[{"embeddable":true,"href":"https:\/\/adltexas.org\/es\/wp-json\/wp\/v2\/users\/1001021"}],"replies":[{"embeddable":true,"href":"https:\/\/adltexas.org\/es\/wp-json\/wp\/v2\/comments?post=42481"}],"version-history":[{"count":0,"href":"https:\/\/adltexas.org\/es\/wp-json\/wp\/v2\/pages\/42481\/revisions"}],"wp:attachment":[{"href":"https:\/\/adltexas.org\/es\/wp-json\/wp\/v2\/media?parent=42481"}],"curies":[{"name":"wp","href":"https:\/\/api.w.org\/{rel}","templated":true}]}}