{"id":40039,"date":"2017-06-27T09:10:24","date_gmt":"2017-06-27T14:10:24","guid":{"rendered":"https:\/\/adltexas.org\/?page_id=40039"},"modified":"2024-09-12T10:24:40","modified_gmt":"2024-09-12T15:24:40","slug":"internal","status":"publish","type":"page","link":"https:\/\/adltexas.org\/es\/internal\/","title":{"rendered":"Interno"},"content":{"rendered":"<p>&nbsp;<\/p>\n<h3><span style=\"color: #0000ff;\">Mantenimiento<\/span><\/h3>\n<p>Haga clic en <a href=\"https:\/\/app.getmaintainx.com\/auth\/login\">aqu\u00ed<\/a> para enviar una orden de trabajo a nuestro departamento de mantenimiento.<\/p>\n<h3><span style=\"color: #0000ff;\">Soporte inform\u00e1tico<\/span><\/h3>\n<p>\u00bfTiene alg\u00fan problema t\u00e9cnico? Haga clic en <a href=\"mailto: service@7tech.com\">aqu\u00ed<\/a> para enviar un ticket de IT.<\/p>\n<h3><span style=\"color: #0000ff;\">Billete de marketing<\/span><\/h3>\n<p>\u00bfNecesita un gr\u00e1fico, actualizar su sitio web o cualquier material de marketing? Haga clic en <a href=\"https:\/\/form.asana.com\/?k=64s-N0-IWlhsKD-GOtd4kg&amp;d=808711335010102\">aqu\u00ed<\/a> para enviar un ticket.<\/p>\n<h3><span style=\"color: #0000ff;\">Billete para las redes sociales<\/span><\/h3>\n<p>Haga clic en <a href=\"https:\/\/form.asana.com\/?k=0Cfq1yACrrqa9JPyHs0J2Q&amp;d=808711335010102\">aqu\u00ed<\/a> para enviar una solicitud de redes sociales a nuestro departamento de marketing. Debe rellenar un ticket si necesita publicar algo en nuestras plataformas de redes sociales.<\/p>\n<h3><a href=\"https:\/\/adltexas.org\/wp-content\/uploads\/2023\/12\/2023-ADLMileageExpensesForm_updated.pdf\" target=\"_blank\" rel=\"noopener noreferrer\">Formulario de reembolso de gastos y kilometraje<\/a><\/h3>\n<p>Todas las compras deben ser autorizadas por Anne antes de utilizar una forma de pago personal. Las solicitudes de reembolso pueden ser denegadas si no se recibe la aprobaci\u00f3n correspondiente antes de completar una compra. Solicite siempre a su superior directo una tarjeta de empresa antes de utilizar la suya propia. El reembolso del kilometraje tambi\u00e9n debe ser aprobado por un supervisor antes de iniciar el viaje relacionado con el trabajo.<\/p>\n<h3><a href=\"https:\/\/adltexas.org\/wp-content\/uploads\/2017\/12\/Volunteer-Disciplinary-Write-Up-Form.pdf\" target=\"_blank\" rel=\"noopener noreferrer\">Formulario para voluntarios<\/a><\/h3>\n<p>Rellene el formulario y env\u00edelo por correo electr\u00f3nico a <a href=\"mailto: volunteer@adltexas.org\">volunteer@adltexas.org<\/a>.<\/p>\n<h3><a href=\"https:\/\/adltexas.org\/wp-content\/uploads\/2017\/10\/ADL-Incident-Reporting-Procedures.pdf\" target=\"_blank\" rel=\"noopener noreferrer\">Informes de incidentes<\/a><\/h3>\n<p>Notifique cualquier incidente a su supervisor directo. Existen diferentes procedimientos en funci\u00f3n de los detalles del incidente y de si se trata s\u00f3lo de un animal, de un empleado o de una persona ajena a la empresa. Tenga en cuenta lo siguiente <a href=\"https:\/\/adltexas.org\/wp-content\/uploads\/2017\/10\/ADL-Incident-Reporting-Procedures.pdf\" target=\"_blank\" rel=\"noopener noreferrer\">estos procedimientos<\/a> para garantizar que se sigue el protocolo adecuado.<\/p>\n<p><a href=\"https:\/\/adltexas.org\/wp-content\/uploads\/2017\/11\/fart-chart.pdf\" target=\"_blank\" rel=\"noopener noreferrer\">Tabla F.A.R.T.<\/a><\/p>\n<p>Si necesita el Informe de Mordeduras de la AEC, <a href=\"https:\/\/adltexas.org\/wp-content\/uploads\/2017\/08\/Animal-Bite-Exposure-Report-08.17.pdf\" target=\"_blank\" rel=\"noopener noreferrer\">visite este enlace. <\/a><\/p>\n<p>Si necesita un Informe de Incidentes de No Empleados, <a href=\"https:\/\/adltexas.org\/wp-content\/uploads\/2017\/10\/Non-Employee-Incident-Report.pdf\" target=\"_blank\" rel=\"noopener noreferrer\">visite este enlace.<\/a><\/p>\n<p>Si necesita un parte de incidencias del empleado, <a href=\"https:\/\/adltexas.org\/wp-content\/uploads\/2017\/10\/Employee-Incident-Report.pdf\" target=\"_blank\" rel=\"noopener noreferrer\">visite este enlace.<\/a><\/p>\n<p>Si necesita un Informe de Incidentes s\u00f3lo para animales,<a href=\"https:\/\/adltexas.org\/wp-content\/uploads\/2017\/10\/Animal-Only-Incident-Form-10.17.17.pdf\" target=\"_blank\" rel=\"noopener noreferrer\"> visite este enlace.<\/a><\/p>\n<p>&nbsp;<\/p>\n<p>&nbsp;<\/p>\n<p><em>La informaci\u00f3n de esta p\u00e1gina se considera INFORMACI\u00d3N PATENTADA Y PROPIEDAD INTELECTUAL de la Liga de Defensa de los Animales de Texas.<\/em><\/p>","protected":false},"excerpt":{"rendered":"<p>&nbsp; Maintenance Click here to submit a work order to our maintenance department. IT Support Have a tech issue? Click here to submit an IT ticket. Marketing Ticket Need a . . .<\/p>","protected":false},"author":1001021,"featured_media":0,"parent":0,"menu_order":0,"comment_status":"closed","ping_status":"closed","template":"","meta":{"_acf_changed":false,"inline_featured_image":false,"_exactmetrics_skip_tracking":false,"_exactmetrics_sitenote_active":false,"_exactmetrics_sitenote_note":"","_exactmetrics_sitenote_category":0,"footnotes":""},"class_list":["post-40039","page","type-page","status-publish"],"acf":[],"yoast_head":"<!-- This site is optimized with the Yoast SEO plugin v27.4 - https:\/\/yoast.com\/product\/yoast-seo-wordpress\/ -->\n<title>Internal - Animal Defense League of Texas - San Antonio<\/title>\n<meta name=\"robots\" content=\"index, follow, max-snippet:-1, max-image-preview:large, max-video-preview:-1\" \/>\n<link rel=\"canonical\" href=\"https:\/\/adltexas.org\/es\/internal\/\" \/>\n<meta property=\"og:locale\" content=\"es_MX\" \/>\n<meta property=\"og:type\" content=\"article\" \/>\n<meta property=\"og:title\" content=\"Internal - Animal Defense League of Texas - San Antonio\" \/>\n<meta property=\"og:description\" content=\"&nbsp; Maintenance Click here to submit a work order to our maintenance department. IT Support Have a tech issue? Click here to submit an IT ticket. Marketing Ticket Need a . . .\" \/>\n<meta property=\"og:url\" content=\"https:\/\/adltexas.org\/es\/internal\/\" \/>\n<meta property=\"og:site_name\" content=\"Animal Defense League of Texas - San Antonio\" \/>\n<meta property=\"article:publisher\" content=\"https:\/\/www.facebook.com\/adltexas\/\" \/>\n<meta property=\"article:modified_time\" content=\"2024-09-12T15:24:40+00:00\" \/>\n<meta name=\"twitter:card\" content=\"summary_large_image\" \/>\n<meta name=\"twitter:site\" content=\"@ADLofTX\" \/>\n<meta name=\"twitter:label1\" content=\"Est. reading time\" \/>\n\t<meta name=\"twitter:data1\" content=\"2 minutos\" \/>\n<script type=\"application\/ld+json\" class=\"yoast-schema-graph\">{\"@context\":\"https:\\\/\\\/schema.org\",\"@graph\":[{\"@type\":\"WebPage\",\"@id\":\"https:\\\/\\\/adltexas.org\\\/internal\\\/\",\"url\":\"https:\\\/\\\/adltexas.org\\\/internal\\\/\",\"name\":\"Internal - Animal Defense League of Texas - San Antonio\",\"isPartOf\":{\"@id\":\"https:\\\/\\\/adltexas.org\\\/#website\"},\"datePublished\":\"2017-06-27T14:10:24+00:00\",\"dateModified\":\"2024-09-12T15:24:40+00:00\",\"breadcrumb\":{\"@id\":\"https:\\\/\\\/adltexas.org\\\/internal\\\/#breadcrumb\"},\"inLanguage\":\"es\",\"potentialAction\":[{\"@type\":\"ReadAction\",\"target\":[\"https:\\\/\\\/adltexas.org\\\/internal\\\/\"]}]},{\"@type\":\"BreadcrumbList\",\"@id\":\"https:\\\/\\\/adltexas.org\\\/internal\\\/#breadcrumb\",\"itemListElement\":[{\"@type\":\"ListItem\",\"position\":1,\"name\":\"Home\",\"item\":\"https:\\\/\\\/adltexas.org\\\/\"},{\"@type\":\"ListItem\",\"position\":2,\"name\":\"Internal\"}]},{\"@type\":\"WebSite\",\"@id\":\"https:\\\/\\\/adltexas.org\\\/#website\",\"url\":\"https:\\\/\\\/adltexas.org\\\/\",\"name\":\"Animal Defense League of Texas - San Antonio\",\"description\":\"No Kill Animal Shelter, San Antonio, Texas\",\"publisher\":{\"@id\":\"https:\\\/\\\/adltexas.org\\\/#organization\"},\"potentialAction\":[{\"@type\":\"SearchAction\",\"target\":{\"@type\":\"EntryPoint\",\"urlTemplate\":\"https:\\\/\\\/adltexas.org\\\/?s={search_term_string}\"},\"query-input\":{\"@type\":\"PropertyValueSpecification\",\"valueRequired\":true,\"valueName\":\"search_term_string\"}}],\"inLanguage\":\"es\"},{\"@type\":\"Organization\",\"@id\":\"https:\\\/\\\/adltexas.org\\\/#organization\",\"name\":\"Animal Defense League of Texas\",\"url\":\"https:\\\/\\\/adltexas.org\\\/\",\"logo\":{\"@type\":\"ImageObject\",\"inLanguage\":\"es\",\"@id\":\"https:\\\/\\\/adltexas.org\\\/#\\\/schema\\\/logo\\\/image\\\/\",\"url\":\"https:\\\/\\\/i0.wp.com\\\/adltexas.org\\\/wp-content\\\/uploads\\\/2016\\\/05\\\/adl-logo-ty.gif?fit=140%2C140&ssl=1\",\"contentUrl\":\"https:\\\/\\\/i0.wp.com\\\/adltexas.org\\\/wp-content\\\/uploads\\\/2016\\\/05\\\/adl-logo-ty.gif?fit=140%2C140&ssl=1\",\"width\":140,\"height\":140,\"caption\":\"Animal Defense League of Texas\"},\"image\":{\"@id\":\"https:\\\/\\\/adltexas.org\\\/#\\\/schema\\\/logo\\\/image\\\/\"},\"sameAs\":[\"https:\\\/\\\/www.facebook.com\\\/adltexas\\\/\",\"https:\\\/\\\/x.com\\\/ADLofTX\",\"https:\\\/\\\/www.instagram.com\\\/animaldefenseleague\\\/\",\"https:\\\/\\\/www.linkedin.com\\\/company\\\/animal-defense-league\\\/\",\"https:\\\/\\\/www.youtube.com\\\/user\\\/adoptADL\"]}]}<\/script>\n<!-- \/ Yoast SEO plugin. -->","yoast_head_json":{"title":"Internal - Animal Defense League of Texas - San Antonio","robots":{"index":"index","follow":"follow","max-snippet":"max-snippet:-1","max-image-preview":"max-image-preview:large","max-video-preview":"max-video-preview:-1"},"canonical":"https:\/\/adltexas.org\/es\/internal\/","og_locale":"es_MX","og_type":"article","og_title":"Internal - Animal Defense League of Texas - San Antonio","og_description":"&nbsp; Maintenance Click here to submit a work order to our maintenance department. IT Support Have a tech issue? Click here to submit an IT ticket. Marketing Ticket Need a . . .","og_url":"https:\/\/adltexas.org\/es\/internal\/","og_site_name":"Animal Defense League of Texas - San Antonio","article_publisher":"https:\/\/www.facebook.com\/adltexas\/","article_modified_time":"2024-09-12T15:24:40+00:00","twitter_card":"summary_large_image","twitter_site":"@ADLofTX","twitter_misc":{"Est. reading time":"2 minutos"},"schema":{"@context":"https:\/\/schema.org","@graph":[{"@type":"WebPage","@id":"https:\/\/adltexas.org\/internal\/","url":"https:\/\/adltexas.org\/internal\/","name":"Internal - Animal Defense League of Texas - San Antonio","isPartOf":{"@id":"https:\/\/adltexas.org\/#website"},"datePublished":"2017-06-27T14:10:24+00:00","dateModified":"2024-09-12T15:24:40+00:00","breadcrumb":{"@id":"https:\/\/adltexas.org\/internal\/#breadcrumb"},"inLanguage":"es","potentialAction":[{"@type":"ReadAction","target":["https:\/\/adltexas.org\/internal\/"]}]},{"@type":"BreadcrumbList","@id":"https:\/\/adltexas.org\/internal\/#breadcrumb","itemListElement":[{"@type":"ListItem","position":1,"name":"Home","item":"https:\/\/adltexas.org\/"},{"@type":"ListItem","position":2,"name":"Internal"}]},{"@type":"WebSite","@id":"https:\/\/adltexas.org\/#website","url":"https:\/\/adltexas.org\/","name":"Liga de Defensa Animal de Texas - San Antonio","description":"Refugio para animales sin sacrificio, San Antonio, Texas","publisher":{"@id":"https:\/\/adltexas.org\/#organization"},"potentialAction":[{"@type":"SearchAction","target":{"@type":"EntryPoint","urlTemplate":"https:\/\/adltexas.org\/?s={search_term_string}"},"query-input":{"@type":"PropertyValueSpecification","valueRequired":true,"valueName":"search_term_string"}}],"inLanguage":"es"},{"@type":"Organization","@id":"https:\/\/adltexas.org\/#organization","name":"Liga de Defensa de los Animales de Texas","url":"https:\/\/adltexas.org\/","logo":{"@type":"ImageObject","inLanguage":"es","@id":"https:\/\/adltexas.org\/#\/schema\/logo\/image\/","url":"https:\/\/i0.wp.com\/adltexas.org\/wp-content\/uploads\/2016\/05\/adl-logo-ty.gif?fit=140%2C140&ssl=1","contentUrl":"https:\/\/i0.wp.com\/adltexas.org\/wp-content\/uploads\/2016\/05\/adl-logo-ty.gif?fit=140%2C140&ssl=1","width":140,"height":140,"caption":"Animal Defense League of Texas"},"image":{"@id":"https:\/\/adltexas.org\/#\/schema\/logo\/image\/"},"sameAs":["https:\/\/www.facebook.com\/adltexas\/","https:\/\/x.com\/ADLofTX","https:\/\/www.instagram.com\/animaldefenseleague\/","https:\/\/www.linkedin.com\/company\/animal-defense-league\/","https:\/\/www.youtube.com\/user\/adoptADL"]}]}},"_links":{"self":[{"href":"https:\/\/adltexas.org\/es\/wp-json\/wp\/v2\/pages\/40039","targetHints":{"allow":["GET"]}}],"collection":[{"href":"https:\/\/adltexas.org\/es\/wp-json\/wp\/v2\/pages"}],"about":[{"href":"https:\/\/adltexas.org\/es\/wp-json\/wp\/v2\/types\/page"}],"author":[{"embeddable":true,"href":"https:\/\/adltexas.org\/es\/wp-json\/wp\/v2\/users\/1001021"}],"replies":[{"embeddable":true,"href":"https:\/\/adltexas.org\/es\/wp-json\/wp\/v2\/comments?post=40039"}],"version-history":[{"count":0,"href":"https:\/\/adltexas.org\/es\/wp-json\/wp\/v2\/pages\/40039\/revisions"}],"wp:attachment":[{"href":"https:\/\/adltexas.org\/es\/wp-json\/wp\/v2\/media?parent=40039"}],"curies":[{"name":"wp","href":"https:\/\/api.w.org\/{rel}","templated":true}]}}