{"id":201406,"date":"2025-12-16T13:17:11","date_gmt":"2025-12-16T19:17:11","guid":{"rendered":"https:\/\/adltexas.org\/?page_id=201406"},"modified":"2025-12-16T16:41:27","modified_gmt":"2025-12-16T22:41:27","slug":"formulario-de-admision-de-acogida","status":"publish","type":"page","link":"https:\/\/adltexas.org\/es\/foster-intake-form\/","title":{"rendered":"Formulario de admisi\u00f3n de acogida"},"content":{"rendered":"<h2 data-start=\"174\" data-end=\"202\">Informaci\u00f3n sobre la admisi\u00f3n en hogares de acogida<\/h2>\n<h4 data-start=\"204\" data-end=\"400\">La Liga de Defensa Animal de Texas acepta nuevos casos de acogida bas\u00e1ndose en <strong data-start=\"275\" data-end=\"301\">espacio disponible en la perrera<\/strong> y nuestro <strong data-start=\"310\" data-end=\"351\">capacidad para colocar mascotas en hogares de acogida<\/strong> hasta que alcancen la edad y el peso adecuados.<\/h4>\n<h4 data-start=\"204\" data-end=\"400\"><strong data-start=\"404\" data-end=\"420\">Tenga en cuenta lo siguiente:<\/strong> Debido a la gran demanda y al espacio limitado, <strong data-start=\"459\" data-end=\"510\">No todas las solicitudes de acogida pueden ser aceptadas.<\/strong><\/h4>\n<p><a class=\"btn btnPrimary\" href=\"https:\/\/adltexas.org\/es\/foster-intake\/\">Haga clic aqu\u00ed para acceder al formulario de admisi\u00f3n.<\/a><\/p>\n<hr \/>\n<h3>Antes de su cita<\/h3>\n<p>Mientras espera su cita para la admisi\u00f3n en acogida y el examen:<\/p>\n<ul>\n<li>T\u00fa eres <strong>totalmente responsable<\/strong> para el cuidado de tu mascota, incluyendo comida, agua, seguridad y cualquier necesidad m\u00e9dica.<\/li>\n<li>ADL es <strong>no responsable<\/strong> para la mascota hasta que se transfiera la propiedad durante el primer examen de admisi\u00f3n.<\/li>\n<li>Cualquier costo por tratamiento antes de la admisi\u00f3n. <strong>no se reembolsar\u00e1.<\/strong><\/li>\n<li>ADL solo puede proporcionar cuidados a las mascotas que hayan ingresado oficialmente en el programa de acogida.<\/li>\n<\/ul>\n<p>Todas las mascotas que ingresen deben estar <strong>socializar con la gente<\/strong> y <strong>que se puede manipular con seguridad<\/strong> por nuestro equipo de acogida.<\/p>\n<hr \/>\n<h3>Cuotas de inscripci\u00f3n<\/h3>\n<p>Para ayudar a cubrir el costo de la atenci\u00f3n, un <strong>cuota de inscripci\u00f3n no reembolsable<\/strong> es necesario al programar:<\/p>\n<ul>\n<li><strong>Cachorros\/gatitos menores de 2 meses:<\/strong> $50 por camada (incluye madres lactantes y camadas)<\/li>\n<\/ul>\n<hr \/>\n<h3>Otras opciones<\/h3>\n<p>Si no podemos aceptar su solicitud de acogida, considere ponerse en contacto con:<\/p>\n<ul>\n<li><strong>Servicios de cuidado de animales<\/strong> \u2013 210-207-4738<\/li>\n<li><strong>Sociedad Protectora de Animales de San Antonio<\/strong> \u2013 <a class=\"decorated-link\" href=\"https:\/\/sahumane.org\" target=\"_new\" rel=\"noopener\">sahumane.org<\/a> | 210-226-7461<\/li>\n<li><strong>San Antonio Mascotas vivas<\/strong> \u2013 <a class=\"decorated-link\" href=\"https:\/\/sanantoniopetsalive.org\" target=\"_new\" rel=\"noopener\">sanantoniopetsalive.org<\/a> | 210-370-7612<\/li>\n<li><strong>Coalici\u00f3n de Gatos Callejeros de San Antonio<\/strong> \u2013 <a class=\"decorated-link\" href=\"https:\/\/sanantonioferalcats.org\" target=\"_new\" rel=\"noopener\">sanantonioferalcats.org<\/a> | 210-877-9067<\/li>\n<\/ul>\n<p>Las pol\u00edticas de admisi\u00f3n y la disponibilidad de cada organizaci\u00f3n pueden variar. Comun\u00edquese directamente con ellas para confirmar que haya cupo antes de llegar.<\/p>\n<hr \/>\n<h3>Reubicaci\u00f3n por Petco<\/h3>\n<p>\u00bfBuscas otra forma de ayudar a tu mascota a encontrar un nuevo hogar?<br \/>\n<strong><a class=\"decorated-link\" href=\"https:\/\/rehome.adoptapet.com\/\" target=\"_new\" rel=\"noopener\">Reubicaci\u00f3n por Petco<\/a><\/strong> es una aplicaci\u00f3n gratuita que conecta a los due\u00f1os de mascotas con los adoptantes, ayudando a las mascotas a encontrar nuevas familias sin tener que pasar por el sistema de refugios.<\/p>","protected":false},"excerpt":{"rendered":"<p>Informaci\u00f3n sobre la admisi\u00f3n de animales en acogida La Liga de Defensa Animal de Texas acepta nuevos animales en acogida en funci\u00f3n del espacio disponible en las perreras y de nuestra capacidad para colocar a las mascotas en hogares de acogida hasta que alcancen... .<\/p>","protected":false},"author":1001033,"featured_media":0,"parent":0,"menu_order":0,"comment_status":"closed","ping_status":"closed","template":"","meta":{"_acf_changed":false,"inline_featured_image":false,"_exactmetrics_skip_tracking":false,"_exactmetrics_sitenote_active":false,"_exactmetrics_sitenote_note":"","_exactmetrics_sitenote_category":0,"footnotes":""},"class_list":["post-201406","page","type-page","status-publish"],"acf":{"flex_tf_header_image":true,"flex_image":"https:\/\/adltexas.org\/wp-content\/uploads\/2025\/04\/Pet-Print-green-bk.png","flexible_page_content":false},"yoast_head":"<!-- This site is optimized with the Yoast SEO plugin v27.5 - https:\/\/yoast.com\/product\/yoast-seo-wordpress\/ -->\n<title>Foster Intake Form - Animal Defense League of Texas - San Antonio<\/title>\n<meta name=\"robots\" content=\"index, follow, max-snippet:-1, max-image-preview:large, max-video-preview:-1\" \/>\n<link rel=\"canonical\" href=\"https:\/\/adltexas.org\/es\/formulario-de-admision-de-acogida\/\" \/>\n<meta property=\"og:locale\" content=\"es_MX\" \/>\n<meta property=\"og:type\" content=\"article\" \/>\n<meta property=\"og:title\" content=\"Foster Intake Form - Animal Defense League of Texas - San Antonio\" \/>\n<meta property=\"og:description\" content=\"Foster Intake Information The Animal Defense League of Texas accepts new foster intakes based on available kennel space and our ability to place pets in foster homes until they reach . . .\" \/>\n<meta property=\"og:url\" content=\"https:\/\/adltexas.org\/es\/formulario-de-admision-de-acogida\/\" \/>\n<meta property=\"og:site_name\" content=\"Animal Defense League of Texas - San Antonio\" \/>\n<meta property=\"article:publisher\" content=\"https:\/\/www.facebook.com\/adltexas\/\" \/>\n<meta property=\"article:modified_time\" content=\"2025-12-16T22:41:27+00:00\" \/>\n<meta name=\"twitter:card\" content=\"summary_large_image\" \/>\n<meta name=\"twitter:site\" content=\"@ADLofTX\" \/>\n<meta name=\"twitter:label1\" content=\"Est. reading time\" \/>\n\t<meta name=\"twitter:data1\" content=\"2 minutos\" \/>\n<script type=\"application\/ld+json\" class=\"yoast-schema-graph\">{\"@context\":\"https:\\\/\\\/schema.org\",\"@graph\":[{\"@type\":\"WebPage\",\"@id\":\"https:\\\/\\\/adltexas.org\\\/foster-intake-form\\\/\",\"url\":\"https:\\\/\\\/adltexas.org\\\/foster-intake-form\\\/\",\"name\":\"Foster Intake Form - Animal Defense League of Texas - San Antonio\",\"isPartOf\":{\"@id\":\"https:\\\/\\\/adltexas.org\\\/#website\"},\"datePublished\":\"2025-12-16T19:17:11+00:00\",\"dateModified\":\"2025-12-16T22:41:27+00:00\",\"breadcrumb\":{\"@id\":\"https:\\\/\\\/adltexas.org\\\/foster-intake-form\\\/#breadcrumb\"},\"inLanguage\":\"es\",\"potentialAction\":[{\"@type\":\"ReadAction\",\"target\":[\"https:\\\/\\\/adltexas.org\\\/foster-intake-form\\\/\"]}]},{\"@type\":\"BreadcrumbList\",\"@id\":\"https:\\\/\\\/adltexas.org\\\/foster-intake-form\\\/#breadcrumb\",\"itemListElement\":[{\"@type\":\"ListItem\",\"position\":1,\"name\":\"Home\",\"item\":\"https:\\\/\\\/adltexas.org\\\/\"},{\"@type\":\"ListItem\",\"position\":2,\"name\":\"Foster Intake Form\"}]},{\"@type\":\"WebSite\",\"@id\":\"https:\\\/\\\/adltexas.org\\\/#website\",\"url\":\"https:\\\/\\\/adltexas.org\\\/\",\"name\":\"Animal Defense League of Texas - San Antonio\",\"description\":\"No Kill Animal Shelter, San Antonio, Texas\",\"publisher\":{\"@id\":\"https:\\\/\\\/adltexas.org\\\/#organization\"},\"potentialAction\":[{\"@type\":\"SearchAction\",\"target\":{\"@type\":\"EntryPoint\",\"urlTemplate\":\"https:\\\/\\\/adltexas.org\\\/?s={search_term_string}\"},\"query-input\":{\"@type\":\"PropertyValueSpecification\",\"valueRequired\":true,\"valueName\":\"search_term_string\"}}],\"inLanguage\":\"es\"},{\"@type\":\"Organization\",\"@id\":\"https:\\\/\\\/adltexas.org\\\/#organization\",\"name\":\"Animal Defense League of Texas\",\"url\":\"https:\\\/\\\/adltexas.org\\\/\",\"logo\":{\"@type\":\"ImageObject\",\"inLanguage\":\"es\",\"@id\":\"https:\\\/\\\/adltexas.org\\\/#\\\/schema\\\/logo\\\/image\\\/\",\"url\":\"https:\\\/\\\/i0.wp.com\\\/adltexas.org\\\/wp-content\\\/uploads\\\/2016\\\/05\\\/adl-logo-ty.gif?fit=140%2C140&ssl=1\",\"contentUrl\":\"https:\\\/\\\/i0.wp.com\\\/adltexas.org\\\/wp-content\\\/uploads\\\/2016\\\/05\\\/adl-logo-ty.gif?fit=140%2C140&ssl=1\",\"width\":140,\"height\":140,\"caption\":\"Animal Defense League of Texas\"},\"image\":{\"@id\":\"https:\\\/\\\/adltexas.org\\\/#\\\/schema\\\/logo\\\/image\\\/\"},\"sameAs\":[\"https:\\\/\\\/www.facebook.com\\\/adltexas\\\/\",\"https:\\\/\\\/x.com\\\/ADLofTX\",\"https:\\\/\\\/www.instagram.com\\\/animaldefenseleague\\\/\",\"https:\\\/\\\/www.linkedin.com\\\/company\\\/animal-defense-league\\\/\",\"https:\\\/\\\/www.youtube.com\\\/user\\\/adoptADL\"]}]}<\/script>\n<!-- \/ Yoast SEO plugin. -->","yoast_head_json":{"title":"Formulario de acogida temporal - Liga de Defensa Animal de Texas - San Antonio","robots":{"index":"index","follow":"follow","max-snippet":"max-snippet:-1","max-image-preview":"max-image-preview:large","max-video-preview":"max-video-preview:-1"},"canonical":"https:\/\/adltexas.org\/es\/formulario-de-admision-de-acogida\/","og_locale":"es_MX","og_type":"article","og_title":"Foster Intake Form - Animal Defense League of Texas - San Antonio","og_description":"Foster Intake Information The Animal Defense League of Texas accepts new foster intakes based on available kennel space and our ability to place pets in foster homes until they reach . . .","og_url":"https:\/\/adltexas.org\/es\/formulario-de-admision-de-acogida\/","og_site_name":"Animal Defense League of Texas - San Antonio","article_publisher":"https:\/\/www.facebook.com\/adltexas\/","article_modified_time":"2025-12-16T22:41:27+00:00","twitter_card":"summary_large_image","twitter_site":"@ADLofTX","twitter_misc":{"Est. reading time":"2 minutos"},"schema":{"@context":"https:\/\/schema.org","@graph":[{"@type":"WebPage","@id":"https:\/\/adltexas.org\/foster-intake-form\/","url":"https:\/\/adltexas.org\/foster-intake-form\/","name":"Formulario de acogida temporal - Liga de Defensa Animal de Texas - San Antonio","isPartOf":{"@id":"https:\/\/adltexas.org\/#website"},"datePublished":"2025-12-16T19:17:11+00:00","dateModified":"2025-12-16T22:41:27+00:00","breadcrumb":{"@id":"https:\/\/adltexas.org\/foster-intake-form\/#breadcrumb"},"inLanguage":"es","potentialAction":[{"@type":"ReadAction","target":["https:\/\/adltexas.org\/foster-intake-form\/"]}]},{"@type":"BreadcrumbList","@id":"https:\/\/adltexas.org\/foster-intake-form\/#breadcrumb","itemListElement":[{"@type":"ListItem","position":1,"name":"Home","item":"https:\/\/adltexas.org\/"},{"@type":"ListItem","position":2,"name":"Foster Intake Form"}]},{"@type":"WebSite","@id":"https:\/\/adltexas.org\/#website","url":"https:\/\/adltexas.org\/","name":"Liga de Defensa Animal de Texas - San Antonio","description":"Refugio para animales sin sacrificio, San Antonio, Texas","publisher":{"@id":"https:\/\/adltexas.org\/#organization"},"potentialAction":[{"@type":"SearchAction","target":{"@type":"EntryPoint","urlTemplate":"https:\/\/adltexas.org\/?s={search_term_string}"},"query-input":{"@type":"PropertyValueSpecification","valueRequired":true,"valueName":"search_term_string"}}],"inLanguage":"es"},{"@type":"Organization","@id":"https:\/\/adltexas.org\/#organization","name":"Liga de Defensa de los Animales de Texas","url":"https:\/\/adltexas.org\/","logo":{"@type":"ImageObject","inLanguage":"es","@id":"https:\/\/adltexas.org\/#\/schema\/logo\/image\/","url":"https:\/\/i0.wp.com\/adltexas.org\/wp-content\/uploads\/2016\/05\/adl-logo-ty.gif?fit=140%2C140&ssl=1","contentUrl":"https:\/\/i0.wp.com\/adltexas.org\/wp-content\/uploads\/2016\/05\/adl-logo-ty.gif?fit=140%2C140&ssl=1","width":140,"height":140,"caption":"Animal Defense League of Texas"},"image":{"@id":"https:\/\/adltexas.org\/#\/schema\/logo\/image\/"},"sameAs":["https:\/\/www.facebook.com\/adltexas\/","https:\/\/x.com\/ADLofTX","https:\/\/www.instagram.com\/animaldefenseleague\/","https:\/\/www.linkedin.com\/company\/animal-defense-league\/","https:\/\/www.youtube.com\/user\/adoptADL"]}]}},"_links":{"self":[{"href":"https:\/\/adltexas.org\/es\/wp-json\/wp\/v2\/pages\/201406","targetHints":{"allow":["GET"]}}],"collection":[{"href":"https:\/\/adltexas.org\/es\/wp-json\/wp\/v2\/pages"}],"about":[{"href":"https:\/\/adltexas.org\/es\/wp-json\/wp\/v2\/types\/page"}],"author":[{"embeddable":true,"href":"https:\/\/adltexas.org\/es\/wp-json\/wp\/v2\/users\/1001033"}],"replies":[{"embeddable":true,"href":"https:\/\/adltexas.org\/es\/wp-json\/wp\/v2\/comments?post=201406"}],"version-history":[{"count":0,"href":"https:\/\/adltexas.org\/es\/wp-json\/wp\/v2\/pages\/201406\/revisions"}],"wp:attachment":[{"href":"https:\/\/adltexas.org\/es\/wp-json\/wp\/v2\/media?parent=201406"}],"curies":[{"name":"wp","href":"https:\/\/api.w.org\/{rel}","templated":true}]}}