{"id":172,"date":"2012-03-09T22:24:52","date_gmt":"2012-03-09T22:24:52","guid":{"rendered":"http:\/\/adltexas.wpengine.com\/?page_id=172"},"modified":"2012-03-12T21:57:58","modified_gmt":"2012-03-12T21:57:58","slug":"cuidado-del-recien-nacido","status":"publish","type":"page","link":"https:\/\/adltexas.org\/es\/online-resources\/newborn-care\/","title":{"rendered":"Cuidados del reci\u00e9n nacido"},"content":{"rendered":"<p>Cuidar de cachorros y gatitos reci\u00e9n nacidos puede llevar mucho tiempo y, a veces, ser un trabajo dif\u00edcil. Es una experiencia muy gratificante ver c\u00f3mo pasan de ser beb\u00e9s indefensos a animales m\u00e1s independientes y sanos.<\/p>\n<h3><strong>Cuidado de cachorros y gatitos reci\u00e9n nacidos<\/strong><\/h3>\n<p><strong>Determinaci\u00f3n de la edad<\/strong><br \/>\n<strong>Desde el nacimiento hasta una semana<\/strong>: El cord\u00f3n umbilical puede seguir unido, los ojos cerrados y las orejas planas.<br \/>\n<strong>2 semanas<\/strong>: Con los ojos cerrados, comienzan a abrirse entre los d\u00edas 10 y 17, por lo general, se desplazan sobre el vientre y las orejas comienzan a abrirse.<br \/>\n<strong>3 semanas<\/strong>: Abre los ojos, se forman las yemas dentales, los dientes pueden empezar a salir esta semana, empieza a gatear.<br \/>\n<strong>4 semanas<\/strong>: Le salen los dientes, empieza a mostrar inter\u00e9s por la comida enlatada, el reflejo de succi\u00f3n evoluciona a lamido, camina.<br \/>\n<strong>5 semanas<\/strong>: Puede comer comida enlatada. Puede empezar a probar comida seca, puede lamer. Camina bien y empieza a correr.<br \/>\n<strong>6 semanas<\/strong>: Debe poder comer comida seca, ser juguet\u00f3n, correr y saltar.<\/p>\n<h3><strong>Cuidado del reci\u00e9n nacido hasta las 4 semanas<\/strong><\/h3>\n<p><strong>Mantener calientes a los reci\u00e9n nacidos<\/strong>Desde el nacimiento hasta aproximadamente las tres semanas de edad, los cachorros y gatitos no pueden regular su propia temperatura corporal. El fr\u00edo les resulta extremadamente perjudicial. Necesitan un suministro constante de calor artificial (almohadilla t\u00e9rmica) si la madre no est\u00e1 disponible para mantenerlos calientes.<\/p>\n<p>Mantenga al animal o animales en el interior, en una habitaci\u00f3n sin corrientes de aire. Si est\u00e1n al aire libre, est\u00e1n expuestos a temperaturas extremas, infestaciones de pulgas, garrapatas y hormigas rojas, y a otros animales que podr\u00edan hacerles da\u00f1o. Como cama, utilice un transport\u00edn para animales. Forre el interior del transport\u00edn con toallas. Coloque una almohadilla t\u00e9rmica debajo de la mitad del transport\u00edn (no dentro de \u00e9l). Encienda la almohadilla t\u00e9rmica a temperatura media. Despu\u00e9s de 10 minutos, la mitad de las toallas deben estar agradablemente calientes, ni demasiado calientes ni demasiado fr\u00edas. Esto permite al animal moverse a la zona que le resulte m\u00e1s c\u00f3moda. Durante las dos primeras semanas de vida, coloque otra toalla sobre la parte superior de la jaula para evitar corrientes de aire. Cuando el animal tenga cuatro semanas de edad, ya no ser\u00e1 necesaria la almohadilla t\u00e9rmica, a menos que la habitaci\u00f3n sea fr\u00eda o haya corrientes de aire. Si el animal no tiene hermanos de camada, coloque un peluche y\/o un reloj que haga tictac dentro de la jaula.<\/p>\n<p><strong>Mantener limpios a los reci\u00e9n nacidos<\/strong>Las mam\u00e1s perras y gatas no solo mantienen a sus cr\u00edas calientes y alimentadas, sino que tambi\u00e9n las mantienen limpias. Al limpiarlas, estimulan a los reci\u00e9n nacidos a orinar\/defecar. Los reci\u00e9n nacidos menores de dos o tres semanas de edad no suelen eliminar espont\u00e1neamente por s\u00ed mismos. (Algunos lo hacen, pero esto no es suficiente para prevenir una posible estasis que puede provocar una infecci\u00f3n). Para ayudar a su reci\u00e9n nacido, utilice un algod\u00f3n o un pa\u00f1uelo de papel humedecido con agua tibia. Acaricie suavemente la zona genital\/anal antes y despu\u00e9s de las tomas. Si el animal no lo hace en ese momento, vuelva a intentarlo en una hora. Mantenga la cama limpia y seca en todo momento para evitar que se enfr\u00ede. Si es necesario ba\u00f1ar al animal, recomendamos un champ\u00fa suave para beb\u00e9s o cachorros que no pique en los ojos. B\u00e1\u00f1elo con agua tibia, s\u00e9quelo con una toalla y s\u00e9quelo a\u00fan m\u00e1s con un secador de pelo el\u00e9ctrico a baja potencia. Aseg\u00farese de que el animal est\u00e9 completamente seco antes de volver a meterlo en la jaula. Si hay pulgas, b\u00e1\u00f1elo como se ha descrito anteriormente. No utilice champ\u00fa contra pulgas o garrapatas, ya que puede ser t\u00f3xico para los reci\u00e9n nacidos. Si las pulgas siguen presentes, consulte a su veterinario. La anemia causada por las pulgas puede ser mortal si no se trata.<\/p>\n<p><strong>Alimentar a tu reci\u00e9n nacido<\/strong>Hasta que el animal tenga entre cuatro y cinco semanas de edad, es necesario alimentarlo con biber\u00f3n. Existen f\u00f3rmulas especiales para cachorros y gatitos. La leche materna humana o las f\u00f3rmulas para beb\u00e9s humanos no son adecuadas para los animales beb\u00e9s. Recomendamos Esbilac para cachorros y KMR para gatitos. Los animales beb\u00e9s deben alimentarse cada tres o cuatro horas. Para mezclar la f\u00f3rmula seca, mezcle una parte de f\u00f3rmula con tres partes de agua. Caliente el agua en el microondas y luego m\u00e9zclela. Revuelva y compruebe la temperatura. La f\u00f3rmula debe estar tibia o caliente. Sostenga al reci\u00e9n nacido con una mano, apoyando el pecho y el abdomen del animal. No alimente al animal como a un beb\u00e9 humano (acostado boca arriba). Debe ser como si el animal estuviera mamando de la madre perra\/gata. Es posible que observe que el animal intenta colocar sus patas delanteras en la palma de la mano que sostiene el biber\u00f3n. Incluso puede \u201camasar\u201d mientras se alimenta. La mayor\u00eda de los animales soltar\u00e1n el biber\u00f3n cuando est\u00e9n llenos o cuando necesiten eructar. Haz eructar al animal. Puede que quiera m\u00e1s f\u00f3rmula o puede que no. Si la f\u00f3rmula se ha enfriado, cali\u00e9ntala de nuevo y ofr\u00e9cela al animal. A la mayor\u00eda les gusta m\u00e1s cuando est\u00e1 caliente que cuando est\u00e1 fr\u00eda.<\/p>\n<p>Si en alg\u00fan momento se administra demasiada f\u00f3rmula, el animal comenzar\u00e1 a atragantarse. Deje de alimentarlo y limpie el exceso de f\u00f3rmula de la boca y la nariz. Baje el \u00e1ngulo del biber\u00f3n al alimentarlo para que se administre menos f\u00f3rmula. Si se aspira demasiado aire, aumente el \u00e1ngulo del biber\u00f3n para que se pueda administrar m\u00e1s f\u00f3rmula. La mayor\u00eda de las tetinas no tienen orificios previos. Siga las instrucciones de la caja de las tetinas. Si es necesario aumentar el tama\u00f1o del orificio, utilice unas tijeras peque\u00f1as para hacer un orificio m\u00e1s grande o utilice una aguja caliente de gran di\u00e1metro para aumentar el tama\u00f1o del orificio. A veces, los reci\u00e9n nacidos no aceptan f\u00e1cilmente el biber\u00f3n. Intente ofrecerle el biber\u00f3n en cada toma. Si no lo consigue, utilice un cuentagotas o una jeringa para administrarle la leche. Administre la leche lentamente. Si lo hace con demasiada fuerza, la leche podr\u00eda llegar a los pulmones. La mayor\u00eda de los animales beb\u00e9s aprenden a alimentarse con biber\u00f3n.<\/p>\n<p>Cuando el animal tiene aproximadamente cuatro semanas de edad, comienzan a salirle los dientes. Una vez que le han salido los dientes y se toma todo el biber\u00f3n en cada toma, o si mastica la tetina en lugar de chuparla, normalmente est\u00e1 listo para empezar a comer alimentos s\u00f3lidos.<\/p>\n<h3><strong>De 4 a 6 semanas de edad<\/strong><\/h3>\n<p><strong>Ropa de cama<\/strong>: Consulte \u201cMantener calientes a los reci\u00e9n nacidos\u201d. A las cuatro semanas de edad, los cachorros y gatitos son capaces de regular su propia temperatura corporal. Por lo tanto, ya no es necesario utilizar una almohadilla t\u00e9rmica. Siga utilizando la jaula como cama. Si el espacio lo permite, coloque la jaula en una zona donde puedan salir de la cama para jugar y hacer ejercicio (normalmente, un cuarto de servicio, un cuarto de ba\u00f1o o una cocina). A partir de esta edad, los gatitos comenzar\u00e1n a utilizar una caja de arena. Se pueden utilizar la mayor\u00eda de las arenas para gatos, excepto las marcas que se pueden recoger con pala, ya que pueden inhalarse o ingerirse con facilidad. En el caso de los cachorros, coloque papel peri\u00f3dico en el suelo fuera de la jaula. A los cachorros no les gusta ensuciar su cama.<\/p>\n<p><strong>Alimentaci\u00f3n<\/strong>Una vez que los dientes hayan salido, aproximadamente a las cuatro semanas de edad, los cachorros y gatitos pueden empezar a comer alimentos s\u00f3lidos. A las cuatro o cinco semanas de edad, ofr\u00e9zcales comida enlatada para cachorros o gatitos mezclada con f\u00f3rmula o comida para beb\u00e9s (pollo o res) mezclada con f\u00f3rmula. S\u00edrvala tibia. Alim\u00e9ntelos cuatro o cinco veces al d\u00eda si no toman biber\u00f3n. Si a\u00fan toman biber\u00f3n, ofr\u00e9zcales esto dos veces al d\u00eda al principio y contin\u00fae aliment\u00e1ndolos con biber\u00f3n en las otras comidas. Poco a poco, vaya aumentando la frecuencia con la que les da la mezcla s\u00f3lida y reduciendo la alimentaci\u00f3n con biber\u00f3n. A esta edad, es necesario limpiarles la cara con un pa\u00f1o h\u00famedo y tibio despu\u00e9s de las comidas. Los gatitos suelen empezar a limpiarse solos despu\u00e9s de las comidas cuando tienen cinco semanas de edad.<\/p>\n<p><strong>A las cinco o seis semanas de edad<\/strong>, el animal deber\u00eda empezar a beber. Ofr\u00e9zcale comida enlatada para gatitos\/cachorros o comida h\u00fameda para gatitos\/cachorros. Alim\u00e9ntelo cuatro veces al d\u00eda. Tenga siempre a su disposici\u00f3n comida seca para gatitos\/cachorros y un cuenco con agua poco profunda.<\/p>\n<p><strong>A las seis semanas de edad<\/strong>, La mayor\u00eda de los cachorros pueden comer comida seca.<\/p>\n<h3><strong>Cu\u00e1ndo acudir al m\u00e9dico<\/strong><\/h3>\n<ul>\n<li>Movimientos intestinales: sueltos, acuosos, con sangre.<\/li>\n<li>Orinar con sangre, esfuerzo, frecuencia.<\/li>\n<li>P\u00e9rdida de pelo, rascado, grasa, olor, costras.<\/li>\n<li>Ojos entrecerrados, secreci\u00f3n durante m\u00e1s de un d\u00eda.<\/li>\n<li>Zumbidos en los o\u00eddos, color negro en el interior del o\u00eddo, picaz\u00f3n, olor.<\/li>\n<li>S\u00edntomas similares a los del resfriado: estornudos, secreci\u00f3n nasal, tos.<\/li>\n<li>Falta de apetito, disminuci\u00f3n del apetito, v\u00f3mitos.<\/li>\n<li>Aspecto huesudo: se puede palpar f\u00e1cilmente la columna vertebral, aspecto demacrado.<\/li>\n<li>Comportamiento: ap\u00e1tico, inactivo.<\/li>\n<li>Si observa pulgas o garrapatas, no utilice champ\u00fas ni productos contra pulgas y garrapatas de venta libre, a menos que est\u00e9n aprobados para animales menores de 8 semanas de edad.<\/li>\n<li>Capaz de ver cualquier gusano en la zona rectal o en las heces, o en cualquier parte del cuerpo.<\/li>\n<li>Cojera\/claudicaci\u00f3n.<\/li>\n<li>Heridas abiertas o llagas.<\/li>\n<\/ul>","protected":false},"excerpt":{"rendered":"<p>Cuidar de cachorros y gatitos reci\u00e9n nacidos puede llevar mucho tiempo y, en ocasiones, resultar dif\u00edcil. Sin embargo, ver c\u00f3mo pasan de ser beb\u00e9s indefensos a ser m\u00e1s... .<\/p>","protected":false},"author":1001021,"featured_media":0,"parent":31,"menu_order":0,"comment_status":"open","ping_status":"closed","template":"","meta":{"_acf_changed":false,"inline_featured_image":false,"_exactmetrics_skip_tracking":false,"_exactmetrics_sitenote_active":false,"_exactmetrics_sitenote_note":"","_exactmetrics_sitenote_category":0,"footnotes":""},"class_list":["post-172","page","type-page","status-publish"],"acf":[],"yoast_head":"<!-- This site is optimized with the Yoast SEO plugin v27.4 - https:\/\/yoast.com\/product\/yoast-seo-wordpress\/ -->\n<title>Newborn Care - Animal Defense League of Texas - San Antonio<\/title>\n<meta name=\"robots\" content=\"index, follow, max-snippet:-1, max-image-preview:large, max-video-preview:-1\" \/>\n<link rel=\"canonical\" href=\"https:\/\/adltexas.org\/es\/recursos-en-linea\/cuidado-del-recien-nacido\/\" \/>\n<meta property=\"og:locale\" content=\"es_MX\" \/>\n<meta property=\"og:type\" content=\"article\" \/>\n<meta property=\"og:title\" content=\"Newborn Care - Animal Defense League of Texas - San Antonio\" \/>\n<meta property=\"og:description\" content=\"Caring for newborn puppies and kittens can be time-consuming and, at times, difficult work. It is quite a rewarding experience to see them progress from being defenseless babies to more . . .\" \/>\n<meta property=\"og:url\" content=\"https:\/\/adltexas.org\/es\/recursos-en-linea\/cuidado-del-recien-nacido\/\" \/>\n<meta property=\"og:site_name\" content=\"Animal Defense League of Texas - San Antonio\" \/>\n<meta property=\"article:publisher\" content=\"https:\/\/www.facebook.com\/adltexas\/\" \/>\n<meta property=\"article:modified_time\" content=\"2012-03-12T21:57:58+00:00\" \/>\n<meta name=\"twitter:card\" content=\"summary_large_image\" \/>\n<meta name=\"twitter:site\" content=\"@ADLofTX\" \/>\n<meta name=\"twitter:label1\" content=\"Est. reading time\" \/>\n\t<meta name=\"twitter:data1\" content=\"7 minutos\" \/>\n<script type=\"application\/ld+json\" class=\"yoast-schema-graph\">{\"@context\":\"https:\\\/\\\/schema.org\",\"@graph\":[{\"@type\":\"WebPage\",\"@id\":\"https:\\\/\\\/adltexas.org\\\/online-resources\\\/newborn-care\\\/\",\"url\":\"https:\\\/\\\/adltexas.org\\\/online-resources\\\/newborn-care\\\/\",\"name\":\"Newborn Care - Animal Defense League of Texas - San Antonio\",\"isPartOf\":{\"@id\":\"https:\\\/\\\/adltexas.org\\\/#website\"},\"datePublished\":\"2012-03-09T22:24:52+00:00\",\"dateModified\":\"2012-03-12T21:57:58+00:00\",\"breadcrumb\":{\"@id\":\"https:\\\/\\\/adltexas.org\\\/online-resources\\\/newborn-care\\\/#breadcrumb\"},\"inLanguage\":\"es\",\"potentialAction\":[{\"@type\":\"ReadAction\",\"target\":[\"https:\\\/\\\/adltexas.org\\\/online-resources\\\/newborn-care\\\/\"]}]},{\"@type\":\"BreadcrumbList\",\"@id\":\"https:\\\/\\\/adltexas.org\\\/online-resources\\\/newborn-care\\\/#breadcrumb\",\"itemListElement\":[{\"@type\":\"ListItem\",\"position\":1,\"name\":\"Home\",\"item\":\"https:\\\/\\\/adltexas.org\\\/\"},{\"@type\":\"ListItem\",\"position\":2,\"name\":\"Pet Education\",\"item\":\"https:\\\/\\\/adltexas.org\\\/online-resources\\\/\"},{\"@type\":\"ListItem\",\"position\":3,\"name\":\"Newborn Care\"}]},{\"@type\":\"WebSite\",\"@id\":\"https:\\\/\\\/adltexas.org\\\/#website\",\"url\":\"https:\\\/\\\/adltexas.org\\\/\",\"name\":\"Animal Defense League of Texas - San Antonio\",\"description\":\"No Kill Animal Shelter, San Antonio, Texas\",\"publisher\":{\"@id\":\"https:\\\/\\\/adltexas.org\\\/#organization\"},\"potentialAction\":[{\"@type\":\"SearchAction\",\"target\":{\"@type\":\"EntryPoint\",\"urlTemplate\":\"https:\\\/\\\/adltexas.org\\\/?s={search_term_string}\"},\"query-input\":{\"@type\":\"PropertyValueSpecification\",\"valueRequired\":true,\"valueName\":\"search_term_string\"}}],\"inLanguage\":\"es\"},{\"@type\":\"Organization\",\"@id\":\"https:\\\/\\\/adltexas.org\\\/#organization\",\"name\":\"Animal Defense League of Texas\",\"url\":\"https:\\\/\\\/adltexas.org\\\/\",\"logo\":{\"@type\":\"ImageObject\",\"inLanguage\":\"es\",\"@id\":\"https:\\\/\\\/adltexas.org\\\/#\\\/schema\\\/logo\\\/image\\\/\",\"url\":\"https:\\\/\\\/i0.wp.com\\\/adltexas.org\\\/wp-content\\\/uploads\\\/2016\\\/05\\\/adl-logo-ty.gif?fit=140%2C140&ssl=1\",\"contentUrl\":\"https:\\\/\\\/i0.wp.com\\\/adltexas.org\\\/wp-content\\\/uploads\\\/2016\\\/05\\\/adl-logo-ty.gif?fit=140%2C140&ssl=1\",\"width\":140,\"height\":140,\"caption\":\"Animal Defense League of Texas\"},\"image\":{\"@id\":\"https:\\\/\\\/adltexas.org\\\/#\\\/schema\\\/logo\\\/image\\\/\"},\"sameAs\":[\"https:\\\/\\\/www.facebook.com\\\/adltexas\\\/\",\"https:\\\/\\\/x.com\\\/ADLofTX\",\"https:\\\/\\\/www.instagram.com\\\/animaldefenseleague\\\/\",\"https:\\\/\\\/www.linkedin.com\\\/company\\\/animal-defense-league\\\/\",\"https:\\\/\\\/www.youtube.com\\\/user\\\/adoptADL\"]}]}<\/script>\n<!-- \/ Yoast SEO plugin. -->","yoast_head_json":{"title":"Cuidado de reci\u00e9n nacidos - Liga de Defensa Animal de Texas - San Antonio","robots":{"index":"index","follow":"follow","max-snippet":"max-snippet:-1","max-image-preview":"max-image-preview:large","max-video-preview":"max-video-preview:-1"},"canonical":"https:\/\/adltexas.org\/es\/recursos-en-linea\/cuidado-del-recien-nacido\/","og_locale":"es_MX","og_type":"article","og_title":"Newborn Care - Animal Defense League of Texas - San Antonio","og_description":"Caring for newborn puppies and kittens can be time-consuming and, at times, difficult work. It is quite a rewarding experience to see them progress from being defenseless babies to more . . .","og_url":"https:\/\/adltexas.org\/es\/recursos-en-linea\/cuidado-del-recien-nacido\/","og_site_name":"Animal Defense League of Texas - San Antonio","article_publisher":"https:\/\/www.facebook.com\/adltexas\/","article_modified_time":"2012-03-12T21:57:58+00:00","twitter_card":"summary_large_image","twitter_site":"@ADLofTX","twitter_misc":{"Est. reading time":"7 minutos"},"schema":{"@context":"https:\/\/schema.org","@graph":[{"@type":"WebPage","@id":"https:\/\/adltexas.org\/online-resources\/newborn-care\/","url":"https:\/\/adltexas.org\/online-resources\/newborn-care\/","name":"Cuidado de reci\u00e9n nacidos - Liga de Defensa Animal de Texas - San Antonio","isPartOf":{"@id":"https:\/\/adltexas.org\/#website"},"datePublished":"2012-03-09T22:24:52+00:00","dateModified":"2012-03-12T21:57:58+00:00","breadcrumb":{"@id":"https:\/\/adltexas.org\/online-resources\/newborn-care\/#breadcrumb"},"inLanguage":"es","potentialAction":[{"@type":"ReadAction","target":["https:\/\/adltexas.org\/online-resources\/newborn-care\/"]}]},{"@type":"BreadcrumbList","@id":"https:\/\/adltexas.org\/online-resources\/newborn-care\/#breadcrumb","itemListElement":[{"@type":"ListItem","position":1,"name":"Home","item":"https:\/\/adltexas.org\/"},{"@type":"ListItem","position":2,"name":"Pet Education","item":"https:\/\/adltexas.org\/online-resources\/"},{"@type":"ListItem","position":3,"name":"Newborn Care"}]},{"@type":"WebSite","@id":"https:\/\/adltexas.org\/#website","url":"https:\/\/adltexas.org\/","name":"Liga de Defensa Animal de Texas - San Antonio","description":"Refugio para animales sin sacrificio, San Antonio, Texas","publisher":{"@id":"https:\/\/adltexas.org\/#organization"},"potentialAction":[{"@type":"SearchAction","target":{"@type":"EntryPoint","urlTemplate":"https:\/\/adltexas.org\/?s={search_term_string}"},"query-input":{"@type":"PropertyValueSpecification","valueRequired":true,"valueName":"search_term_string"}}],"inLanguage":"es"},{"@type":"Organization","@id":"https:\/\/adltexas.org\/#organization","name":"Liga de Defensa de los Animales de Texas","url":"https:\/\/adltexas.org\/","logo":{"@type":"ImageObject","inLanguage":"es","@id":"https:\/\/adltexas.org\/#\/schema\/logo\/image\/","url":"https:\/\/i0.wp.com\/adltexas.org\/wp-content\/uploads\/2016\/05\/adl-logo-ty.gif?fit=140%2C140&ssl=1","contentUrl":"https:\/\/i0.wp.com\/adltexas.org\/wp-content\/uploads\/2016\/05\/adl-logo-ty.gif?fit=140%2C140&ssl=1","width":140,"height":140,"caption":"Animal Defense League of Texas"},"image":{"@id":"https:\/\/adltexas.org\/#\/schema\/logo\/image\/"},"sameAs":["https:\/\/www.facebook.com\/adltexas\/","https:\/\/x.com\/ADLofTX","https:\/\/www.instagram.com\/animaldefenseleague\/","https:\/\/www.linkedin.com\/company\/animal-defense-league\/","https:\/\/www.youtube.com\/user\/adoptADL"]}]}},"_links":{"self":[{"href":"https:\/\/adltexas.org\/es\/wp-json\/wp\/v2\/pages\/172","targetHints":{"allow":["GET"]}}],"collection":[{"href":"https:\/\/adltexas.org\/es\/wp-json\/wp\/v2\/pages"}],"about":[{"href":"https:\/\/adltexas.org\/es\/wp-json\/wp\/v2\/types\/page"}],"author":[{"embeddable":true,"href":"https:\/\/adltexas.org\/es\/wp-json\/wp\/v2\/users\/1001021"}],"replies":[{"embeddable":true,"href":"https:\/\/adltexas.org\/es\/wp-json\/wp\/v2\/comments?post=172"}],"version-history":[{"count":0,"href":"https:\/\/adltexas.org\/es\/wp-json\/wp\/v2\/pages\/172\/revisions"}],"up":[{"embeddable":true,"href":"https:\/\/adltexas.org\/es\/wp-json\/wp\/v2\/pages\/31"}],"wp:attachment":[{"href":"https:\/\/adltexas.org\/es\/wp-json\/wp\/v2\/media?parent=172"}],"curies":[{"name":"wp","href":"https:\/\/api.w.org\/{rel}","templated":true}]}}