{"id":168,"date":"2012-03-09T22:24:30","date_gmt":"2012-03-09T22:24:30","guid":{"rendered":"http:\/\/adltexas.wpengine.com\/?page_id=168"},"modified":"2018-01-08T10:08:06","modified_gmt":"2018-01-08T16:08:06","slug":"peligros-para-las-mascotas-durante-las-vacaciones","status":"publish","type":"page","link":"https:\/\/adltexas.org\/es\/online-resources\/holiday-pet-hazards\/","title":{"rendered":"Peligros para las mascotas durante las vacaciones"},"content":{"rendered":"<p>Hay muchas decoraciones y golosinas navide\u00f1as que pueden suponer un peligro para la salud de nuestros amigos peludos. Ten en cuenta que durante las fiestas hay peligros ocultos. \u00a1Recuerda estos consejos de seguridad para mascotas!<\/p>\n<h4>Decoraciones:<img data-recalc-dims=\"1\" decoding=\"async\" class=\"wp-image-42272 alignright\" src=\"https:\/\/i0.wp.com\/adltexas.org\/wp-content\/uploads\/2017\/12\/ADL-Thor-in-santa-hat.jpg?w=180&#038;ssl=1\" alt=\"Peligros para las mascotas durante las vacaciones\"  srcset=\"https:\/\/i0.wp.com\/adltexas.org\/wp-content\/uploads\/2017\/12\/ADL-Thor-in-santa-hat.jpg?w=399&amp;ssl=1 399w, https:\/\/i0.wp.com\/adltexas.org\/wp-content\/uploads\/2017\/12\/ADL-Thor-in-santa-hat.jpg?resize=200%2C300&amp;ssl=1 200w, https:\/\/i0.wp.com\/adltexas.org\/wp-content\/uploads\/2017\/12\/ADL-Thor-in-santa-hat.jpg?resize=306%2C460&amp;ssl=1 306w\" sizes=\"(max-width: 399px) 100vw, 399px\" \/><\/h4>\n<ul>\n<li><span style=\"text-decoration: underline;\">Oro de hojalata<\/span> \u2013 A los gatos les encanta jugar con \u00e9l. Pero si lo ingieren, puede causarles laceraciones intestinales e incluso la muerte. Aseg\u00farate de mantener el oropel lejos de todas tus mascotas.<\/li>\n<li><span style=\"text-decoration: underline;\">Luces<\/span> \u2013 Las mascotas que muerden los cables pueden sufrir descargas el\u00e9ctricas y quemaduras en la boca. La descarga puede incluso provocar un ataque card\u00edaco. \u00a1Mantenga estos cables fuera de su alcance!<\/li>\n<li><span style=\"text-decoration: underline;\">Agua para \u00e1rboles<\/span> \u2013 La savia de los pinos puede ser t\u00f3xica para perros y gatos. Aseg\u00farate de que no pueda derramarse y de que no puedan acceder a ella. Lo mejor es vaciar el recipiente al retirar el \u00e1rbol.<\/li>\n<li><span style=\"text-decoration: underline;\">Adornos<\/span> \u2013 Los adornos de vidrio son muy atractivos para los gatos. Los golpean y, desafortunadamente, a veces los rompen, lo que supone un grave riesgo de cortes en sus patas.<\/li>\n<\/ul>\n<h4>Plantas navide\u00f1as da\u00f1inas para las mascotas:<\/h4>\n<ul>\n<li>Poinsettias<\/li>\n<li>Mu\u00e9rdago<\/li>\n<li>Acebo<\/li>\n<li>Agujas de pino<\/li>\n<li>Amaryllis<\/li>\n<\/ul>\n<h4>Alimentos que pueden ser perjudiciales para tu mascota:<\/h4>\n<ul>\n<li><span style=\"text-decoration: underline;\">Chocolate<\/span> \u2013 especialmente el chocolate para hornear es t\u00f3xico para perros y gatos. Incluso una peque\u00f1a cantidad puede ser mortal.<\/li>\n<li><span style=\"text-decoration: underline;\">xilitol<\/span> Este edulcorante artificial, que suele encontrarse en dulces y chicles, puede ser perjudicial para su mascota si lo ingiere.<\/li>\n<li><span style=\"text-decoration: underline;\">Uvas y pasas<\/span> \u2013 puede causar insuficiencia renal aguda en gatos y perros.<\/li>\n<li><span style=\"text-decoration: underline;\">Huesos<\/span> \u2013 especialmente cuando se cocina, puede volverse quebradizo, astillarse y suponer un riesgo de asfixia o causar da\u00f1os internos a tu querido peludo.<\/li>\n<li><span style=\"text-decoration: underline;\">Restos de basura\u00a0<\/span> \u2013 Mantenga la tapa del bote de basura cerrada para que el astuto Fido no pueda hurgar en la basura.<\/li>\n<li>Echa un vistazo a la\u00a0<strong><a href=\"https:\/\/www.aspca.org\/pet-care\/animal-poison-control\/people-foods-avoid-feeding-your-pets\" target=\"_blank\" rel=\"noopener\">Lista de alimentos de la ASPCA<\/a>\u00a0<\/strong>que debes evitar darles a las mascotas.<\/li>\n<\/ul>\n<p>Si cree que su mascota ha ingerido algo potencialmente t\u00f3xico, p\u00f3ngase en contacto con su veterinario o con el centro de urgencias veterinarias m\u00e1s cercano lo antes posible. Estos son los s\u00edntomas a los que debe prestar atenci\u00f3n:<\/p>\n<ul>\n<li>v\u00f3mitos<\/li>\n<li>diarrea<\/li>\n<li>letargo<\/li>\n<li>convulsiones (en casos muy graves)<\/li>\n<\/ul>\n<h4>Otras precauciones a tener en cuenta:<\/h4>\n<ul>\n<li><span style=\"text-decoration: underline;\">Vigila la puerta.<\/span> \u2013 Aseg\u00farate de que tu mascota no est\u00e9 cerca de la puerta cuando est\u00e9 abierta o mantenla en una habitaci\u00f3n separada si se asusta f\u00e1cilmente o si sabes que puede salir corriendo.<\/li>\n<li><span style=\"text-decoration: underline;\">Identifique a sus mascotas<\/span> \u2013 especialmente si viaja con sus mascotas. Aseg\u00farese de que la informaci\u00f3n est\u00e9 actualizada con los datos m\u00e1s recientes.<\/li>\n<li><span style=\"text-decoration: underline;\">Ponga un microchip a sus mascotas<\/span> \u2013 \u00a1Invierte tambi\u00e9n en implantar un microchip a tus mascotas! Si tu mascota ya tiene un microchip, aseg\u00farate de que est\u00e1 activado y de que la informaci\u00f3n est\u00e1 actualizada.<\/li>\n<\/ul>\n<p>\u00a1Esperamos que estos consejos te ayuden a mantener a tus peludos miembros de la familia seguros y felices!<\/p>","protected":false},"excerpt":{"rendered":"<p>Hay muchas decoraciones y golosinas navide\u00f1as que pueden suponer un peligro para la salud de nuestros amigos peludos. Tenga en cuenta que durante las fiestas hay peligros ocultos. Tenga en cuenta lo siguiente... .<\/p>","protected":false},"author":1001021,"featured_media":0,"parent":31,"menu_order":0,"comment_status":"open","ping_status":"closed","template":"","meta":{"_acf_changed":false,"inline_featured_image":false,"_exactmetrics_skip_tracking":false,"_exactmetrics_sitenote_active":false,"_exactmetrics_sitenote_note":"","_exactmetrics_sitenote_category":0,"footnotes":""},"class_list":["post-168","page","type-page","status-publish"],"acf":[],"yoast_head":"<!-- This site is optimized with the Yoast SEO plugin v27.3 - https:\/\/yoast.com\/product\/yoast-seo-wordpress\/ -->\n<title>Holiday Pet Hazards - Animal Defense League of Texas - San Antonio<\/title>\n<meta name=\"robots\" content=\"index, follow, max-snippet:-1, max-image-preview:large, max-video-preview:-1\" \/>\n<link rel=\"canonical\" href=\"https:\/\/adltexas.org\/es\/recursos-en-linea\/peligros-para-las-mascotas-durante-las-vacaciones\/\" \/>\n<meta property=\"og:locale\" content=\"es_MX\" \/>\n<meta property=\"og:type\" content=\"article\" \/>\n<meta property=\"og:title\" content=\"Holiday Pet Hazards - Animal Defense League of Texas - San Antonio\" \/>\n<meta property=\"og:description\" content=\"There are many decorations and holiday treats that can pose a health threat to our furry friends. Keep in mind that there are hidden dangers during the holidays. Keep these . . .\" \/>\n<meta property=\"og:url\" content=\"https:\/\/adltexas.org\/es\/recursos-en-linea\/peligros-para-las-mascotas-durante-las-vacaciones\/\" \/>\n<meta property=\"og:site_name\" content=\"Animal Defense League of Texas - San Antonio\" \/>\n<meta property=\"article:publisher\" content=\"https:\/\/www.facebook.com\/adltexas\/\" \/>\n<meta property=\"article:modified_time\" content=\"2018-01-08T16:08:06+00:00\" \/>\n<meta property=\"og:image\" content=\"https:\/\/adltexas.org\/wp-content\/uploads\/2017\/12\/ADL-Thor-in-santa-hat.jpg\" \/>\n<meta name=\"twitter:card\" content=\"summary_large_image\" \/>\n<meta name=\"twitter:site\" content=\"@ADLofTX\" \/>\n<meta name=\"twitter:label1\" content=\"Est. reading time\" \/>\n\t<meta name=\"twitter:data1\" content=\"2 minutos\" \/>\n<script type=\"application\/ld+json\" class=\"yoast-schema-graph\">{\"@context\":\"https:\\\/\\\/schema.org\",\"@graph\":[{\"@type\":\"WebPage\",\"@id\":\"https:\\\/\\\/adltexas.org\\\/online-resources\\\/holiday-pet-hazards\\\/\",\"url\":\"https:\\\/\\\/adltexas.org\\\/online-resources\\\/holiday-pet-hazards\\\/\",\"name\":\"Holiday Pet Hazards - Animal Defense League of Texas - San Antonio\",\"isPartOf\":{\"@id\":\"https:\\\/\\\/adltexas.org\\\/#website\"},\"primaryImageOfPage\":{\"@id\":\"https:\\\/\\\/adltexas.org\\\/online-resources\\\/holiday-pet-hazards\\\/#primaryimage\"},\"image\":{\"@id\":\"https:\\\/\\\/adltexas.org\\\/online-resources\\\/holiday-pet-hazards\\\/#primaryimage\"},\"thumbnailUrl\":\"https:\\\/\\\/adltexas.org\\\/wp-content\\\/uploads\\\/2017\\\/12\\\/ADL-Thor-in-santa-hat.jpg\",\"datePublished\":\"2012-03-09T22:24:30+00:00\",\"dateModified\":\"2018-01-08T16:08:06+00:00\",\"breadcrumb\":{\"@id\":\"https:\\\/\\\/adltexas.org\\\/online-resources\\\/holiday-pet-hazards\\\/#breadcrumb\"},\"inLanguage\":\"es\",\"potentialAction\":[{\"@type\":\"ReadAction\",\"target\":[\"https:\\\/\\\/adltexas.org\\\/online-resources\\\/holiday-pet-hazards\\\/\"]}]},{\"@type\":\"ImageObject\",\"inLanguage\":\"es\",\"@id\":\"https:\\\/\\\/adltexas.org\\\/online-resources\\\/holiday-pet-hazards\\\/#primaryimage\",\"url\":\"https:\\\/\\\/adltexas.org\\\/wp-content\\\/uploads\\\/2017\\\/12\\\/ADL-Thor-in-santa-hat.jpg\",\"contentUrl\":\"https:\\\/\\\/adltexas.org\\\/wp-content\\\/uploads\\\/2017\\\/12\\\/ADL-Thor-in-santa-hat.jpg\"},{\"@type\":\"BreadcrumbList\",\"@id\":\"https:\\\/\\\/adltexas.org\\\/online-resources\\\/holiday-pet-hazards\\\/#breadcrumb\",\"itemListElement\":[{\"@type\":\"ListItem\",\"position\":1,\"name\":\"Home\",\"item\":\"https:\\\/\\\/adltexas.org\\\/\"},{\"@type\":\"ListItem\",\"position\":2,\"name\":\"Pet Education\",\"item\":\"https:\\\/\\\/adltexas.org\\\/online-resources\\\/\"},{\"@type\":\"ListItem\",\"position\":3,\"name\":\"Holiday Pet Hazards\"}]},{\"@type\":\"WebSite\",\"@id\":\"https:\\\/\\\/adltexas.org\\\/#website\",\"url\":\"https:\\\/\\\/adltexas.org\\\/\",\"name\":\"Animal Defense League of Texas - San Antonio\",\"description\":\"No Kill Animal Shelter, San Antonio, Texas\",\"publisher\":{\"@id\":\"https:\\\/\\\/adltexas.org\\\/#organization\"},\"potentialAction\":[{\"@type\":\"SearchAction\",\"target\":{\"@type\":\"EntryPoint\",\"urlTemplate\":\"https:\\\/\\\/adltexas.org\\\/?s={search_term_string}\"},\"query-input\":{\"@type\":\"PropertyValueSpecification\",\"valueRequired\":true,\"valueName\":\"search_term_string\"}}],\"inLanguage\":\"es\"},{\"@type\":\"Organization\",\"@id\":\"https:\\\/\\\/adltexas.org\\\/#organization\",\"name\":\"Animal Defense League of Texas\",\"url\":\"https:\\\/\\\/adltexas.org\\\/\",\"logo\":{\"@type\":\"ImageObject\",\"inLanguage\":\"es\",\"@id\":\"https:\\\/\\\/adltexas.org\\\/#\\\/schema\\\/logo\\\/image\\\/\",\"url\":\"https:\\\/\\\/i0.wp.com\\\/adltexas.org\\\/wp-content\\\/uploads\\\/2016\\\/05\\\/adl-logo-ty.gif?fit=140%2C140&ssl=1\",\"contentUrl\":\"https:\\\/\\\/i0.wp.com\\\/adltexas.org\\\/wp-content\\\/uploads\\\/2016\\\/05\\\/adl-logo-ty.gif?fit=140%2C140&ssl=1\",\"width\":140,\"height\":140,\"caption\":\"Animal Defense League of Texas\"},\"image\":{\"@id\":\"https:\\\/\\\/adltexas.org\\\/#\\\/schema\\\/logo\\\/image\\\/\"},\"sameAs\":[\"https:\\\/\\\/www.facebook.com\\\/adltexas\\\/\",\"https:\\\/\\\/x.com\\\/ADLofTX\",\"https:\\\/\\\/www.instagram.com\\\/animaldefenseleague\\\/\",\"https:\\\/\\\/www.linkedin.com\\\/company\\\/animal-defense-league\\\/\",\"https:\\\/\\\/www.youtube.com\\\/user\\\/adoptADL\"]}]}<\/script>\n<!-- \/ Yoast SEO plugin. -->","yoast_head_json":{"title":"Peligros para las mascotas durante las fiestas - Liga de Defensa Animal de Texas - San Antonio","robots":{"index":"index","follow":"follow","max-snippet":"max-snippet:-1","max-image-preview":"max-image-preview:large","max-video-preview":"max-video-preview:-1"},"canonical":"https:\/\/adltexas.org\/es\/recursos-en-linea\/peligros-para-las-mascotas-durante-las-vacaciones\/","og_locale":"es_MX","og_type":"article","og_title":"Holiday Pet Hazards - Animal Defense League of Texas - San Antonio","og_description":"There are many decorations and holiday treats that can pose a health threat to our furry friends. Keep in mind that there are hidden dangers during the holidays. Keep these . . .","og_url":"https:\/\/adltexas.org\/es\/recursos-en-linea\/peligros-para-las-mascotas-durante-las-vacaciones\/","og_site_name":"Animal Defense League of Texas - San Antonio","article_publisher":"https:\/\/www.facebook.com\/adltexas\/","article_modified_time":"2018-01-08T16:08:06+00:00","og_image":[{"url":"https:\/\/adltexas.org\/wp-content\/uploads\/2017\/12\/ADL-Thor-in-santa-hat.jpg","type":"","width":"","height":""}],"twitter_card":"summary_large_image","twitter_site":"@ADLofTX","twitter_misc":{"Est. reading time":"2 minutos"},"schema":{"@context":"https:\/\/schema.org","@graph":[{"@type":"WebPage","@id":"https:\/\/adltexas.org\/online-resources\/holiday-pet-hazards\/","url":"https:\/\/adltexas.org\/online-resources\/holiday-pet-hazards\/","name":"Peligros para las mascotas durante las fiestas - Liga de Defensa Animal de Texas - San Antonio","isPartOf":{"@id":"https:\/\/adltexas.org\/#website"},"primaryImageOfPage":{"@id":"https:\/\/adltexas.org\/online-resources\/holiday-pet-hazards\/#primaryimage"},"image":{"@id":"https:\/\/adltexas.org\/online-resources\/holiday-pet-hazards\/#primaryimage"},"thumbnailUrl":"https:\/\/adltexas.org\/wp-content\/uploads\/2017\/12\/ADL-Thor-in-santa-hat.jpg","datePublished":"2012-03-09T22:24:30+00:00","dateModified":"2018-01-08T16:08:06+00:00","breadcrumb":{"@id":"https:\/\/adltexas.org\/online-resources\/holiday-pet-hazards\/#breadcrumb"},"inLanguage":"es","potentialAction":[{"@type":"ReadAction","target":["https:\/\/adltexas.org\/online-resources\/holiday-pet-hazards\/"]}]},{"@type":"ImageObject","inLanguage":"es","@id":"https:\/\/adltexas.org\/online-resources\/holiday-pet-hazards\/#primaryimage","url":"https:\/\/adltexas.org\/wp-content\/uploads\/2017\/12\/ADL-Thor-in-santa-hat.jpg","contentUrl":"https:\/\/adltexas.org\/wp-content\/uploads\/2017\/12\/ADL-Thor-in-santa-hat.jpg"},{"@type":"BreadcrumbList","@id":"https:\/\/adltexas.org\/online-resources\/holiday-pet-hazards\/#breadcrumb","itemListElement":[{"@type":"ListItem","position":1,"name":"Home","item":"https:\/\/adltexas.org\/"},{"@type":"ListItem","position":2,"name":"Pet Education","item":"https:\/\/adltexas.org\/online-resources\/"},{"@type":"ListItem","position":3,"name":"Holiday Pet Hazards"}]},{"@type":"WebSite","@id":"https:\/\/adltexas.org\/#website","url":"https:\/\/adltexas.org\/","name":"Liga de Defensa Animal de Texas - San Antonio","description":"Refugio para animales sin sacrificio, San Antonio, Texas","publisher":{"@id":"https:\/\/adltexas.org\/#organization"},"potentialAction":[{"@type":"SearchAction","target":{"@type":"EntryPoint","urlTemplate":"https:\/\/adltexas.org\/?s={search_term_string}"},"query-input":{"@type":"PropertyValueSpecification","valueRequired":true,"valueName":"search_term_string"}}],"inLanguage":"es"},{"@type":"Organization","@id":"https:\/\/adltexas.org\/#organization","name":"Liga de Defensa de los Animales de Texas","url":"https:\/\/adltexas.org\/","logo":{"@type":"ImageObject","inLanguage":"es","@id":"https:\/\/adltexas.org\/#\/schema\/logo\/image\/","url":"https:\/\/i0.wp.com\/adltexas.org\/wp-content\/uploads\/2016\/05\/adl-logo-ty.gif?fit=140%2C140&ssl=1","contentUrl":"https:\/\/i0.wp.com\/adltexas.org\/wp-content\/uploads\/2016\/05\/adl-logo-ty.gif?fit=140%2C140&ssl=1","width":140,"height":140,"caption":"Animal Defense League of Texas"},"image":{"@id":"https:\/\/adltexas.org\/#\/schema\/logo\/image\/"},"sameAs":["https:\/\/www.facebook.com\/adltexas\/","https:\/\/x.com\/ADLofTX","https:\/\/www.instagram.com\/animaldefenseleague\/","https:\/\/www.linkedin.com\/company\/animal-defense-league\/","https:\/\/www.youtube.com\/user\/adoptADL"]}]}},"_links":{"self":[{"href":"https:\/\/adltexas.org\/es\/wp-json\/wp\/v2\/pages\/168","targetHints":{"allow":["GET"]}}],"collection":[{"href":"https:\/\/adltexas.org\/es\/wp-json\/wp\/v2\/pages"}],"about":[{"href":"https:\/\/adltexas.org\/es\/wp-json\/wp\/v2\/types\/page"}],"author":[{"embeddable":true,"href":"https:\/\/adltexas.org\/es\/wp-json\/wp\/v2\/users\/1001021"}],"replies":[{"embeddable":true,"href":"https:\/\/adltexas.org\/es\/wp-json\/wp\/v2\/comments?post=168"}],"version-history":[{"count":0,"href":"https:\/\/adltexas.org\/es\/wp-json\/wp\/v2\/pages\/168\/revisions"}],"up":[{"embeddable":true,"href":"https:\/\/adltexas.org\/es\/wp-json\/wp\/v2\/pages\/31"}],"wp:attachment":[{"href":"https:\/\/adltexas.org\/es\/wp-json\/wp\/v2\/media?parent=168"}],"curies":[{"name":"wp","href":"https:\/\/api.w.org\/{rel}","templated":true}]}}