{"id":166,"date":"2012-03-09T22:24:13","date_gmt":"2012-03-09T22:24:13","guid":{"rendered":"http:\/\/adltexas.wpengine.com\/?page_id=166"},"modified":"2022-06-30T16:26:28","modified_gmt":"2022-06-30T21:26:28","slug":"seguridad-con-los-fuegos-artificiales-para-las-mascotas","status":"publish","type":"page","link":"https:\/\/adltexas.org\/es\/online-resources\/fireworks-safety-for-pets\/","title":{"rendered":"Seguridad con los fuegos artificiales para las mascotas"},"content":{"rendered":"<p>&nbsp;<\/p>\n<p><img data-recalc-dims=\"1\" loading=\"lazy\" decoding=\"async\" class=\"wp-image-48840 alignleft\" src=\"https:\/\/i0.wp.com\/adltexas.org\/wp-content\/uploads\/2019\/07\/fireworks-July-4th-Pet-Tips.png?resize=395%2C395&#038;ssl=1\" alt=\"Consejos de seguridad para mascotas durante los fuegos artificiales\" width=\"395\" height=\"395\" srcset=\"https:\/\/i0.wp.com\/adltexas.org\/wp-content\/uploads\/2019\/07\/fireworks-July-4th-Pet-Tips.png?w=1200&amp;ssl=1 1200w, https:\/\/i0.wp.com\/adltexas.org\/wp-content\/uploads\/2019\/07\/fireworks-July-4th-Pet-Tips.png?resize=150%2C150&amp;ssl=1 150w, https:\/\/i0.wp.com\/adltexas.org\/wp-content\/uploads\/2019\/07\/fireworks-July-4th-Pet-Tips.png?resize=300%2C300&amp;ssl=1 300w, https:\/\/i0.wp.com\/adltexas.org\/wp-content\/uploads\/2019\/07\/fireworks-July-4th-Pet-Tips.png?resize=768%2C768&amp;ssl=1 768w, https:\/\/i0.wp.com\/adltexas.org\/wp-content\/uploads\/2019\/07\/fireworks-July-4th-Pet-Tips.png?resize=1024%2C1024&amp;ssl=1 1024w, https:\/\/i0.wp.com\/adltexas.org\/wp-content\/uploads\/2019\/07\/fireworks-July-4th-Pet-Tips.png?resize=460%2C460&amp;ssl=1 460w\" sizes=\"auto, (max-width: 395px) 100vw, 395px\" \/><\/p>\n<p>Los humanos pueden disfrutar de la fiesta de los fuegos artificiales, pero para algunas mascotas, los fuegos artificiales, al igual que las tormentas el\u00e9ctricas, pueden causarles mucho estr\u00e9s, que puede incluir:<\/p>\n<ul>\n<li>Sacudidas violentas, temblores<\/li>\n<li>Babeo excesivo<\/li>\n<li>Ladrar, aullar<\/li>\n<li>Intentar esconderse o entrar\/salir de la casa, la cerca u otro recinto.<\/li>\n<li>Negarse a comer<\/li>\n<li>Algunos animales pueden perder el control de la vejiga o los intestinos o sufrir diarrea temporal debido al estr\u00e9s prolongado.<\/li>\n<\/ul>\n<h3><strong>\u00bfC\u00f3mo puedes proteger a tu mascota del estr\u00e9s asociado con los fuegos artificiales?\u00a0<\/strong><\/h3>\n<ul>\n<li>Mantenga a sus mascotas dentro de casa.<\/li>\n<li>Cierre las cortinas o persianas y encienda la televisi\u00f3n o la radio para distraerlo.<\/li>\n<li>Proporcione juguetes con golosinas, como los KONG rellenos de su comida favorita, para mantener sus mentes ocupadas y distraerlos de los fuegos artificiales.<\/li>\n<li>Proporcione un lugar tranquilo, como un transport\u00edn o una jaula, que le d\u00e9 a su mascota una sensaci\u00f3n de seguridad y comodidad.<\/li>\n<li>Si tienes que salir con tu mascota, utiliza una correa o un transport\u00edn para evitar que se escape, ya que es una reacci\u00f3n habitual ante el estr\u00e9s y el miedo.<\/li>\n<li>\u00a1Practique la seguridad contra incendios! Mantenga a las mascotas alejadas de cerillas, fuegos abiertos y fuegos artificiales. Las mascotas pueden intentar olfatear (o comer) los fuegos artificiales y su pelo puede incendiarse f\u00e1cilmente si se acercan demasiado.<\/li>\n<li>Saca a pasear a tus mascotas antes de que empiecen los fuegos artificiales. Algunas mascotas se asustan demasiado como para salir una vez que empiezan los fuegos artificiales, lo que puede provocar un \u201caccidente\u201d m\u00e1s tarde.<\/li>\n<li>Aseg\u00farate de que la identificaci\u00f3n\/microchip de tu mascota est\u00e9 actualizado. Tus mascotas siempre deben llevar chapas de identificaci\u00f3n adecuadas con informaci\u00f3n actualizada por si se pierden. Se recomienda encarecidamente implantarles un microchip. Habla con tu veterinario y programa una cita; normalmente, el costo de un microchip es de unos $30.<\/li>\n<\/ul>\n<p>Algunos perros parecen no darse cuenta de los fuegos artificiales. Pero a algunas mascotas no se las puede calmar acarici\u00e1ndolas o habl\u00e1ndoles; simplemente est\u00e1n demasiado alteradas por el ruido. Los animales que est\u00e1n asustados o estresados pueden hacerse da\u00f1o y posiblemente escapar si se les deja solos, y las consecuencias pueden ser fatales. Los animales asustados que corren sueltos corren un gran peligro de perderse o, lo que es peor, de ser atropellados por un coche. Por esta raz\u00f3n, est\u00e9 preparado para estar ah\u00ed para su mascota durante el 4 de julio y el d\u00eda de A\u00f1o Nuevo.<\/p>\n<h3><strong>En caso de que su mascota se pierda, le recomendamos lo siguiente:<\/strong><\/h3>\n<ul>\n<li>Busca minuciosamente en tu propiedad.<\/li>\n<li>P\u00f3ngase en contacto con la empresa que le proporcion\u00f3 el microchip.<\/li>\n<li>Intenta atraer a tu mascota: deja comida y agua afuera, junto con la cama de tu mascota y una prenda de ropa tuya que haya usado.<\/li>\n<li>Ponga carteles de \u00abSe busca\u00bb, pregunte a sus vecinos, visite el sitio web de los Servicios de Cuidado Animal de la Ciudad de San Antonio y consulte diariamente los anuncios de objetos perdidos y encontrados.<\/li>\n<li>Por \u00faltimo, registre a su mascota en Petco Love Lost, una herramienta nacional para mascotas perdidas\/encontradas que utiliza tecnolog\u00eda patentada de reconocimiento facial para reunir a las mascotas con sus familias.<br \/>\nVis\u00edtelos en: <a href=\"https:\/\/lost.petcolove.org\/\">https:\/\/lost.petcolove.org\/<\/a>.<\/li>\n<\/ul>\n<p><a href=\"https:\/\/lost.petcolove.org\/\"><img data-recalc-dims=\"1\" loading=\"lazy\" decoding=\"async\" class=\"wp-image-141317 aligncenter\" src=\"https:\/\/i0.wp.com\/adltexas.org\/wp-content\/uploads\/2022\/06\/MicrosoftTeams-image-599.jpg?resize=463%2C462&#038;ssl=1\" alt=\"\" width=\"463\" height=\"462\" srcset=\"https:\/\/i0.wp.com\/adltexas.org\/wp-content\/uploads\/2022\/06\/MicrosoftTeams-image-599.jpg?w=1170&amp;ssl=1 1170w, https:\/\/i0.wp.com\/adltexas.org\/wp-content\/uploads\/2022\/06\/MicrosoftTeams-image-599.jpg?resize=300%2C300&amp;ssl=1 300w, https:\/\/i0.wp.com\/adltexas.org\/wp-content\/uploads\/2022\/06\/MicrosoftTeams-image-599.jpg?resize=1024%2C1021&amp;ssl=1 1024w, https:\/\/i0.wp.com\/adltexas.org\/wp-content\/uploads\/2022\/06\/MicrosoftTeams-image-599.jpg?resize=150%2C150&amp;ssl=1 150w, https:\/\/i0.wp.com\/adltexas.org\/wp-content\/uploads\/2022\/06\/MicrosoftTeams-image-599.jpg?resize=768%2C766&amp;ssl=1 768w, https:\/\/i0.wp.com\/adltexas.org\/wp-content\/uploads\/2022\/06\/MicrosoftTeams-image-599.jpg?resize=460%2C460&amp;ssl=1 460w\" sizes=\"auto, (max-width: 463px) 100vw, 463px\" \/><\/a><\/p>\n<p><a href=\"https:\/\/lost.petcolove.org\/\"><img data-recalc-dims=\"1\" loading=\"lazy\" decoding=\"async\" class=\"wp-image-141316 aligncenter\" src=\"https:\/\/i0.wp.com\/adltexas.org\/wp-content\/uploads\/2022\/06\/PetcoLoveLost_WebsiteBanners_320X100.png?resize=463%2C145&#038;ssl=1\" alt=\"\" width=\"463\" height=\"145\" srcset=\"https:\/\/i0.wp.com\/adltexas.org\/wp-content\/uploads\/2022\/06\/PetcoLoveLost_WebsiteBanners_320X100.png?w=320&amp;ssl=1 320w, https:\/\/i0.wp.com\/adltexas.org\/wp-content\/uploads\/2022\/06\/PetcoLoveLost_WebsiteBanners_320X100.png?resize=300%2C94&amp;ssl=1 300w\" sizes=\"auto, (max-width: 463px) 100vw, 463px\" \/><\/a><\/p>\n<p>&nbsp;<\/p>\n<p>Esperamos que estos consejos te ayuden a mantener a tus mascotas tranquilas y seguras durante las celebraciones con fuegos artificiales.<\/p>","protected":false},"excerpt":{"rendered":"<p>&nbsp; Humans may enjoy the revelry of fireworks, but for some pets\u00a0 &#8211; fireworks, like thunder storms, can cause a great deal of stress which may include: Violent shaking, trembling . . .<\/p>","protected":false},"author":1001021,"featured_media":0,"parent":31,"menu_order":0,"comment_status":"open","ping_status":"closed","template":"","meta":{"_acf_changed":false,"inline_featured_image":false,"_exactmetrics_skip_tracking":false,"_exactmetrics_sitenote_active":false,"_exactmetrics_sitenote_note":"","_exactmetrics_sitenote_category":0,"footnotes":""},"class_list":["post-166","page","type-page","status-publish"],"acf":[],"yoast_head":"<!-- This site is optimized with the Yoast SEO plugin v27.4 - https:\/\/yoast.com\/product\/yoast-seo-wordpress\/ -->\n<title>Fireworks Safety for Pets - Animal Defense League of Texas - San Antonio<\/title>\n<meta name=\"robots\" content=\"index, follow, max-snippet:-1, max-image-preview:large, max-video-preview:-1\" \/>\n<link rel=\"canonical\" href=\"https:\/\/adltexas.org\/es\/recursos-en-linea\/seguridad-con-los-fuegos-artificiales-para-las-mascotas\/\" \/>\n<meta property=\"og:locale\" content=\"es_MX\" \/>\n<meta property=\"og:type\" content=\"article\" \/>\n<meta property=\"og:title\" content=\"Fireworks Safety for Pets - Animal Defense League of Texas - San Antonio\" \/>\n<meta property=\"og:description\" content=\"&nbsp; Humans may enjoy the revelry of fireworks, but for some pets\u00a0 &#8211; fireworks, like thunder storms, can cause a great deal of stress which may include: Violent shaking, trembling . . .\" \/>\n<meta property=\"og:url\" content=\"https:\/\/adltexas.org\/es\/recursos-en-linea\/seguridad-con-los-fuegos-artificiales-para-las-mascotas\/\" \/>\n<meta property=\"og:site_name\" content=\"Animal Defense League of Texas - San Antonio\" \/>\n<meta property=\"article:publisher\" content=\"https:\/\/www.facebook.com\/adltexas\/\" \/>\n<meta property=\"article:modified_time\" content=\"2022-06-30T21:26:28+00:00\" \/>\n<meta property=\"og:image\" content=\"https:\/\/adltexas.org\/wp-content\/uploads\/2019\/07\/fireworks-July-4th-Pet-Tips.png\" \/>\n<meta name=\"twitter:card\" content=\"summary_large_image\" \/>\n<meta name=\"twitter:site\" content=\"@ADLofTX\" \/>\n<meta name=\"twitter:label1\" content=\"Est. reading time\" \/>\n\t<meta name=\"twitter:data1\" content=\"3 minutos\" \/>\n<script type=\"application\/ld+json\" class=\"yoast-schema-graph\">{\"@context\":\"https:\\\/\\\/schema.org\",\"@graph\":[{\"@type\":\"WebPage\",\"@id\":\"https:\\\/\\\/adltexas.org\\\/online-resources\\\/fireworks-safety-for-pets\\\/\",\"url\":\"https:\\\/\\\/adltexas.org\\\/online-resources\\\/fireworks-safety-for-pets\\\/\",\"name\":\"Fireworks Safety for Pets - Animal Defense League of Texas - San Antonio\",\"isPartOf\":{\"@id\":\"https:\\\/\\\/adltexas.org\\\/#website\"},\"primaryImageOfPage\":{\"@id\":\"https:\\\/\\\/adltexas.org\\\/online-resources\\\/fireworks-safety-for-pets\\\/#primaryimage\"},\"image\":{\"@id\":\"https:\\\/\\\/adltexas.org\\\/online-resources\\\/fireworks-safety-for-pets\\\/#primaryimage\"},\"thumbnailUrl\":\"https:\\\/\\\/adltexas.org\\\/wp-content\\\/uploads\\\/2019\\\/07\\\/fireworks-July-4th-Pet-Tips.png\",\"datePublished\":\"2012-03-09T22:24:13+00:00\",\"dateModified\":\"2022-06-30T21:26:28+00:00\",\"breadcrumb\":{\"@id\":\"https:\\\/\\\/adltexas.org\\\/online-resources\\\/fireworks-safety-for-pets\\\/#breadcrumb\"},\"inLanguage\":\"es\",\"potentialAction\":[{\"@type\":\"ReadAction\",\"target\":[\"https:\\\/\\\/adltexas.org\\\/online-resources\\\/fireworks-safety-for-pets\\\/\"]}]},{\"@type\":\"ImageObject\",\"inLanguage\":\"es\",\"@id\":\"https:\\\/\\\/adltexas.org\\\/online-resources\\\/fireworks-safety-for-pets\\\/#primaryimage\",\"url\":\"https:\\\/\\\/adltexas.org\\\/wp-content\\\/uploads\\\/2019\\\/07\\\/fireworks-July-4th-Pet-Tips.png\",\"contentUrl\":\"https:\\\/\\\/adltexas.org\\\/wp-content\\\/uploads\\\/2019\\\/07\\\/fireworks-July-4th-Pet-Tips.png\"},{\"@type\":\"BreadcrumbList\",\"@id\":\"https:\\\/\\\/adltexas.org\\\/online-resources\\\/fireworks-safety-for-pets\\\/#breadcrumb\",\"itemListElement\":[{\"@type\":\"ListItem\",\"position\":1,\"name\":\"Home\",\"item\":\"https:\\\/\\\/adltexas.org\\\/\"},{\"@type\":\"ListItem\",\"position\":2,\"name\":\"Pet Education\",\"item\":\"https:\\\/\\\/adltexas.org\\\/online-resources\\\/\"},{\"@type\":\"ListItem\",\"position\":3,\"name\":\"Fireworks Safety for Pets\"}]},{\"@type\":\"WebSite\",\"@id\":\"https:\\\/\\\/adltexas.org\\\/#website\",\"url\":\"https:\\\/\\\/adltexas.org\\\/\",\"name\":\"Animal Defense League of Texas - San Antonio\",\"description\":\"No Kill Animal Shelter, San Antonio, Texas\",\"publisher\":{\"@id\":\"https:\\\/\\\/adltexas.org\\\/#organization\"},\"potentialAction\":[{\"@type\":\"SearchAction\",\"target\":{\"@type\":\"EntryPoint\",\"urlTemplate\":\"https:\\\/\\\/adltexas.org\\\/?s={search_term_string}\"},\"query-input\":{\"@type\":\"PropertyValueSpecification\",\"valueRequired\":true,\"valueName\":\"search_term_string\"}}],\"inLanguage\":\"es\"},{\"@type\":\"Organization\",\"@id\":\"https:\\\/\\\/adltexas.org\\\/#organization\",\"name\":\"Animal Defense League of Texas\",\"url\":\"https:\\\/\\\/adltexas.org\\\/\",\"logo\":{\"@type\":\"ImageObject\",\"inLanguage\":\"es\",\"@id\":\"https:\\\/\\\/adltexas.org\\\/#\\\/schema\\\/logo\\\/image\\\/\",\"url\":\"https:\\\/\\\/i0.wp.com\\\/adltexas.org\\\/wp-content\\\/uploads\\\/2016\\\/05\\\/adl-logo-ty.gif?fit=140%2C140&ssl=1\",\"contentUrl\":\"https:\\\/\\\/i0.wp.com\\\/adltexas.org\\\/wp-content\\\/uploads\\\/2016\\\/05\\\/adl-logo-ty.gif?fit=140%2C140&ssl=1\",\"width\":140,\"height\":140,\"caption\":\"Animal Defense League of Texas\"},\"image\":{\"@id\":\"https:\\\/\\\/adltexas.org\\\/#\\\/schema\\\/logo\\\/image\\\/\"},\"sameAs\":[\"https:\\\/\\\/www.facebook.com\\\/adltexas\\\/\",\"https:\\\/\\\/x.com\\\/ADLofTX\",\"https:\\\/\\\/www.instagram.com\\\/animaldefenseleague\\\/\",\"https:\\\/\\\/www.linkedin.com\\\/company\\\/animal-defense-league\\\/\",\"https:\\\/\\\/www.youtube.com\\\/user\\\/adoptADL\"]}]}<\/script>\n<!-- \/ Yoast SEO plugin. -->","yoast_head_json":{"title":"Seguridad con los fuegos artificiales para mascotas - Liga de Defensa Animal de Texas - San Antonio","robots":{"index":"index","follow":"follow","max-snippet":"max-snippet:-1","max-image-preview":"max-image-preview:large","max-video-preview":"max-video-preview:-1"},"canonical":"https:\/\/adltexas.org\/es\/recursos-en-linea\/seguridad-con-los-fuegos-artificiales-para-las-mascotas\/","og_locale":"es_MX","og_type":"article","og_title":"Fireworks Safety for Pets - Animal Defense League of Texas - San Antonio","og_description":"&nbsp; Humans may enjoy the revelry of fireworks, but for some pets\u00a0 &#8211; fireworks, like thunder storms, can cause a great deal of stress which may include: Violent shaking, trembling . . .","og_url":"https:\/\/adltexas.org\/es\/recursos-en-linea\/seguridad-con-los-fuegos-artificiales-para-las-mascotas\/","og_site_name":"Animal Defense League of Texas - San Antonio","article_publisher":"https:\/\/www.facebook.com\/adltexas\/","article_modified_time":"2022-06-30T21:26:28+00:00","og_image":[{"url":"https:\/\/adltexas.org\/wp-content\/uploads\/2019\/07\/fireworks-July-4th-Pet-Tips.png","type":"","width":"","height":""}],"twitter_card":"summary_large_image","twitter_site":"@ADLofTX","twitter_misc":{"Est. reading time":"3 minutos"},"schema":{"@context":"https:\/\/schema.org","@graph":[{"@type":"WebPage","@id":"https:\/\/adltexas.org\/online-resources\/fireworks-safety-for-pets\/","url":"https:\/\/adltexas.org\/online-resources\/fireworks-safety-for-pets\/","name":"Seguridad con los fuegos artificiales para mascotas - Liga de Defensa Animal de Texas - San Antonio","isPartOf":{"@id":"https:\/\/adltexas.org\/#website"},"primaryImageOfPage":{"@id":"https:\/\/adltexas.org\/online-resources\/fireworks-safety-for-pets\/#primaryimage"},"image":{"@id":"https:\/\/adltexas.org\/online-resources\/fireworks-safety-for-pets\/#primaryimage"},"thumbnailUrl":"https:\/\/adltexas.org\/wp-content\/uploads\/2019\/07\/fireworks-July-4th-Pet-Tips.png","datePublished":"2012-03-09T22:24:13+00:00","dateModified":"2022-06-30T21:26:28+00:00","breadcrumb":{"@id":"https:\/\/adltexas.org\/online-resources\/fireworks-safety-for-pets\/#breadcrumb"},"inLanguage":"es","potentialAction":[{"@type":"ReadAction","target":["https:\/\/adltexas.org\/online-resources\/fireworks-safety-for-pets\/"]}]},{"@type":"ImageObject","inLanguage":"es","@id":"https:\/\/adltexas.org\/online-resources\/fireworks-safety-for-pets\/#primaryimage","url":"https:\/\/adltexas.org\/wp-content\/uploads\/2019\/07\/fireworks-July-4th-Pet-Tips.png","contentUrl":"https:\/\/adltexas.org\/wp-content\/uploads\/2019\/07\/fireworks-July-4th-Pet-Tips.png"},{"@type":"BreadcrumbList","@id":"https:\/\/adltexas.org\/online-resources\/fireworks-safety-for-pets\/#breadcrumb","itemListElement":[{"@type":"ListItem","position":1,"name":"Home","item":"https:\/\/adltexas.org\/"},{"@type":"ListItem","position":2,"name":"Pet Education","item":"https:\/\/adltexas.org\/online-resources\/"},{"@type":"ListItem","position":3,"name":"Fireworks Safety for Pets"}]},{"@type":"WebSite","@id":"https:\/\/adltexas.org\/#website","url":"https:\/\/adltexas.org\/","name":"Liga de Defensa Animal de Texas - San Antonio","description":"Refugio para animales sin sacrificio, San Antonio, Texas","publisher":{"@id":"https:\/\/adltexas.org\/#organization"},"potentialAction":[{"@type":"SearchAction","target":{"@type":"EntryPoint","urlTemplate":"https:\/\/adltexas.org\/?s={search_term_string}"},"query-input":{"@type":"PropertyValueSpecification","valueRequired":true,"valueName":"search_term_string"}}],"inLanguage":"es"},{"@type":"Organization","@id":"https:\/\/adltexas.org\/#organization","name":"Liga de Defensa de los Animales de Texas","url":"https:\/\/adltexas.org\/","logo":{"@type":"ImageObject","inLanguage":"es","@id":"https:\/\/adltexas.org\/#\/schema\/logo\/image\/","url":"https:\/\/i0.wp.com\/adltexas.org\/wp-content\/uploads\/2016\/05\/adl-logo-ty.gif?fit=140%2C140&ssl=1","contentUrl":"https:\/\/i0.wp.com\/adltexas.org\/wp-content\/uploads\/2016\/05\/adl-logo-ty.gif?fit=140%2C140&ssl=1","width":140,"height":140,"caption":"Animal Defense League of Texas"},"image":{"@id":"https:\/\/adltexas.org\/#\/schema\/logo\/image\/"},"sameAs":["https:\/\/www.facebook.com\/adltexas\/","https:\/\/x.com\/ADLofTX","https:\/\/www.instagram.com\/animaldefenseleague\/","https:\/\/www.linkedin.com\/company\/animal-defense-league\/","https:\/\/www.youtube.com\/user\/adoptADL"]}]}},"_links":{"self":[{"href":"https:\/\/adltexas.org\/es\/wp-json\/wp\/v2\/pages\/166","targetHints":{"allow":["GET"]}}],"collection":[{"href":"https:\/\/adltexas.org\/es\/wp-json\/wp\/v2\/pages"}],"about":[{"href":"https:\/\/adltexas.org\/es\/wp-json\/wp\/v2\/types\/page"}],"author":[{"embeddable":true,"href":"https:\/\/adltexas.org\/es\/wp-json\/wp\/v2\/users\/1001021"}],"replies":[{"embeddable":true,"href":"https:\/\/adltexas.org\/es\/wp-json\/wp\/v2\/comments?post=166"}],"version-history":[{"count":0,"href":"https:\/\/adltexas.org\/es\/wp-json\/wp\/v2\/pages\/166\/revisions"}],"up":[{"embeddable":true,"href":"https:\/\/adltexas.org\/es\/wp-json\/wp\/v2\/pages\/31"}],"wp:attachment":[{"href":"https:\/\/adltexas.org\/es\/wp-json\/wp\/v2\/media?parent=166"}],"curies":[{"name":"wp","href":"https:\/\/api.w.org\/{rel}","templated":true}]}}