{"id":141,"date":"2012-03-09T22:14:05","date_gmt":"2012-03-09T22:14:05","guid":{"rendered":"http:\/\/adltexas.wpengine.com\/?page_id=141"},"modified":"2017-01-02T18:38:22","modified_gmt":"2017-01-03T00:38:22","slug":"seguro-para-mascotas-microchip","status":"publish","type":"page","link":"https:\/\/adltexas.org\/es\/programs-services\/pet-insurance-microchipping\/","title":{"rendered":"Seguro para mascotas, bienestar y microchip"},"content":{"rendered":"<p><a href=\"http:\/\/www.24petwatch.com\/US\/\" rel=\"24PetWatch\"><img data-recalc-dims=\"1\" loading=\"lazy\" decoding=\"async\" class=\"aligncenter wp-image-34571 size-full\" src=\"https:\/\/i0.wp.com\/adltexas.wpengine.com\/wp-content\/uploads\/2012\/03\/24PWLogo.jpg?resize=225%2C120\" alt=\"24PWLogo\" width=\"225\" height=\"120\" \/><\/a><\/p>\n<p>La Liga de Defensa Animal se complace en asociarse con 24PetWatch. Este programa ofrece 30 d\u00edas de seguro para mascotas pagado por nosotros cuando adopta a su mascota. Recibir\u00e1 un paquete de bienvenida al completar la adopci\u00f3n y tendr\u00e1 la oportunidad de continuar con la cobertura de su nuevo miembro de la familia. Tambi\u00e9n implantamos microchips a todas nuestras mascotas. Ya hemos insertado un peque\u00f1o chip inform\u00e1tico bajo el pelaje de su mascota que contiene informaci\u00f3n de contacto que puede utilizarse para reunirlo con su mascota perdida. El programa se ofrece en coordinaci\u00f3n con 24PetWatch, y encontrar\u00e1 m\u00e1s informaci\u00f3n al respecto en su paquete de adopci\u00f3n. Para obtener m\u00e1s informaci\u00f3n sobre c\u00f3mo funciona, solo tiene que hacer clic aqu\u00ed. <a href=\"http:\/\/www.24petwatch.com\/US\/\" target=\"_blank\"><strong>AQU\u00cd<\/strong><\/a>.<\/p>\n<p><a href=\"http:\/\/perrin410animalhospital.com\/\" rel=\"attachment wp-att-32256\"><img data-recalc-dims=\"1\" loading=\"lazy\" decoding=\"async\" class=\"aligncenter wp-image-32256 size-full\" src=\"https:\/\/i0.wp.com\/adltexas.wpengine.com\/wp-content\/uploads\/2015\/08\/Perrin-410.png?resize=170%2C128\" alt=\"Perrin 410\" width=\"170\" height=\"128\" \/><\/a><\/p>\n<p>Tambi\u00e9n nos hemos asociado con el Hospital Veterinario Perrin-410 para ofrecer una excelente manera de mantener saludable a su mascota. Colaboramos con Perrin-410 desde 2013 con la incorporaci\u00f3n de su Programa de Recompensas por Bienestar. Todos los miembros inscritos en este programa de ahorro ayudan a donar dinero a mascotas sin hogar que lo necesitan. En 2014, pudieron donar m\u00e1s de $20,000 y esperan superar esa cantidad en 2017.<\/p>\n<p>Unirse al Programa de Recompensas Wellness facilita el manejo de la atenci\u00f3n m\u00e9dica de su mascota sin afectar su presupuesto, lo que le permite mantenerse proactivo y, adem\u00e1s, apoyar una gran causa. El 2% de cada factura de los miembros del Programa de Recompensas Wellness se dona a la Liga de Defensa Animal de San Antonio.<\/p>\n<h4>LOS BENEFICIOS DE SER MIEMBRO INCLUYEN:<\/h4>\n<p>Tres ex\u00e1menes gratuitos (\u00a1por un valor de $150!)<br \/>\nDos cortes de u\u00f1as gratuitos.<br \/>\n10% recompensa autom\u00e1ticamente su tarjeta de membres\u00eda por cada d\u00f3lar que gasta, \u00a1recompensas canjeables como efectivo por cualquier servicio futuro!<br \/>\n\u00a12% donar\u00e1 cada d\u00f3lar que gastes a la Liga de Defensa Animal de San Antonio para ayudar a cuidar a las mascotas necesitadas de nuestra comunidad!<br \/>\n\u00a1No pierdas tus recompensas! Todas las recompensas acumuladas se transfieren de un a\u00f1o a otro, independientemente de cu\u00e1ndo renueves.<\/p>\n<p>Por solo $89.99 al a\u00f1o, \u00a1no puede permitirse no ser miembro! El valor de la tarjeta de membres\u00eda es por cliente (\u00a1es decir, t\u00fa!) y cubre todas tus mascotas, nuevas o antiguas, caninas o felinas, para todos los servicios durante un a\u00f1o completo. Eso significa que puedes elegir cu\u00e1ndo utilizar tus ex\u00e1menes gratuitos, cortes de u\u00f1as gratuitos y recompensas, \u00a1pero siempre obtendr\u00e1s recompensas por cada d\u00f3lar que gastes!<\/p>\n<h4>LAS RECOMPENSAS SE PUEDEN CANJEAR POR ESTOS SERVICIOS:<\/h4>\n<p>Ex\u00e1menes de bienestar o enfermedad<br \/>\nVacunas<br \/>\nCirug\u00eda<br \/>\nPruebas de laboratorio<br \/>\nCuidado dental<br \/>\nRadiolog\u00eda digital<br \/>\nAtenci\u00f3n urgente y de emergencia<br \/>\nHospitalizaci\u00f3n<br \/>\n\u00a1Y muchos otros servicios!<\/p>\n<h4>HAGA CLIC <a href=\"http:\/\/perrin410animalhospital.com\/wellness-rewards-membership\/\" target=\"_blank\">AQU\u00cd<\/a> \u00a1PARA M\u00c1S INFORMACI\u00d3N, LLAME AL 210-775-5352!<\/h4>","protected":false},"excerpt":{"rendered":"<p>La Liga de Defensa Animal se complace en asociarse con 24PetWatch. Este programa ofrece 30 d\u00edas de seguro para mascotas pagado por nosotros cuando adopta a su mascota. Usted... .<\/p>","protected":false},"author":1001021,"featured_media":0,"parent":27,"menu_order":0,"comment_status":"open","ping_status":"closed","template":"","meta":{"_acf_changed":false,"inline_featured_image":false,"_exactmetrics_skip_tracking":false,"_exactmetrics_sitenote_active":false,"_exactmetrics_sitenote_note":"","_exactmetrics_sitenote_category":0,"footnotes":""},"class_list":["post-141","page","type-page","status-publish"],"acf":[],"yoast_head":"<!-- This site is optimized with the Yoast SEO plugin v27.4 - https:\/\/yoast.com\/product\/yoast-seo-wordpress\/ -->\n<title>Pet Insurance, Wellness, and Microchipping - Animal Defense League of Texas - San Antonio<\/title>\n<meta name=\"robots\" content=\"index, follow, max-snippet:-1, max-image-preview:large, max-video-preview:-1\" \/>\n<link rel=\"canonical\" href=\"https:\/\/adltexas.org\/es\/servicios-de-programas\/seguro-para-mascotas-microchip\/\" \/>\n<meta property=\"og:locale\" content=\"es_MX\" \/>\n<meta property=\"og:type\" content=\"article\" \/>\n<meta property=\"og:title\" content=\"Pet Insurance, Wellness, and Microchipping - Animal Defense League of Texas - San Antonio\" \/>\n<meta property=\"og:description\" content=\"The Animal Defense League is happy to be associated with 24PetWatch. This program provides 30 days of pet insurance paid for by us when you adopt your pet. You will . . .\" \/>\n<meta property=\"og:url\" content=\"https:\/\/adltexas.org\/es\/servicios-de-programas\/seguro-para-mascotas-microchip\/\" \/>\n<meta property=\"og:site_name\" content=\"Animal Defense League of Texas - San Antonio\" \/>\n<meta property=\"article:publisher\" content=\"https:\/\/www.facebook.com\/adltexas\/\" \/>\n<meta property=\"article:modified_time\" content=\"2017-01-03T00:38:22+00:00\" \/>\n<meta property=\"og:image\" content=\"http:\/\/adltexas.wpengine.com\/wp-content\/uploads\/2012\/03\/24PWLogo.jpg\" \/>\n<meta name=\"twitter:card\" content=\"summary_large_image\" \/>\n<meta name=\"twitter:site\" content=\"@ADLofTX\" \/>\n<meta name=\"twitter:label1\" content=\"Est. reading time\" \/>\n\t<meta name=\"twitter:data1\" content=\"2 minutos\" \/>\n<script type=\"application\/ld+json\" class=\"yoast-schema-graph\">{\"@context\":\"https:\\\/\\\/schema.org\",\"@graph\":[{\"@type\":\"WebPage\",\"@id\":\"https:\\\/\\\/adltexas.org\\\/programs-services\\\/pet-insurance-microchipping\\\/\",\"url\":\"https:\\\/\\\/adltexas.org\\\/programs-services\\\/pet-insurance-microchipping\\\/\",\"name\":\"Pet Insurance, Wellness, and Microchipping - Animal Defense League of Texas - San Antonio\",\"isPartOf\":{\"@id\":\"https:\\\/\\\/adltexas.org\\\/#website\"},\"primaryImageOfPage\":{\"@id\":\"https:\\\/\\\/adltexas.org\\\/programs-services\\\/pet-insurance-microchipping\\\/#primaryimage\"},\"image\":{\"@id\":\"https:\\\/\\\/adltexas.org\\\/programs-services\\\/pet-insurance-microchipping\\\/#primaryimage\"},\"thumbnailUrl\":\"http:\\\/\\\/adltexas.wpengine.com\\\/wp-content\\\/uploads\\\/2012\\\/03\\\/24PWLogo.jpg\",\"datePublished\":\"2012-03-09T22:14:05+00:00\",\"dateModified\":\"2017-01-03T00:38:22+00:00\",\"breadcrumb\":{\"@id\":\"https:\\\/\\\/adltexas.org\\\/programs-services\\\/pet-insurance-microchipping\\\/#breadcrumb\"},\"inLanguage\":\"es\",\"potentialAction\":[{\"@type\":\"ReadAction\",\"target\":[\"https:\\\/\\\/adltexas.org\\\/programs-services\\\/pet-insurance-microchipping\\\/\"]}]},{\"@type\":\"ImageObject\",\"inLanguage\":\"es\",\"@id\":\"https:\\\/\\\/adltexas.org\\\/programs-services\\\/pet-insurance-microchipping\\\/#primaryimage\",\"url\":\"http:\\\/\\\/adltexas.wpengine.com\\\/wp-content\\\/uploads\\\/2012\\\/03\\\/24PWLogo.jpg\",\"contentUrl\":\"http:\\\/\\\/adltexas.wpengine.com\\\/wp-content\\\/uploads\\\/2012\\\/03\\\/24PWLogo.jpg\"},{\"@type\":\"BreadcrumbList\",\"@id\":\"https:\\\/\\\/adltexas.org\\\/programs-services\\\/pet-insurance-microchipping\\\/#breadcrumb\",\"itemListElement\":[{\"@type\":\"ListItem\",\"position\":1,\"name\":\"Home\",\"item\":\"https:\\\/\\\/adltexas.org\\\/\"},{\"@type\":\"ListItem\",\"position\":2,\"name\":\"Programs &#038; Services\",\"item\":\"https:\\\/\\\/adltexas.org\\\/programs-services\\\/\"},{\"@type\":\"ListItem\",\"position\":3,\"name\":\"Pet Insurance, Wellness, and Microchipping\"}]},{\"@type\":\"WebSite\",\"@id\":\"https:\\\/\\\/adltexas.org\\\/#website\",\"url\":\"https:\\\/\\\/adltexas.org\\\/\",\"name\":\"Animal Defense League of Texas - San Antonio\",\"description\":\"No Kill Animal Shelter, San Antonio, Texas\",\"publisher\":{\"@id\":\"https:\\\/\\\/adltexas.org\\\/#organization\"},\"potentialAction\":[{\"@type\":\"SearchAction\",\"target\":{\"@type\":\"EntryPoint\",\"urlTemplate\":\"https:\\\/\\\/adltexas.org\\\/?s={search_term_string}\"},\"query-input\":{\"@type\":\"PropertyValueSpecification\",\"valueRequired\":true,\"valueName\":\"search_term_string\"}}],\"inLanguage\":\"es\"},{\"@type\":\"Organization\",\"@id\":\"https:\\\/\\\/adltexas.org\\\/#organization\",\"name\":\"Animal Defense League of Texas\",\"url\":\"https:\\\/\\\/adltexas.org\\\/\",\"logo\":{\"@type\":\"ImageObject\",\"inLanguage\":\"es\",\"@id\":\"https:\\\/\\\/adltexas.org\\\/#\\\/schema\\\/logo\\\/image\\\/\",\"url\":\"https:\\\/\\\/i0.wp.com\\\/adltexas.org\\\/wp-content\\\/uploads\\\/2016\\\/05\\\/adl-logo-ty.gif?fit=140%2C140&ssl=1\",\"contentUrl\":\"https:\\\/\\\/i0.wp.com\\\/adltexas.org\\\/wp-content\\\/uploads\\\/2016\\\/05\\\/adl-logo-ty.gif?fit=140%2C140&ssl=1\",\"width\":140,\"height\":140,\"caption\":\"Animal Defense League of Texas\"},\"image\":{\"@id\":\"https:\\\/\\\/adltexas.org\\\/#\\\/schema\\\/logo\\\/image\\\/\"},\"sameAs\":[\"https:\\\/\\\/www.facebook.com\\\/adltexas\\\/\",\"https:\\\/\\\/x.com\\\/ADLofTX\",\"https:\\\/\\\/www.instagram.com\\\/animaldefenseleague\\\/\",\"https:\\\/\\\/www.linkedin.com\\\/company\\\/animal-defense-league\\\/\",\"https:\\\/\\\/www.youtube.com\\\/user\\\/adoptADL\"]}]}<\/script>\n<!-- \/ Yoast SEO plugin. -->","yoast_head_json":{"title":"Seguro para mascotas, bienestar y microchip - Liga de Defensa Animal de Texas - San Antonio","robots":{"index":"index","follow":"follow","max-snippet":"max-snippet:-1","max-image-preview":"max-image-preview:large","max-video-preview":"max-video-preview:-1"},"canonical":"https:\/\/adltexas.org\/es\/servicios-de-programas\/seguro-para-mascotas-microchip\/","og_locale":"es_MX","og_type":"article","og_title":"Pet Insurance, Wellness, and Microchipping - Animal Defense League of Texas - San Antonio","og_description":"The Animal Defense League is happy to be associated with 24PetWatch. This program provides 30 days of pet insurance paid for by us when you adopt your pet. You will . . .","og_url":"https:\/\/adltexas.org\/es\/servicios-de-programas\/seguro-para-mascotas-microchip\/","og_site_name":"Animal Defense League of Texas - San Antonio","article_publisher":"https:\/\/www.facebook.com\/adltexas\/","article_modified_time":"2017-01-03T00:38:22+00:00","og_image":[{"url":"http:\/\/adltexas.wpengine.com\/wp-content\/uploads\/2012\/03\/24PWLogo.jpg","type":"","width":"","height":""}],"twitter_card":"summary_large_image","twitter_site":"@ADLofTX","twitter_misc":{"Est. reading time":"2 minutos"},"schema":{"@context":"https:\/\/schema.org","@graph":[{"@type":"WebPage","@id":"https:\/\/adltexas.org\/programs-services\/pet-insurance-microchipping\/","url":"https:\/\/adltexas.org\/programs-services\/pet-insurance-microchipping\/","name":"Seguro para mascotas, bienestar y microchip - Liga de Defensa Animal de Texas - San Antonio","isPartOf":{"@id":"https:\/\/adltexas.org\/#website"},"primaryImageOfPage":{"@id":"https:\/\/adltexas.org\/programs-services\/pet-insurance-microchipping\/#primaryimage"},"image":{"@id":"https:\/\/adltexas.org\/programs-services\/pet-insurance-microchipping\/#primaryimage"},"thumbnailUrl":"http:\/\/adltexas.wpengine.com\/wp-content\/uploads\/2012\/03\/24PWLogo.jpg","datePublished":"2012-03-09T22:14:05+00:00","dateModified":"2017-01-03T00:38:22+00:00","breadcrumb":{"@id":"https:\/\/adltexas.org\/programs-services\/pet-insurance-microchipping\/#breadcrumb"},"inLanguage":"es","potentialAction":[{"@type":"ReadAction","target":["https:\/\/adltexas.org\/programs-services\/pet-insurance-microchipping\/"]}]},{"@type":"ImageObject","inLanguage":"es","@id":"https:\/\/adltexas.org\/programs-services\/pet-insurance-microchipping\/#primaryimage","url":"http:\/\/adltexas.wpengine.com\/wp-content\/uploads\/2012\/03\/24PWLogo.jpg","contentUrl":"http:\/\/adltexas.wpengine.com\/wp-content\/uploads\/2012\/03\/24PWLogo.jpg"},{"@type":"BreadcrumbList","@id":"https:\/\/adltexas.org\/programs-services\/pet-insurance-microchipping\/#breadcrumb","itemListElement":[{"@type":"ListItem","position":1,"name":"Home","item":"https:\/\/adltexas.org\/"},{"@type":"ListItem","position":2,"name":"Programs &#038; Services","item":"https:\/\/adltexas.org\/programs-services\/"},{"@type":"ListItem","position":3,"name":"Pet Insurance, Wellness, and Microchipping"}]},{"@type":"WebSite","@id":"https:\/\/adltexas.org\/#website","url":"https:\/\/adltexas.org\/","name":"Liga de Defensa Animal de Texas - San Antonio","description":"Refugio para animales sin sacrificio, San Antonio, Texas","publisher":{"@id":"https:\/\/adltexas.org\/#organization"},"potentialAction":[{"@type":"SearchAction","target":{"@type":"EntryPoint","urlTemplate":"https:\/\/adltexas.org\/?s={search_term_string}"},"query-input":{"@type":"PropertyValueSpecification","valueRequired":true,"valueName":"search_term_string"}}],"inLanguage":"es"},{"@type":"Organization","@id":"https:\/\/adltexas.org\/#organization","name":"Liga de Defensa de los Animales de Texas","url":"https:\/\/adltexas.org\/","logo":{"@type":"ImageObject","inLanguage":"es","@id":"https:\/\/adltexas.org\/#\/schema\/logo\/image\/","url":"https:\/\/i0.wp.com\/adltexas.org\/wp-content\/uploads\/2016\/05\/adl-logo-ty.gif?fit=140%2C140&ssl=1","contentUrl":"https:\/\/i0.wp.com\/adltexas.org\/wp-content\/uploads\/2016\/05\/adl-logo-ty.gif?fit=140%2C140&ssl=1","width":140,"height":140,"caption":"Animal Defense League of Texas"},"image":{"@id":"https:\/\/adltexas.org\/#\/schema\/logo\/image\/"},"sameAs":["https:\/\/www.facebook.com\/adltexas\/","https:\/\/x.com\/ADLofTX","https:\/\/www.instagram.com\/animaldefenseleague\/","https:\/\/www.linkedin.com\/company\/animal-defense-league\/","https:\/\/www.youtube.com\/user\/adoptADL"]}]}},"_links":{"self":[{"href":"https:\/\/adltexas.org\/es\/wp-json\/wp\/v2\/pages\/141","targetHints":{"allow":["GET"]}}],"collection":[{"href":"https:\/\/adltexas.org\/es\/wp-json\/wp\/v2\/pages"}],"about":[{"href":"https:\/\/adltexas.org\/es\/wp-json\/wp\/v2\/types\/page"}],"author":[{"embeddable":true,"href":"https:\/\/adltexas.org\/es\/wp-json\/wp\/v2\/users\/1001021"}],"replies":[{"embeddable":true,"href":"https:\/\/adltexas.org\/es\/wp-json\/wp\/v2\/comments?post=141"}],"version-history":[{"count":0,"href":"https:\/\/adltexas.org\/es\/wp-json\/wp\/v2\/pages\/141\/revisions"}],"up":[{"embeddable":true,"href":"https:\/\/adltexas.org\/es\/wp-json\/wp\/v2\/pages\/27"}],"wp:attachment":[{"href":"https:\/\/adltexas.org\/es\/wp-json\/wp\/v2\/media?parent=141"}],"curies":[{"name":"wp","href":"https:\/\/api.w.org\/{rel}","templated":true}]}}