{"id":133,"date":"2012-03-09T22:12:58","date_gmt":"2012-03-09T22:12:58","guid":{"rendered":"http:\/\/adltexas.wpengine.com\/?page_id=133"},"modified":"2025-03-31T17:00:51","modified_gmt":"2025-03-31T22:00:51","slug":"tour","status":"publish","type":"page","link":"https:\/\/adltexas.org\/es\/tour\/","title":{"rendered":"\u00a1Visita nuestro campus!"},"content":{"rendered":"<p data-pm-slice=\"1 1 []\"><img data-recalc-dims=\"1\" loading=\"lazy\" decoding=\"async\" class=\"aligncenter wp-image-190676\" src=\"https:\/\/i0.wp.com\/adltexas.org\/wp-content\/uploads\/2025\/02\/Untitled-design-34.png?resize=1006%2C566&#038;ssl=1\" alt=\"\" width=\"1006\" height=\"566\" \/><\/p>\n<p data-pm-slice=\"1 1 []\">En la Liga de Defensa de los Animales de Texas, nos apasiona fomentar la tenencia responsable de mascotas y crear una comunidad de defensores de los animales. Por eso ofrecemos visitas educativas a nuestro campus para colegios, organizaciones juveniles y grupos comunitarios. Estas visitas son interactivas, atractivas y est\u00e1n dise\u00f1adas para dejar una impresi\u00f3n duradera en los amantes de los animales de todas las edades.<\/p>\n<p>Traiga a su grupo de hasta 20 personas a nuestro campus y vea de cerca c\u00f3mo el refugio m\u00e1s antiguo de San Antonio, que no mata animales, marca la diferencia en la vida de las mascotas. Durante la visita, abordaremos temas esenciales como el cuidado adecuado de las mascotas y el comportamiento de perros y gatos. Tambi\u00e9n compartiremos la misi\u00f3n de ADL y le mostraremos c\u00f3mo puede ayudarnos a salvar vidas.<\/p>\n<p>Como organizaci\u00f3n sin \u00e1nimo de lucro, dependemos del apoyo de nuestra comunidad para seguir ayudando a las mascotas necesitadas. Por este motivo, cobramos una tarifa de $10\/persona por las visitas educativas, que se destina directamente a apoyar nuestros programas y el cuidado de nuestros peludos residentes. Una vez confirmada y programada la visita, se enviar\u00e1 una factura con el importe correspondiente al punto de contacto principal. Tenga en cuenta que esta tarifa es <strong>no reembolsable<\/strong> bajo ninguna circunstancia.<\/p>\n<p>Su contribuci\u00f3n nos ayuda a proporcionar refugio, atenci\u00f3n m\u00e9dica y una segunda oportunidad a innumerables mascotas.<\/p>\n<p>Haga clic en <a href=\"https:\/\/adltexas.org\/es\/schedule-a-tour\/\">aqu\u00ed<\/a> para concertar una visita.<\/p>\n<p>&nbsp;<\/p>","protected":false},"excerpt":{"rendered":"<p>At the Animal Defense League of Texas, we\u2019re passionate about inspiring responsible pet ownership and building a community of animal advocates! That\u2019s why we offer educational tours of our campus . . .<\/p>","protected":false},"author":1001037,"featured_media":190682,"parent":0,"menu_order":0,"comment_status":"open","ping_status":"closed","template":"","meta":{"_acf_changed":false,"inline_featured_image":false,"_exactmetrics_skip_tracking":false,"_exactmetrics_sitenote_active":false,"_exactmetrics_sitenote_note":"","_exactmetrics_sitenote_category":0,"footnotes":""},"class_list":["post-133","page","type-page","status-publish","has-post-thumbnail"],"acf":[],"yoast_head":"<!-- This site is optimized with the Yoast SEO plugin v27.4 - https:\/\/yoast.com\/product\/yoast-seo-wordpress\/ -->\n<title>Tour our Campus! - Animal Defense League of Texas - San Antonio<\/title>\n<meta name=\"robots\" content=\"index, follow, max-snippet:-1, max-image-preview:large, max-video-preview:-1\" \/>\n<link rel=\"canonical\" href=\"https:\/\/adltexas.org\/es\/tour\/\" \/>\n<meta property=\"og:locale\" content=\"es_MX\" \/>\n<meta property=\"og:type\" content=\"article\" \/>\n<meta property=\"og:title\" content=\"Tour our Campus! - Animal Defense League of Texas - San Antonio\" \/>\n<meta property=\"og:description\" content=\"At the Animal Defense League of Texas, we\u2019re passionate about inspiring responsible pet ownership and building a community of animal advocates! That\u2019s why we offer educational tours of our campus . . .\" \/>\n<meta property=\"og:url\" content=\"https:\/\/adltexas.org\/es\/tour\/\" \/>\n<meta property=\"og:site_name\" content=\"Animal Defense League of Texas - San Antonio\" \/>\n<meta property=\"article:publisher\" content=\"https:\/\/www.facebook.com\/adltexas\/\" \/>\n<meta property=\"article:modified_time\" content=\"2025-03-31T22:00:51+00:00\" \/>\n<meta property=\"og:image\" content=\"https:\/\/adltexas.org\/wp-content\/uploads\/2025\/02\/RZM7929-2.jpg\" \/>\n\t<meta property=\"og:image:width\" content=\"1852\" \/>\n\t<meta property=\"og:image:height\" content=\"457\" \/>\n\t<meta property=\"og:image:type\" content=\"image\/jpeg\" \/>\n<meta name=\"twitter:card\" content=\"summary_large_image\" \/>\n<meta name=\"twitter:site\" content=\"@ADLofTX\" \/>\n<meta name=\"twitter:label1\" content=\"Est. reading time\" \/>\n\t<meta name=\"twitter:data1\" content=\"2 minutos\" \/>\n<script type=\"application\/ld+json\" class=\"yoast-schema-graph\">{\"@context\":\"https:\\\/\\\/schema.org\",\"@graph\":[{\"@type\":\"WebPage\",\"@id\":\"https:\\\/\\\/adltexas.org\\\/tour\\\/\",\"url\":\"https:\\\/\\\/adltexas.org\\\/tour\\\/\",\"name\":\"Tour our Campus! - Animal Defense League of Texas - San Antonio\",\"isPartOf\":{\"@id\":\"https:\\\/\\\/adltexas.org\\\/#website\"},\"primaryImageOfPage\":{\"@id\":\"https:\\\/\\\/adltexas.org\\\/tour\\\/#primaryimage\"},\"image\":{\"@id\":\"https:\\\/\\\/adltexas.org\\\/tour\\\/#primaryimage\"},\"thumbnailUrl\":\"https:\\\/\\\/i0.wp.com\\\/adltexas.org\\\/wp-content\\\/uploads\\\/2025\\\/02\\\/RZM7929-2.jpg?fit=1852%2C457&ssl=1\",\"datePublished\":\"2012-03-09T22:12:58+00:00\",\"dateModified\":\"2025-03-31T22:00:51+00:00\",\"breadcrumb\":{\"@id\":\"https:\\\/\\\/adltexas.org\\\/tour\\\/#breadcrumb\"},\"inLanguage\":\"es\",\"potentialAction\":[{\"@type\":\"ReadAction\",\"target\":[\"https:\\\/\\\/adltexas.org\\\/tour\\\/\"]}]},{\"@type\":\"ImageObject\",\"inLanguage\":\"es\",\"@id\":\"https:\\\/\\\/adltexas.org\\\/tour\\\/#primaryimage\",\"url\":\"https:\\\/\\\/i0.wp.com\\\/adltexas.org\\\/wp-content\\\/uploads\\\/2025\\\/02\\\/RZM7929-2.jpg?fit=1852%2C457&ssl=1\",\"contentUrl\":\"https:\\\/\\\/i0.wp.com\\\/adltexas.org\\\/wp-content\\\/uploads\\\/2025\\\/02\\\/RZM7929-2.jpg?fit=1852%2C457&ssl=1\",\"width\":1852,\"height\":457},{\"@type\":\"BreadcrumbList\",\"@id\":\"https:\\\/\\\/adltexas.org\\\/tour\\\/#breadcrumb\",\"itemListElement\":[{\"@type\":\"ListItem\",\"position\":1,\"name\":\"Home\",\"item\":\"https:\\\/\\\/adltexas.org\\\/\"},{\"@type\":\"ListItem\",\"position\":2,\"name\":\"Tour our Campus!\"}]},{\"@type\":\"WebSite\",\"@id\":\"https:\\\/\\\/adltexas.org\\\/#website\",\"url\":\"https:\\\/\\\/adltexas.org\\\/\",\"name\":\"Animal Defense League of Texas - San Antonio\",\"description\":\"No Kill Animal Shelter, San Antonio, Texas\",\"publisher\":{\"@id\":\"https:\\\/\\\/adltexas.org\\\/#organization\"},\"potentialAction\":[{\"@type\":\"SearchAction\",\"target\":{\"@type\":\"EntryPoint\",\"urlTemplate\":\"https:\\\/\\\/adltexas.org\\\/?s={search_term_string}\"},\"query-input\":{\"@type\":\"PropertyValueSpecification\",\"valueRequired\":true,\"valueName\":\"search_term_string\"}}],\"inLanguage\":\"es\"},{\"@type\":\"Organization\",\"@id\":\"https:\\\/\\\/adltexas.org\\\/#organization\",\"name\":\"Animal Defense League of Texas\",\"url\":\"https:\\\/\\\/adltexas.org\\\/\",\"logo\":{\"@type\":\"ImageObject\",\"inLanguage\":\"es\",\"@id\":\"https:\\\/\\\/adltexas.org\\\/#\\\/schema\\\/logo\\\/image\\\/\",\"url\":\"https:\\\/\\\/i0.wp.com\\\/adltexas.org\\\/wp-content\\\/uploads\\\/2016\\\/05\\\/adl-logo-ty.gif?fit=140%2C140&ssl=1\",\"contentUrl\":\"https:\\\/\\\/i0.wp.com\\\/adltexas.org\\\/wp-content\\\/uploads\\\/2016\\\/05\\\/adl-logo-ty.gif?fit=140%2C140&ssl=1\",\"width\":140,\"height\":140,\"caption\":\"Animal Defense League of Texas\"},\"image\":{\"@id\":\"https:\\\/\\\/adltexas.org\\\/#\\\/schema\\\/logo\\\/image\\\/\"},\"sameAs\":[\"https:\\\/\\\/www.facebook.com\\\/adltexas\\\/\",\"https:\\\/\\\/x.com\\\/ADLofTX\",\"https:\\\/\\\/www.instagram.com\\\/animaldefenseleague\\\/\",\"https:\\\/\\\/www.linkedin.com\\\/company\\\/animal-defense-league\\\/\",\"https:\\\/\\\/www.youtube.com\\\/user\\\/adoptADL\"]}]}<\/script>\n<!-- \/ Yoast SEO plugin. -->","yoast_head_json":{"title":"Tour our Campus! - Animal Defense League of Texas - San Antonio","robots":{"index":"index","follow":"follow","max-snippet":"max-snippet:-1","max-image-preview":"max-image-preview:large","max-video-preview":"max-video-preview:-1"},"canonical":"https:\/\/adltexas.org\/es\/tour\/","og_locale":"es_MX","og_type":"article","og_title":"Tour our Campus! - Animal Defense League of Texas - San Antonio","og_description":"At the Animal Defense League of Texas, we\u2019re passionate about inspiring responsible pet ownership and building a community of animal advocates! That\u2019s why we offer educational tours of our campus . . .","og_url":"https:\/\/adltexas.org\/es\/tour\/","og_site_name":"Animal Defense League of Texas - San Antonio","article_publisher":"https:\/\/www.facebook.com\/adltexas\/","article_modified_time":"2025-03-31T22:00:51+00:00","og_image":[{"width":1852,"height":457,"url":"https:\/\/adltexas.org\/wp-content\/uploads\/2025\/02\/RZM7929-2.jpg","type":"image\/jpeg"}],"twitter_card":"summary_large_image","twitter_site":"@ADLofTX","twitter_misc":{"Est. reading time":"2 minutos"},"schema":{"@context":"https:\/\/schema.org","@graph":[{"@type":"WebPage","@id":"https:\/\/adltexas.org\/tour\/","url":"https:\/\/adltexas.org\/tour\/","name":"Tour our Campus! - Animal Defense League of Texas - San Antonio","isPartOf":{"@id":"https:\/\/adltexas.org\/#website"},"primaryImageOfPage":{"@id":"https:\/\/adltexas.org\/tour\/#primaryimage"},"image":{"@id":"https:\/\/adltexas.org\/tour\/#primaryimage"},"thumbnailUrl":"https:\/\/i0.wp.com\/adltexas.org\/wp-content\/uploads\/2025\/02\/RZM7929-2.jpg?fit=1852%2C457&ssl=1","datePublished":"2012-03-09T22:12:58+00:00","dateModified":"2025-03-31T22:00:51+00:00","breadcrumb":{"@id":"https:\/\/adltexas.org\/tour\/#breadcrumb"},"inLanguage":"es","potentialAction":[{"@type":"ReadAction","target":["https:\/\/adltexas.org\/tour\/"]}]},{"@type":"ImageObject","inLanguage":"es","@id":"https:\/\/adltexas.org\/tour\/#primaryimage","url":"https:\/\/i0.wp.com\/adltexas.org\/wp-content\/uploads\/2025\/02\/RZM7929-2.jpg?fit=1852%2C457&ssl=1","contentUrl":"https:\/\/i0.wp.com\/adltexas.org\/wp-content\/uploads\/2025\/02\/RZM7929-2.jpg?fit=1852%2C457&ssl=1","width":1852,"height":457},{"@type":"BreadcrumbList","@id":"https:\/\/adltexas.org\/tour\/#breadcrumb","itemListElement":[{"@type":"ListItem","position":1,"name":"Home","item":"https:\/\/adltexas.org\/"},{"@type":"ListItem","position":2,"name":"Tour our Campus!"}]},{"@type":"WebSite","@id":"https:\/\/adltexas.org\/#website","url":"https:\/\/adltexas.org\/","name":"Liga de Defensa Animal de Texas - San Antonio","description":"Refugio para animales sin sacrificio, San Antonio, Texas","publisher":{"@id":"https:\/\/adltexas.org\/#organization"},"potentialAction":[{"@type":"SearchAction","target":{"@type":"EntryPoint","urlTemplate":"https:\/\/adltexas.org\/?s={search_term_string}"},"query-input":{"@type":"PropertyValueSpecification","valueRequired":true,"valueName":"search_term_string"}}],"inLanguage":"es"},{"@type":"Organization","@id":"https:\/\/adltexas.org\/#organization","name":"Liga de Defensa de los Animales de Texas","url":"https:\/\/adltexas.org\/","logo":{"@type":"ImageObject","inLanguage":"es","@id":"https:\/\/adltexas.org\/#\/schema\/logo\/image\/","url":"https:\/\/i0.wp.com\/adltexas.org\/wp-content\/uploads\/2016\/05\/adl-logo-ty.gif?fit=140%2C140&ssl=1","contentUrl":"https:\/\/i0.wp.com\/adltexas.org\/wp-content\/uploads\/2016\/05\/adl-logo-ty.gif?fit=140%2C140&ssl=1","width":140,"height":140,"caption":"Animal Defense League of Texas"},"image":{"@id":"https:\/\/adltexas.org\/#\/schema\/logo\/image\/"},"sameAs":["https:\/\/www.facebook.com\/adltexas\/","https:\/\/x.com\/ADLofTX","https:\/\/www.instagram.com\/animaldefenseleague\/","https:\/\/www.linkedin.com\/company\/animal-defense-league\/","https:\/\/www.youtube.com\/user\/adoptADL"]}]}},"_links":{"self":[{"href":"https:\/\/adltexas.org\/es\/wp-json\/wp\/v2\/pages\/133","targetHints":{"allow":["GET"]}}],"collection":[{"href":"https:\/\/adltexas.org\/es\/wp-json\/wp\/v2\/pages"}],"about":[{"href":"https:\/\/adltexas.org\/es\/wp-json\/wp\/v2\/types\/page"}],"author":[{"embeddable":true,"href":"https:\/\/adltexas.org\/es\/wp-json\/wp\/v2\/users\/1001037"}],"replies":[{"embeddable":true,"href":"https:\/\/adltexas.org\/es\/wp-json\/wp\/v2\/comments?post=133"}],"version-history":[{"count":0,"href":"https:\/\/adltexas.org\/es\/wp-json\/wp\/v2\/pages\/133\/revisions"}],"wp:featuredmedia":[{"embeddable":true,"href":"https:\/\/adltexas.org\/es\/wp-json\/wp\/v2\/media\/190682"}],"wp:attachment":[{"href":"https:\/\/adltexas.org\/es\/wp-json\/wp\/v2\/media?parent=133"}],"curies":[{"name":"wp","href":"https:\/\/api.w.org\/{rel}","templated":true}]}}