{"id":114,"date":"2012-03-09T21:58:49","date_gmt":"2012-03-09T21:58:49","guid":{"rendered":"http:\/\/adltexas.wpengine.com\/?page_id=114"},"modified":"2025-01-15T14:18:16","modified_gmt":"2025-01-15T20:18:16","slug":"donation-wishlist","status":"publish","type":"page","link":"https:\/\/adltexas.org\/es\/donation-wishlist\/","title":{"rendered":"Lista de donaciones"},"content":{"rendered":"<h2>Donaciones<\/h2>\n<p>Como refugio de animales sin \u00e1nimo de lucro que toca las vidas de miles de perros y gatos cada a\u00f1o, se necesita un flujo continuo de suministros y habilidades para proporcionar la comida y el cuidado que cada animal merece. Echa un vistazo a nuestra lista de art\u00edculos relacionados con mascotas que siempre podemos utilizar.<\/p>\n<h3>Tenemos dos puestos de donaci\u00f3n.<\/h3>\n<p>Una est\u00e1 en el aparcamiento del centro de adopci\u00f3n de nuestro campus de Nacogdoches en <a href=\"https:\/\/goo.gl\/maps\/WHEZk997CKF2\">11300 Nacogdoches Rd.\u00a0<\/a>Tambi\u00e9n tenemos una segunda estaci\u00f3n de donaci\u00f3n dentro del Campus Paul Jolly situado en <a href=\"https:\/\/goo.gl\/maps\/D9aZN7Xvzs52\">210 Tuleta Dr<\/a>. Abrimos todos los d\u00edas de 11.00 a 19.00 horas en ambas sedes. Puede dejar sus donaciones en cualquier momento entre esas horas.<\/p>\n<div id=\"attachment_49687\" style=\"width: 518px\" class=\"wp-caption alignnone\"><a href=\"https:\/\/i0.wp.com\/adltexas.org\/wp-content\/uploads\/2019\/09\/Donation-station-adl-main-campus.jpg?ssl=1\" data-rel=\"lightbox-image-0\" data-rl_title=\"\" data-rl_caption=\"\" title=\"\"><img data-recalc-dims=\"1\" loading=\"lazy\" decoding=\"async\" aria-describedby=\"caption-attachment-49687\" class=\"wp-image-49687\" src=\"https:\/\/i0.wp.com\/adltexas.org\/wp-content\/uploads\/2019\/09\/Donation-station-adl-main-campus.jpg?resize=508%2C288&#038;ssl=1\" alt=\"Animal Defense League's Main Campus Donation Station\" width=\"508\" height=\"288\" \/><\/a><p id=\"caption-attachment-49687\" class=\"wp-caption-text\">Estaci\u00f3n de Donaci\u00f3n de ADL en nuestro Campus de Nacogdoches en Nacogdoches Rd.<\/p><\/div>\n<h3><a href=\"https:\/\/i0.wp.com\/adltexas.org\/wp-content\/uploads\/2018\/11\/puppy-pad-donations.jpg?ssl=1\" data-rel=\"lightbox-image-1\" data-rl_title=\"\" data-rl_caption=\"\" title=\"\"><img data-recalc-dims=\"1\" loading=\"lazy\" decoding=\"async\" class=\"wp-image-46132 alignleft\" src=\"https:\/\/i0.wp.com\/adltexas.org\/wp-content\/uploads\/2018\/11\/puppy-pad-donations.jpg?resize=136%2C152&#038;ssl=1\" alt=\"Puppy Pads needed\" width=\"136\" height=\"152\" \/><\/a><\/h3>\n<p>NECESIDADES URGENTES ACTUALES:<\/p>\n<p><strong>Comida en lata para perros, comida en lata para gatos<\/strong><br \/>\nMantas, golosinas para perros, juguetes KONG XL, biberones, KMR (1er paso), Esbilac para cachorros, almohadillas para cachorros, tetinas Miracle, b\u00e1sculas para alimentos, almohadillas t\u00e9rmicas y discos calentadores.<\/p>\n<p>Visite nuestro <a href=\"https:\/\/www.amazon.com\/hz\/wishlist\/ls\/26XVZE4ASE75D?ref_=wl_share\">Lista de deseos de Amazon para necesidades urgentes de Foster<\/a> o nuestro <a href=\"https:\/\/www.chewy.com\/g\/animal-defense-league-of-texas_b82771857#wish-list&amp;wishlistsortby=DEFAULT\" target=\"_blank\" rel=\"noopener\">Lista de deseos de Chewy<\/a> para comprar f\u00e1cilmente los productos que necesitamos y recibirlos directamente en los animales.<\/p>\n<h3>Art\u00edculos que siempre podemos utilizar<\/h3>\n<table id=\"table3\" style=\"width: 100%;\" border=\"0\" cellpadding=\"2\">\n<tbody>\n<tr>\n<td align=\"left\" valign=\"top\" bgcolor=\"#fffde4\" width=\"50%\">\n<h5>Necesidades generales<\/h5>\n<ul>\n<li>Toallas de papel<\/li>\n<li>Toallas de ba\u00f1o<\/li>\n<li>Desinfectante de manos<\/li>\n<li>Lej\u00eda<\/li>\n<li>Jab\u00f3n l\u00edquido lavavajillas Dawn<\/li>\n<li>Windex<\/li>\n<li>Vinagre<\/li>\n<li>Bolsas de basura (33 galones)<\/li>\n<li>Escobas y fregonas de hilo - Nuevas o poco usadas<\/li>\n<li>Papel de copia<\/li>\n<li>Cortac\u00e9spedes y bordeadoras<\/li>\n<li>Desbrozadoras y cortac\u00e9spedes<\/li>\n<li>S\u00e1banas<\/li>\n<li>Botellas de spray<\/li>\n<\/ul>\n<p><!---\n \t\n\n<li>Sheets and Towels<\/li>\n\n\n---><\/td>\n<td align=\"left\" valign=\"top\" bgcolor=\"#fffde4\" width=\"50%\">\n<h5>Mascotas<\/h5>\n<ul>\n<li>KONG y juguetes de \"pl\u00e1stico duro<\/li>\n<li>Correas de 6 pies y collares Martingale<\/li>\n<li>Toallitas para beb\u00e9s (sin perfume)<\/li>\n<li>Juguetes para perros y gatos (nuevos o usados y limpios)<\/li>\n<li>Juguetes para cachorros y gatitos (nuevos o poco usados y limpios)<\/li>\n<li>Golosinas para perros y gatos (sin abrir)<\/li>\n<li>Almohadillas de adiestramiento para cachorros<\/li>\n<li>Nebulizadores<\/li>\n<li>Esbilac Puppy Formula (sin abrir)<\/li>\n<li>KMR Kitten Milk Replacement (sin abrir)<\/li>\n<li>Piscinas infantiles de pl\u00e1stico<\/li>\n<li>H-E-B Pate-Style Comida H\u00fameda<\/li>\n<li>Camas para perros (nuevas o poco usadas y limpias)<\/li>\n<li>Jaulas para mascotas<\/li>\n<\/ul>\n<p><!---\n \t\n\n<li>Blankets (any size new or gently used &amp; clean)<\/li>\n\n\n---><\/td>\n<\/tr>\n<\/tbody>\n<\/table>\n<h3>Art\u00edculos que no podemos utilizar porque pueden causar da\u00f1os a las mascotas<\/h3>\n<table id=\"table3\" style=\"width: 100%;\" border=\"0\" cellpadding=\"2\">\n<tbody>\n<tr>\n<td align=\"left\" valign=\"top\" bgcolor=\"#ffefef\" width=\"50%\">\n<h5>Por favor, no<\/h5>\n<ul>\n<li>Juguetes hechos a mano<\/li>\n<li>Toallas de mano<\/li>\n<li>Almohadas<\/li>\n<li>Edredones<\/li>\n<li>Cojines de asiento<\/li>\n<li>Cojines de sal\u00f3n<\/li>\n<li>F\u00f3rmula caducada<\/li>\n<\/ul>\n<\/td>\n<td align=\"left\" valign=\"top\" bgcolor=\"#ffefef\" width=\"50%\">\n<h5><\/h5>\n<ul>\n<li>Medicaci\u00f3n<\/li>\n<li>Sustituci\u00f3n de leche para mascotas caducada<\/li>\n<li>Casas para perros<\/li>\n<li>Bolsas\/contenedores de alimentos abiertos<\/li>\n<li>Papel triturado<\/li>\n<li>Cubrecolchones<\/li>\n<\/ul>\n<\/td>\n<\/tr>\n<\/tbody>\n<\/table>\n<h3>Compra en nuestra lista de deseos de Amazon<\/h3>\n<p>Compra en nuestra lista de deseos de Amazon y Amazon enviar\u00e1 tus donaciones directamente a nuestro refugio.<\/p>\n<p>Visite nuestras listas de deseos para ver lo que necesitamos:<\/p>\n<ul>\n<li><strong><a href=\"http:\/\/a.co\/ey9f2Ug\" target=\"_blank\" rel=\"noopener noreferrer\">Lista de necesidades urgentes<\/a><\/strong><\/li>\n<li><strong><a href=\"http:\/\/a.co\/hebcGsL\" target=\"_blank\" rel=\"noopener noreferrer\">Necesidades cotidianas<\/a><\/strong><\/li>\n<li><strong><a href=\"http:\/\/a.co\/i3xu9wq\" target=\"_blank\" rel=\"noopener noreferrer\">Lista de deseos de acogida<\/a><\/strong><\/li>\n<li><strong><a href=\"http:\/\/a.co\/eTFXqj4\" target=\"_blank\" rel=\"noopener noreferrer\">Juguetes y enriquecimiento<\/a><\/strong><\/li>\n<\/ul>\n<h3>\u00a1Compra en nuestra nueva lista de deseos CUDDLY!<\/h3>\n<h3><img data-recalc-dims=\"1\" loading=\"lazy\" decoding=\"async\" class=\"alignnone wp-image-150775\" src=\"https:\/\/i0.wp.com\/adltexas.org\/wp-content\/uploads\/2023\/02\/1.png?resize=401%2C336&#038;ssl=1\" alt=\"\" width=\"401\" height=\"336\" srcset=\"https:\/\/i0.wp.com\/adltexas.org\/wp-content\/uploads\/2023\/02\/1.png?w=940&amp;ssl=1 940w, https:\/\/i0.wp.com\/adltexas.org\/wp-content\/uploads\/2023\/02\/1.png?resize=300%2C251&amp;ssl=1 300w, https:\/\/i0.wp.com\/adltexas.org\/wp-content\/uploads\/2023\/02\/1.png?resize=768%2C644&amp;ssl=1 768w, https:\/\/i0.wp.com\/adltexas.org\/wp-content\/uploads\/2023\/02\/1.png?resize=460%2C386&amp;ssl=1 460w\" sizes=\"auto, (max-width: 401px) 100vw, 401px\" \/><\/h3>\n<p><a href=\"https:\/\/cuddly.com\/pantry\/4919303\/wishlist-for-shelter-pets\">Lista de peluches de la ADL<\/a><\/p>\n<p>CUDDLY es una plataforma de recaudaci\u00f3n de fondos y listas de deseos que env\u00eda ayuda y suministros muy necesarios a rescates de animales sin \u00e1nimo de lucro verificados 501(c)(3) con la intenci\u00f3n de ayudar al mayor n\u00famero posible de animales.<\/p>\n<h3>Habilidades en especie<\/h3>\n<p><strong>\u00bfTienes alguna habilidad?<\/strong><br \/>\nSuscriba uno de los siguientes servicios para contribuir al mantenimiento f\u00edsico de nuestros amigos de cuatro patas:<\/p>\n<ul>\n<li>Carpinter\u00eda<\/li>\n<li>Jardiner\u00eda<\/li>\n<li>Trabajos de alba\u00f1iler\u00eda<\/li>\n<li>Pintura<\/li>\n<li>Fontaner\u00eda<\/li>\n<li>Tejados<\/li>\n<li>HVAC<\/li>\n<\/ul>","protected":false},"excerpt":{"rendered":"<p>Donations As a nonprofit animal shelter that touches the lives of thousands of dogs and cats each year, it takes a continuous stream of supplies and skills to provide the . . .<\/p>","protected":false},"author":1001021,"featured_media":0,"parent":0,"menu_order":0,"comment_status":"open","ping_status":"closed","template":"","meta":{"_acf_changed":false,"inline_featured_image":false,"_exactmetrics_skip_tracking":false,"_exactmetrics_sitenote_active":false,"_exactmetrics_sitenote_note":"","_exactmetrics_sitenote_category":0,"footnotes":""},"class_list":["post-114","page","type-page","status-publish"],"acf":[],"yoast_head":"<!-- This site is optimized with the Yoast SEO plugin v27.3 - https:\/\/yoast.com\/product\/yoast-seo-wordpress\/ -->\n<title>Donation Wishlist - Animal Defense League of Texas - San Antonio<\/title>\n<meta name=\"robots\" content=\"index, follow, max-snippet:-1, max-image-preview:large, max-video-preview:-1\" \/>\n<link rel=\"canonical\" href=\"https:\/\/adltexas.org\/es\/donation-wishlist\/\" \/>\n<meta property=\"og:locale\" content=\"es_MX\" \/>\n<meta property=\"og:type\" content=\"article\" \/>\n<meta property=\"og:title\" content=\"Donation Wishlist - Animal Defense League of Texas - San Antonio\" \/>\n<meta property=\"og:description\" content=\"Donations As a nonprofit animal shelter that touches the lives of thousands of dogs and cats each year, it takes a continuous stream of supplies and skills to provide the . . .\" \/>\n<meta property=\"og:url\" content=\"https:\/\/adltexas.org\/es\/donation-wishlist\/\" \/>\n<meta property=\"og:site_name\" content=\"Animal Defense League of Texas - San Antonio\" \/>\n<meta property=\"article:publisher\" content=\"https:\/\/www.facebook.com\/adltexas\/\" \/>\n<meta property=\"article:modified_time\" content=\"2025-01-15T20:18:16+00:00\" \/>\n<meta property=\"og:image\" content=\"https:\/\/adltexas.org\/wp-content\/uploads\/2019\/09\/Donation-station-adl-main-campus.jpg\" \/>\n<meta name=\"twitter:card\" content=\"summary_large_image\" \/>\n<meta name=\"twitter:site\" content=\"@ADLofTX\" \/>\n<meta name=\"twitter:label1\" content=\"Est. reading time\" \/>\n\t<meta name=\"twitter:data1\" content=\"3 minutos\" \/>\n<script type=\"application\/ld+json\" class=\"yoast-schema-graph\">{\"@context\":\"https:\\\/\\\/schema.org\",\"@graph\":[{\"@type\":\"WebPage\",\"@id\":\"https:\\\/\\\/adltexas.org\\\/donation-wishlist\\\/\",\"url\":\"https:\\\/\\\/adltexas.org\\\/donation-wishlist\\\/\",\"name\":\"Donation Wishlist - Animal Defense League of Texas - San Antonio\",\"isPartOf\":{\"@id\":\"https:\\\/\\\/adltexas.org\\\/#website\"},\"primaryImageOfPage\":{\"@id\":\"https:\\\/\\\/adltexas.org\\\/donation-wishlist\\\/#primaryimage\"},\"image\":{\"@id\":\"https:\\\/\\\/adltexas.org\\\/donation-wishlist\\\/#primaryimage\"},\"thumbnailUrl\":\"https:\\\/\\\/adltexas.org\\\/wp-content\\\/uploads\\\/2019\\\/09\\\/Donation-station-adl-main-campus.jpg\",\"datePublished\":\"2012-03-09T21:58:49+00:00\",\"dateModified\":\"2025-01-15T20:18:16+00:00\",\"breadcrumb\":{\"@id\":\"https:\\\/\\\/adltexas.org\\\/donation-wishlist\\\/#breadcrumb\"},\"inLanguage\":\"es\",\"potentialAction\":[{\"@type\":\"ReadAction\",\"target\":[\"https:\\\/\\\/adltexas.org\\\/donation-wishlist\\\/\"]}]},{\"@type\":\"ImageObject\",\"inLanguage\":\"es\",\"@id\":\"https:\\\/\\\/adltexas.org\\\/donation-wishlist\\\/#primaryimage\",\"url\":\"https:\\\/\\\/adltexas.org\\\/wp-content\\\/uploads\\\/2019\\\/09\\\/Donation-station-adl-main-campus.jpg\",\"contentUrl\":\"https:\\\/\\\/adltexas.org\\\/wp-content\\\/uploads\\\/2019\\\/09\\\/Donation-station-adl-main-campus.jpg\"},{\"@type\":\"BreadcrumbList\",\"@id\":\"https:\\\/\\\/adltexas.org\\\/donation-wishlist\\\/#breadcrumb\",\"itemListElement\":[{\"@type\":\"ListItem\",\"position\":1,\"name\":\"Home\",\"item\":\"https:\\\/\\\/adltexas.org\\\/\"},{\"@type\":\"ListItem\",\"position\":2,\"name\":\"Donation Wishlist\"}]},{\"@type\":\"WebSite\",\"@id\":\"https:\\\/\\\/adltexas.org\\\/#website\",\"url\":\"https:\\\/\\\/adltexas.org\\\/\",\"name\":\"Animal Defense League of Texas - San Antonio\",\"description\":\"No Kill Animal Shelter, San Antonio, Texas\",\"publisher\":{\"@id\":\"https:\\\/\\\/adltexas.org\\\/#organization\"},\"potentialAction\":[{\"@type\":\"SearchAction\",\"target\":{\"@type\":\"EntryPoint\",\"urlTemplate\":\"https:\\\/\\\/adltexas.org\\\/?s={search_term_string}\"},\"query-input\":{\"@type\":\"PropertyValueSpecification\",\"valueRequired\":true,\"valueName\":\"search_term_string\"}}],\"inLanguage\":\"es\"},{\"@type\":\"Organization\",\"@id\":\"https:\\\/\\\/adltexas.org\\\/#organization\",\"name\":\"Animal Defense League of Texas\",\"url\":\"https:\\\/\\\/adltexas.org\\\/\",\"logo\":{\"@type\":\"ImageObject\",\"inLanguage\":\"es\",\"@id\":\"https:\\\/\\\/adltexas.org\\\/#\\\/schema\\\/logo\\\/image\\\/\",\"url\":\"https:\\\/\\\/i0.wp.com\\\/adltexas.org\\\/wp-content\\\/uploads\\\/2016\\\/05\\\/adl-logo-ty.gif?fit=140%2C140&ssl=1\",\"contentUrl\":\"https:\\\/\\\/i0.wp.com\\\/adltexas.org\\\/wp-content\\\/uploads\\\/2016\\\/05\\\/adl-logo-ty.gif?fit=140%2C140&ssl=1\",\"width\":140,\"height\":140,\"caption\":\"Animal Defense League of Texas\"},\"image\":{\"@id\":\"https:\\\/\\\/adltexas.org\\\/#\\\/schema\\\/logo\\\/image\\\/\"},\"sameAs\":[\"https:\\\/\\\/www.facebook.com\\\/adltexas\\\/\",\"https:\\\/\\\/x.com\\\/ADLofTX\",\"https:\\\/\\\/www.instagram.com\\\/animaldefenseleague\\\/\",\"https:\\\/\\\/www.linkedin.com\\\/company\\\/animal-defense-league\\\/\",\"https:\\\/\\\/www.youtube.com\\\/user\\\/adoptADL\"]}]}<\/script>\n<!-- \/ Yoast SEO plugin. -->","yoast_head_json":{"title":"Donation Wishlist - Animal Defense League of Texas - San Antonio","robots":{"index":"index","follow":"follow","max-snippet":"max-snippet:-1","max-image-preview":"max-image-preview:large","max-video-preview":"max-video-preview:-1"},"canonical":"https:\/\/adltexas.org\/es\/donation-wishlist\/","og_locale":"es_MX","og_type":"article","og_title":"Donation Wishlist - Animal Defense League of Texas - San Antonio","og_description":"Donations As a nonprofit animal shelter that touches the lives of thousands of dogs and cats each year, it takes a continuous stream of supplies and skills to provide the . . .","og_url":"https:\/\/adltexas.org\/es\/donation-wishlist\/","og_site_name":"Animal Defense League of Texas - San Antonio","article_publisher":"https:\/\/www.facebook.com\/adltexas\/","article_modified_time":"2025-01-15T20:18:16+00:00","og_image":[{"url":"https:\/\/adltexas.org\/wp-content\/uploads\/2019\/09\/Donation-station-adl-main-campus.jpg","type":"","width":"","height":""}],"twitter_card":"summary_large_image","twitter_site":"@ADLofTX","twitter_misc":{"Est. reading time":"3 minutos"},"schema":{"@context":"https:\/\/schema.org","@graph":[{"@type":"WebPage","@id":"https:\/\/adltexas.org\/donation-wishlist\/","url":"https:\/\/adltexas.org\/donation-wishlist\/","name":"Donation Wishlist - Animal Defense League of Texas - San Antonio","isPartOf":{"@id":"https:\/\/adltexas.org\/#website"},"primaryImageOfPage":{"@id":"https:\/\/adltexas.org\/donation-wishlist\/#primaryimage"},"image":{"@id":"https:\/\/adltexas.org\/donation-wishlist\/#primaryimage"},"thumbnailUrl":"https:\/\/adltexas.org\/wp-content\/uploads\/2019\/09\/Donation-station-adl-main-campus.jpg","datePublished":"2012-03-09T21:58:49+00:00","dateModified":"2025-01-15T20:18:16+00:00","breadcrumb":{"@id":"https:\/\/adltexas.org\/donation-wishlist\/#breadcrumb"},"inLanguage":"es","potentialAction":[{"@type":"ReadAction","target":["https:\/\/adltexas.org\/donation-wishlist\/"]}]},{"@type":"ImageObject","inLanguage":"es","@id":"https:\/\/adltexas.org\/donation-wishlist\/#primaryimage","url":"https:\/\/adltexas.org\/wp-content\/uploads\/2019\/09\/Donation-station-adl-main-campus.jpg","contentUrl":"https:\/\/adltexas.org\/wp-content\/uploads\/2019\/09\/Donation-station-adl-main-campus.jpg"},{"@type":"BreadcrumbList","@id":"https:\/\/adltexas.org\/donation-wishlist\/#breadcrumb","itemListElement":[{"@type":"ListItem","position":1,"name":"Home","item":"https:\/\/adltexas.org\/"},{"@type":"ListItem","position":2,"name":"Donation Wishlist"}]},{"@type":"WebSite","@id":"https:\/\/adltexas.org\/#website","url":"https:\/\/adltexas.org\/","name":"Liga de Defensa Animal de Texas - San Antonio","description":"Refugio para animales sin sacrificio, San Antonio, Texas","publisher":{"@id":"https:\/\/adltexas.org\/#organization"},"potentialAction":[{"@type":"SearchAction","target":{"@type":"EntryPoint","urlTemplate":"https:\/\/adltexas.org\/?s={search_term_string}"},"query-input":{"@type":"PropertyValueSpecification","valueRequired":true,"valueName":"search_term_string"}}],"inLanguage":"es"},{"@type":"Organization","@id":"https:\/\/adltexas.org\/#organization","name":"Liga de Defensa de los Animales de Texas","url":"https:\/\/adltexas.org\/","logo":{"@type":"ImageObject","inLanguage":"es","@id":"https:\/\/adltexas.org\/#\/schema\/logo\/image\/","url":"https:\/\/i0.wp.com\/adltexas.org\/wp-content\/uploads\/2016\/05\/adl-logo-ty.gif?fit=140%2C140&ssl=1","contentUrl":"https:\/\/i0.wp.com\/adltexas.org\/wp-content\/uploads\/2016\/05\/adl-logo-ty.gif?fit=140%2C140&ssl=1","width":140,"height":140,"caption":"Animal Defense League of Texas"},"image":{"@id":"https:\/\/adltexas.org\/#\/schema\/logo\/image\/"},"sameAs":["https:\/\/www.facebook.com\/adltexas\/","https:\/\/x.com\/ADLofTX","https:\/\/www.instagram.com\/animaldefenseleague\/","https:\/\/www.linkedin.com\/company\/animal-defense-league\/","https:\/\/www.youtube.com\/user\/adoptADL"]}]}},"_links":{"self":[{"href":"https:\/\/adltexas.org\/es\/wp-json\/wp\/v2\/pages\/114","targetHints":{"allow":["GET"]}}],"collection":[{"href":"https:\/\/adltexas.org\/es\/wp-json\/wp\/v2\/pages"}],"about":[{"href":"https:\/\/adltexas.org\/es\/wp-json\/wp\/v2\/types\/page"}],"author":[{"embeddable":true,"href":"https:\/\/adltexas.org\/es\/wp-json\/wp\/v2\/users\/1001021"}],"replies":[{"embeddable":true,"href":"https:\/\/adltexas.org\/es\/wp-json\/wp\/v2\/comments?post=114"}],"version-history":[{"count":0,"href":"https:\/\/adltexas.org\/es\/wp-json\/wp\/v2\/pages\/114\/revisions"}],"wp:attachment":[{"href":"https:\/\/adltexas.org\/es\/wp-json\/wp\/v2\/media?parent=114"}],"curies":[{"name":"wp","href":"https:\/\/api.w.org\/{rel}","templated":true}]}}